{"id":792,"date":"2023-03-27T13:48:46","date_gmt":"2023-03-27T11:48:46","guid":{"rendered":"https:\/\/chamarrel.live\/nos-produits\/sin%20categor\u00eda\/savon-de-marseille-olive\/"},"modified":"2025-02-24T18:26:19","modified_gmt":"2025-02-24T17:26:19","slug":"savon-de-marseille-olive","status":"publish","type":"product","link":"http:\/\/preprod.chamarrel.fr\/es\/nuestros-productos\/cosmetique-solide-es\/savons-solides-es\/savon-de-marseille-olive\/","title":{"rendered":"SAVON DE MARSEILLE | OLIVE"},"content":{"rendered":"<p>Savon \u00e0 l\u2019huile d\u2019olive, confectionn\u00e9 sous la responsabilit\u00e9 d\u2019un ma\u00eetre savonnier, \u00e0 chaud, selon des m\u00e9thodes anciennes. Savon sans colorant, sans conservateur, sans parfum.<\/p>\n<p>PURE OLIVE* : Garanti sans huile de palme<br \/>\n* peut contenir jusqu&#8217;\u00e0 20% d&#8217;huile de coco (hors hiver)<\/p>\n<p>Aspect : Pain solide<br \/>\nCouleur : Vert<br \/>\nOdeur : Caract\u00e9ristique<br \/>\npH en solution (1%) : 9-11<br \/>\nUsage : Hygi\u00e8ne du corps \/ Entretien de la maison<\/p>\n<p><strong><em>Recommandations :<\/em><\/strong><br \/>\nEviter le contact avec les yeux.<br \/>\nLe produit est \u00e0 utiliser dilu\u00e9 avec de l\u2019eau et doit faire l\u2019objet d\u2019un rin\u00e7age soigneux \u00e0 l\u2019eau claire.<br \/>\nConserver le produit \u00e0 temp\u00e9rature ambiante.<br \/>\nEviter les temp\u00e9ratures extr\u00eames.<br \/>\nComposition INCI : Olea europaea fruit oil, Aqua, Sodium hydroxide, Sodium chloride<br \/>\nTraduction en fran\u00e7ais compr\u00e9hensible : Huile d&#8217;olive, Eau, Traces de soude extraite de sel marin<br \/>\nPURE OLIVE* : SANS HUILE DE PALME &#8211; *peut contenir jusqu&#8217;\u00e0 20% d&#8217;HUILE DE COCO (hors hiver)<\/p>\n<p><strong>A SAVOIR<\/strong><br \/>\nSavon de Marseille artisanal et authentique : qu\u2019est-ce que cela implique ?<\/p>\n<p>Le savon \u00e9tant authentique et artisanal, ne soyez pas surpris des \u00e9ventuels constats suivants :<\/p>\n<p><em><strong>Le poids du savon<\/strong><\/em><br \/>\nVotre cube de 300 grammes ne p\u00e8se que 270g ?! Pas de panique. Le poids du savon de Marseille est pris sur savon frais et fluctue ensuite sans cesse durant le s\u00e9chage.<br \/>\nLe savon de Marseille est sujet \u00e0 dessiccation, il se dess\u00e8che. Par cons\u00e9quent, \u00e0 mesure qu\u2019il s\u00e8che, il perd du poids. Au fil du temps l&#8217;eau s&#8217;\u00e9vapore. Selon son niveau de s\u00e9chage le savon peut donc peser de 5% \u00e0 environ 25% de moins que son poids frais (220g pour un savon de 300g).<br \/>\nVous n\u2019y perdez pas, au contraire ! Plus il s\u00e8che, meilleur il est, et plus son usage est \u00e9conomique.<\/p>\n<p><strong><em>Le degr\u00e9 de s\u00e9chage<\/em><\/strong><br \/>\nLe savon est produit \u00e0 flux tendu par la savonnerie Le S\u00e9rail. Son degr\u00e9 de s\u00e9chage varie en fonction de la date de production. Plus elle est r\u00e9cente, plus le savon sera \u00ab humide \u00bb.<\/p>\n<p>Vos savons vous semblent trop mous \u00e0 votre go\u00fbt ? Il vous suffit, \u00e0 r\u00e9ception, de le laisser s\u00e9cher \u00e0 l\u2019air libre. La m\u00e9t\u00e9o et notamment le taux d\u2019humidit\u00e9 ont \u00e9galement leur mot \u00e0 dire dans le processus de fabrication et de s\u00e9chage.<\/p>\n<p><strong><em>La pellicule blanche<\/em><\/strong><br \/>\nUne pellicule blanche est susceptible d\u2019apparaitre sur les savons non-raffin\u00e9s de qualit\u00e9 selon le taux d&#8217;humidit\u00e9. Non, non, ce n\u2019est pas de la moisissure.<\/p>\n<p>Elle r\u00e9sulte de la fabrication artisanale, et notamment du lavage de la p\u00e2te \u00e0 savon \u00e0 l\u2019eau sal\u00e9e. Si elle vous g\u00eane visuellement, il suffit de passer le savon sous l&#8217;eau et de le frotter pour la faire dispara\u00eetre. Mais n\u2019en soyez pas contrari\u00e9s, c\u2019est un gage de qualit\u00e9.<\/p>\n<p><em><strong>La couleur du savon de Marseille<\/strong><\/em><br \/>\nLa couleur du savon peut varier. En effet, selon la couleur des huiles utilis\u00e9es, plus ou moins fonc\u00e9es selon la production, la couleur du produit fini fluctue.<\/p>\n<p>De plus, \u00e0 mesure qu&#8217;il s\u00e8che, le savon de Marseille s&#8217;\u00e9clairci ou prend une autre teinte. Le savon de Marseille olive s&#8217;\u00e9claircit, tandis que le savon de Marseille \u00e0 l&#8217;huile de coco \u00e0 tendance \u00e0 devenir jaune orang\u00e9. Ces couleurs et leurs variations sont naturelles et propres aux savons artisanaux et non-raffin\u00e9s. N&#8217;en soyez donc pas surpris !<\/p>\n","protected":false},"excerpt":{"rendered":"<p>V\u00e9ritable Savon de Marseille cuit en chaudron \u00e0 l&#8217;ancienne.<br \/>\nFabriqu\u00e9 en France, \u00e0 Marseille.<br \/>\nVertus : hypoallerg\u00e9nique &amp; bact\u00e9ricide<br \/>\nIndiqu\u00e9 par les dermatologues particuli\u00e8rement pour les toilettes des peaux sensibles.<\/p>\n","protected":false},"featured_media":4997,"comment_status":"open","ping_status":"closed","template":"","meta":{"advanced_seo_description":"","jetpack_seo_html_title":"","jetpack_seo_noindex":false},"product_cat":[365,187,199,294],"product_tag":[361],"class_list":["post-792","product","type-product","status-publish","has-post-thumbnail","hentry","product_cat-export2lhdm-es","product_cat-cosmetique-solide-es","product_cat-savons-solides-es","product_cat-savon-de-marseille-es","product_tag-export2lhdm-es"],"acf":[],"_links":{"self":[{"href":"http:\/\/preprod.chamarrel.fr\/es\/wp-json\/wp\/v2\/product\/792","targetHints":{"allow":["GET"]}}],"collection":[{"href":"http:\/\/preprod.chamarrel.fr\/es\/wp-json\/wp\/v2\/product"}],"about":[{"href":"http:\/\/preprod.chamarrel.fr\/es\/wp-json\/wp\/v2\/types\/product"}],"replies":[{"embeddable":true,"href":"http:\/\/preprod.chamarrel.fr\/es\/wp-json\/wp\/v2\/comments?post=792"}],"wp:featuredmedia":[{"embeddable":true,"href":"http:\/\/preprod.chamarrel.fr\/es\/wp-json\/wp\/v2\/media\/4997"}],"wp:attachment":[{"href":"http:\/\/preprod.chamarrel.fr\/es\/wp-json\/wp\/v2\/media?parent=792"}],"wp:term":[{"taxonomy":"product_cat","embeddable":true,"href":"http:\/\/preprod.chamarrel.fr\/es\/wp-json\/wp\/v2\/product_cat?post=792"},{"taxonomy":"product_tag","embeddable":true,"href":"http:\/\/preprod.chamarrel.fr\/es\/wp-json\/wp\/v2\/product_tag?post=792"}],"curies":[{"name":"wp","href":"https:\/\/api.w.org\/{rel}","templated":true}]}}