{"id":761,"date":"2023-03-27T14:08:51","date_gmt":"2023-03-27T12:08:51","guid":{"rendered":"https:\/\/chamarrel.live\/nos-produits\/sin%20categor\u00eda\/loofah-brut\/"},"modified":"2025-10-26T11:14:36","modified_gmt":"2025-10-26T10:14:36","slug":"loofah-brut","status":"publish","type":"product","link":"http:\/\/preprod.chamarrel.fr\/es\/nuestros-productos\/accessoires-beaute-es\/luffa-loofah-es\/loofah-brut\/","title":{"rendered":"LOOFAH BRUT"},"content":{"rendered":"<p><strong>DESCRIPTION<\/strong><\/p>\n<p>V\u00e9ritable \u00e9ponge v\u00e9g\u00e9tale de la famille des cucurbitac\u00e9es.<\/p>\n<p>Loofah taille M.<br \/>\nLongueur : 15 cm.<br \/>\nDiam\u00e8tre : 10-12 cm<\/p>\n<p>Les dimensions donn\u00e9es sont approximatives, chaque courge \u00e9tant diff\u00e9rente.<br \/>\nLivr\u00e9 compress\u00e9, c\u2019est-\u00e0-dire aplati.<\/p>\n<p><em><strong>Pourquoi Chamarrel vend le loofah compress\u00e9 ?<img loading=\"lazy\" decoding=\"async\" class=\"alignleft wp-image-6135 size-full\" src=\"https:\/\/i0.wp.com\/preprod.chamarrel.fr\/wp-content\/uploads\/2023\/03\/Luffa-brut-Chamarrel-Loofah-naturel-vegetal.gif?resize=435%2C575\" alt=\"\" width=\"435\" height=\"575\" data-recalc-dims=\"1\" \/><\/strong><\/em><br \/>\nParce que le loofah compress\u00e9 \u00e0 un meilleur impact \u00e9cologique. Du fait de son volume 5 fois moins important, il y a une r\u00e9duction de l&#8217;impact \u00e9cologique et \u00e9conomique li\u00e9e \u00e0 son conditionnement et \u00e0 son transport. Recevoir un carton de livraison au lieu de 5 pour le m\u00eame nombre de loofahs, c\u2019est 4 cartons d\u2019emballage de moins, de la capacit\u00e9 et des frais de transport en moins. Cela s\u2019inscrit parfaitement dans les valeurs pr\u00f4n\u00e9es par Chamarrel.<\/p>\n<p><em><strong>Le loofah compress\u00e9 est-il moins beau ou moins qualitatif ?<\/strong><\/em><br \/>\nPas du tout !<br \/>\nLa qualit\u00e9 du loofah et de ses fibres est intacte. Il retrouve instantan\u00e9ment son plein volume d\u00e8s qu&#8217;il est plong\u00e9 dans l&#8217;eau (voir la vid\u00e9o ci-dessus).<br \/>\nCompress\u00e9 ou pas, \u00e9tant en vrac, le passage \u00e0 l\u2019eau est une \u00e9tape obligatoire pour la st\u00e9rilisation du loofah avant sa premi\u00e8re utilisation, alors autant favoriser l\u2019approche la plus \u00e9cologique !<\/p>\n<p>Produit naturel, brut, cultiv\u00e9 et fabriqu\u00e9 en Egypte (l\u00e0 o\u00f9 pousse la plante).<br \/>\nVendu compress\u00e9, en vrac, sans emballage ni blister.<\/p>\n<p><strong>USAGES ET ENTRETIEN<\/strong><\/p>\n<p><em>Utilisation comme fleur de douche<\/em><br \/>\nLes fibres du loofah (luffa, luffah) retiennent l\u2019eau et le savon, et plus elles sont humidifi\u00e9es, plus elles s\u2019assouplissent. Le pouvoir exfoliant du loofah \u00e9limine les peaux mortes et les impuret\u00e9s. Stimule la circulation sanguine et lutte contre la cellulite. Id\u00e9al pour le gommage des zones r\u00e9put\u00e9es s\u00e8ches tels que les coudes, les genoux ou les talons.<\/p>\n<p>Recommandations : mouillez le loofah et savonnez-le ; frotter ensuite le corps, puis rincer sous la douche.<\/p>\n<p><em>Utilisation comme \u00e9ponge d\u2019entretien<\/em><br \/>\nLes fibres naturelles du loofah sont suffisamment r\u00eaches pour bien nettoyer toutes les surfaces, mais pas assez pour les rayer. Le loofah fait par cons\u00e9quent office d\u2019\u00e9ponge pour nettoyer la vaisselle, le plan de travail ou encore la voiture, associ\u00e9 \u00e0 des produits naturels, tels que le savon de Marseille notamment.<\/p>\n<p>Avant la premi\u00e8re utilisation<br \/>\nIl est conseill\u00e9 de tremper le loofah une dizaine de minutes dans l&#8217;eau bouillante ou de le passer en machine (cycle chaud, 60\u00b0C). Une fois dans l\u2019eau, le loofah retrouvera instantan\u00e9ment et d\u00e9finitivement tout son volume. Il sera propre et sain, pr\u00eat \u00e0 l\u2019usage.<\/p>\n<p>Au quotidien<br \/>\nHumidifiez le loofah avant chaque usage afin d\u2019assouplir les fibres<\/p>\n<p>Apr\u00e8s usage<br \/>\nRincez le loofah \u00e0 l\u2019eau courante, secouez-le pour l\u2019\u00e9goutter, et laissez-le s\u00e9cher afin d\u2019\u00e9viter le d\u00e9veloppement de bact\u00e9ries dans ses fibres.<\/p>\n<p><em>Hygi\u00e8ne<\/em><br \/>\nAfin d\u2019utiliser votre loofah dans des conditions d\u2019hygi\u00e8ne toujours optimales, trempez-le une dizaine de minutes dans l\u2019eau bouillante une fois par semaine.<br \/>\nVotre loofah est \u00e9galement lavable en machine jusqu\u2019\u00e0 60\u00b0C.<\/p>\n<p><em>Astuce<\/em> : \u00e0 votre convenance, l\u2019usage de l\u2019huile essentielle de tea-tree (connue pour ses propri\u00e9t\u00e9s antibact\u00e9riennes) garantira \u00e0 votre loofah une hygi\u00e8ne irr\u00e9prochable. Dite \u00e0 large spectre, cette huile essentielle est active contre tous types de parasites, microbes et champignons.<\/p>\n<p><em>Renouvellement<\/em><br \/>\nTr\u00e8s durable, votre loofah peut \u00eatre conserv\u00e9 sans difficult\u00e9s plusieurs mois. Lorsque vous jugez utile son renouvellement, jetez l\u2019ancien au compost ou directement dans la terre. 100% biod\u00e9gradable, il se d\u00e9composera rapidement.<\/p>\n","protected":false},"excerpt":{"rendered":"<p>Loofah 100% v\u00e9g\u00e9tal, brut. Durable et compostable.<br \/>\nId\u00e9al comme fleur de douche, ou comme \u00e9ponge pour l\u2019entretien de la maison.<br \/>\nVendu compress\u00e9 et en vrac (sans emballage ni blister).<br \/>\nMulti-usages, 100% fibres naturelles, 100% biod\u00e9gradable.<\/p>\n","protected":false},"featured_media":447,"comment_status":"open","ping_status":"closed","template":"","meta":{"advanced_seo_description":"","jetpack_seo_html_title":"","jetpack_seo_noindex":false},"product_cat":[169,179],"product_tag":[],"class_list":["post-761","product","type-product","status-publish","has-post-thumbnail","hentry","product_cat-accessoires-beaute-es","product_cat-luffa-loofah-es"],"acf":[],"_links":{"self":[{"href":"http:\/\/preprod.chamarrel.fr\/es\/wp-json\/wp\/v2\/product\/761","targetHints":{"allow":["GET"]}}],"collection":[{"href":"http:\/\/preprod.chamarrel.fr\/es\/wp-json\/wp\/v2\/product"}],"about":[{"href":"http:\/\/preprod.chamarrel.fr\/es\/wp-json\/wp\/v2\/types\/product"}],"replies":[{"embeddable":true,"href":"http:\/\/preprod.chamarrel.fr\/es\/wp-json\/wp\/v2\/comments?post=761"}],"wp:featuredmedia":[{"embeddable":true,"href":"http:\/\/preprod.chamarrel.fr\/es\/wp-json\/wp\/v2\/media\/447"}],"wp:attachment":[{"href":"http:\/\/preprod.chamarrel.fr\/es\/wp-json\/wp\/v2\/media?parent=761"}],"wp:term":[{"taxonomy":"product_cat","embeddable":true,"href":"http:\/\/preprod.chamarrel.fr\/es\/wp-json\/wp\/v2\/product_cat?post=761"},{"taxonomy":"product_tag","embeddable":true,"href":"http:\/\/preprod.chamarrel.fr\/es\/wp-json\/wp\/v2\/product_tag?post=761"}],"curies":[{"name":"wp","href":"https:\/\/api.w.org\/{rel}","templated":true}]}}