{"id":752,"date":"2023-03-27T14:26:44","date_gmt":"2023-03-27T12:26:44","guid":{"rendered":"https:\/\/chamarrel.live\/nos-produits\/sin%20categor\u00eda\/brosse-vaisselle-tete-amovible\/"},"modified":"2024-12-27T22:46:06","modified_gmt":"2024-12-27T21:46:06","slug":"brosse-vaisselle-tete-amovible","status":"publish","type":"product","link":"http:\/\/preprod.chamarrel.fr\/es\/nuestros-productos\/accessoires-maison-es\/brosses-ecologiques-es\/brosse-vaisselle-tete-amovible\/","title":{"rendered":"BROSSE VAISSELLE | T\u00caTE AMOVIBLE"},"content":{"rendered":"<p>Brosse vaisselle \u00e9cologique | T\u00eate amovible<\/p>\n<p>Pour un nettoyage efficace et \u00e9cologique de la vaisselle, optez pour une brosse vaisselle aux mat\u00e9riaux naturels. Esth\u00e9tique et pratique, elle s&#8217;associe \u00e0 merveille avec l\u2019univers de votre cuisine.<\/p>\n<p>Pourquoi utiliser une brosse vaisselle ?<br \/>\nPour combiner efficacit\u00e9, simplicit\u00e9 et \u00e9cologie. La brosse vaisselle permet de venir \u00e0 bout des salet\u00e9s tenaces qui ne partent pas avec un simple coup d\u2019\u00e9ponge lavable (en tissu bien s\u00fbr !).<\/p>\n<p>Z\u00e9ro plastique, durable avec sa t\u00eate rempla\u00e7able, en bois et fibres v\u00e9g\u00e9tales, elle s\u2019int\u00e8gre parfaitement \u00e0 la d\u00e9marche z\u00e9ro-d\u00e9chet. Elle dispose d\u2019un crochet de suspension pour un s\u00e9chage plus rapide et plus de praticit\u00e9.<\/p>\n<p>Pas de crainte pour votre vaisselle, ses poils sont non abrasifs et nettoient sans rayer .<\/p>\n<p>Caract\u00e9ristiques techniques :<br \/>\n&#8211; Bois de h\u00eatre brut<br \/>\n&#8211; Fibres v\u00e9g\u00e9tales de tampico (issues de l\u2019agave)<br \/>\n&#8211; Fabriqu\u00e9e en Europe<\/p>\n<p>250 mm x 70 mm x 40 mm, h\u00eatre, tampico et fil galvanis\u00e9<\/p>\n<p>Utilisations<br \/>\nPassez votre brosse sous l\u2019eau puis utilisez votre liquide vaisselle ou frottez-la simplement sur un savon de Marseille.<\/p>\n<p>Apr\u00e8s chaque utilisation, suspendez-la ou laissez la s\u00e9cher \u00e0 l\u2019air libre.<\/p>\n<p>Recommandations<br \/>\nAvant le premier usage, et de temps en temps, huilez le bois de votre brosse afin de favoriser un usage plus durable.<\/p>\n<p>Ne laissez pas la brosse dans l&#8217;eau apr\u00e8s usage.<\/p>\n<p>Ne pas mettre la brosse au lave-vaisselle.<\/p>\n","protected":false},"excerpt":{"rendered":"<p>Une brosse pratique et sans plastique pour la vaisselle du quotidien.<br \/>\nSa t\u00eate est amovible et peut donc \u00eatre remplac\u00e9e sans jeter le manche.<br \/>\nCompos\u00e9e de bois de h\u00eatre, d&#8217;acier galvanis\u00e9 et de poils en fibre 100% v\u00e9g\u00e9tale, elle est durable. Ses poils nettoient sans rayer assiettes, verres et autres plats.<br \/>\nLongueur 250 mm.<br \/>\nA l&#8217;unit\u00e9. Vendue en vrac (sans emballage).<br \/>\nVendue sans marquage Chamarrel. Photo non-contractuelle.<\/p>\n","protected":false},"featured_media":5001,"comment_status":"open","ping_status":"closed","template":"","meta":{"advanced_seo_description":"","jetpack_seo_html_title":"","jetpack_seo_noindex":false},"product_cat":[151,155],"product_tag":[],"class_list":["post-752","product","type-product","status-publish","has-post-thumbnail","hentry","product_cat-accessoires-maison-es","product_cat-brosses-ecologiques-es"],"acf":[],"_links":{"self":[{"href":"http:\/\/preprod.chamarrel.fr\/es\/wp-json\/wp\/v2\/product\/752","targetHints":{"allow":["GET"]}}],"collection":[{"href":"http:\/\/preprod.chamarrel.fr\/es\/wp-json\/wp\/v2\/product"}],"about":[{"href":"http:\/\/preprod.chamarrel.fr\/es\/wp-json\/wp\/v2\/types\/product"}],"replies":[{"embeddable":true,"href":"http:\/\/preprod.chamarrel.fr\/es\/wp-json\/wp\/v2\/comments?post=752"}],"wp:featuredmedia":[{"embeddable":true,"href":"http:\/\/preprod.chamarrel.fr\/es\/wp-json\/wp\/v2\/media\/5001"}],"wp:attachment":[{"href":"http:\/\/preprod.chamarrel.fr\/es\/wp-json\/wp\/v2\/media?parent=752"}],"wp:term":[{"taxonomy":"product_cat","embeddable":true,"href":"http:\/\/preprod.chamarrel.fr\/es\/wp-json\/wp\/v2\/product_cat?post=752"},{"taxonomy":"product_tag","embeddable":true,"href":"http:\/\/preprod.chamarrel.fr\/es\/wp-json\/wp\/v2\/product_tag?post=752"}],"curies":[{"name":"wp","href":"https:\/\/api.w.org\/{rel}","templated":true}]}}