{"id":3105,"date":"2023-05-19T00:57:50","date_gmt":"2023-05-18T22:57:50","guid":{"rendered":"https:\/\/chamarrel.live\/?post_type=product&#038;p=3105"},"modified":"2024-10-31T21:33:11","modified_gmt":"2024-10-31T20:33:11","slug":"savon-dalep-traditionnel-2","status":"publish","type":"product","link":"http:\/\/preprod.chamarrel.fr\/es\/nuestros-productos\/cosmetique-solide-es\/savons-solides-es\/savon-dalep-traditionnel-2\/","title":{"rendered":"SAVON D&#8217;ALEP | TRADITIONNEL"},"content":{"rendered":"<p>Le savon d&#8217;Alep, anc\u00eatre du savon de Marseille, enrichi \u00e0 20\u00a0% d&#8217;huile de baies de laurier, est \u00e9labor\u00e9 dans les chaudrons de pierre du ma\u00eetre savonnier qui, par un subtile m\u00e9lange d\u2019eau, de soude naturelle, d\u2019huile d\u2019olive et d\u2019huile de baies de laurier donne naissance \u00e0 un produit aux qualit\u00e9s tant appr\u00e9ci\u00e9es.<br \/>\nL\u2019huile d\u2019olive nourrit la peau, dilate les pores pour un lavage en profondeur.<br \/>\nL\u2019huile de baies de laurier r\u00e9tablit le film hydro lipidique de protection sur la peau.<br \/>\nSon action hyper\u00e9miante et antiparasitaire conf\u00e8re au savon d\u2019Alep ses vertus dermatologiques.<br \/>\nSon impact est tr\u00e8s int\u00e9ressant au niveau des peaux sensibles sujettes \u00e0 boutons, rougeurs ainsi qu\u2019Ecz\u00e9ma, psoriasis, acn\u00e9\u2026<br \/>\nIl s\u2019utilise comme shampooing, masque de visage, mousse \u00e0 raser\u2026 Son onctuosit\u00e9 n\u2019est pas sans procurer un merveilleux bien-\u00eatre\u2026 On l\u2019emploie ponctuellement comme \u00ab anti-mite \u00bb dans les armoires\u2026<br \/>\nIl soulage des piq\u00fbres d\u2019insectes (frott\u00e9 \u00e0 sec)<\/p>\n<ul>\n<li>Des savons fabriqu\u00e9s selon la m\u00e9thode traditionnelle ancestrale vieille de 4000 ans.<\/li>\n<li>Fabriqu\u00e9 en Syrie &#8211; produit\u00a0naturel.<\/li>\n<li>Qualit\u00e9 exceptionnelle.<\/li>\n<li>Huile d\u2019olive extra vierge premi\u00e8re pression \u00e0 froid.<\/li>\n<li>40 % d\u2019huile de baies de laurier.<\/li>\n<li>Sans colorant. Sans parfum. Sans antioxydant<\/li>\n<li>Savon d&#8217;environ 200g sujet \u00e0 dessiccation.<\/li>\n<\/ul>\n<p>\u200b<span class=\"legende_paragraphe\">Ingr\u00e9dients par ordre d&#8217;importance :<\/span><\/p>\n<p><span class=\"legende_paragraphe\">Sodium olivate, sodium laurate,\u00a0Aqua, sodium hydroxyde<\/span><\/p>\n<div>\n<p>Le savon d\u2019Alep est fabriqu\u00e9 avec de l\u2019huile d\u2019olive et de l\u2019huile de baies de laurier.<\/p>\n<p>Avant 1950, tous les habitants de Syrie fabriquaient leurs savons avec ces deux ingr\u00e9dients. Les huiles \u00e9taient de premi\u00e8re pression car \u00e0 cette \u00e9poque les usines capables de presser les d\u00e9chets et noyaux des olives (grignons)\u00a0n\u2019existaient pas.<br \/>\nLa Syrie \u00e9tait sous mandat Fran\u00e7ais de 1920\u00e0 1946. Les ing\u00e9nieurs ont mis au point un proc\u00e9d\u00e9 pour extraire plus d\u2019huile des olives en pressant les grignons (r\u00e9sidu de la premi\u00e8re pression) avec un solvant.<br \/>\nDepuis, les quantit\u00e9s de savons d\u2019Alep produites ont explos\u00e9es car cette huile est bon march\u00e9. Aujourd&#8217;hui, beaucoup de savons d&#8217;Alep sont fabriqu\u00e9s avec cette huile d&#8217;olive extraite par solvant.<br \/>\nLors des reportages, on ne nous montre jamais le mode d&#8217;extraction.\u00a0Pourquoi ?<br \/>\nLes seuls \u00e0 dire le mode d&#8217;extraction, sont ceux qui vendent des savons d&#8217;Alep avec une huile extraite par pression.\u00a0 Pourquoi\u00a0pas les autres ?<br \/>\nVoila les vrais questions \u00e0 se poser sans se fier uniquement \u00e0 la parole du vendeur .<\/p>\n<ul>\n<li>Qualit\u00e9 des huiles : 100% huile d&#8217;olive ? (possible coupage avec de l&#8217;huile de palme)<\/li>\n<li>Mode d&#8217;extration : Pression ou solvant ?<\/li>\n<li>Nombre de pression\u00a0: 1er , 2 em ou derni\u00e8re pression ?<\/li>\n<li>V\u00e9ritable % des huiles utilis\u00e9es.<\/li>\n<\/ul>\n<p>Le tampon sur les savons d&#8217;Alep ne donne pas une garantie de qualit\u00e9, il s&#8217;agit simplement du nom du savonnier, comme chez nous ou chaque savon porte un nom ou une marque.<br \/>\nLes termes employ\u00e9s, tels que \u00abV\u00e9ritable savon d&#8217;Alep\u00bb \u00abLe seul savon d&#8217;Alep\u00bb \u00abLe vrai savon d&#8217;Alep\u00bb n&#8217;ont aucune signification.<br \/>\nL\u2019huile extraite des grignons est verte fonc\u00e9e, ce\u00a0qui donne la couleur habituelle du savon d\u2019Alep. La couleur brune ext\u00e9rieure des savons est due \u00e0 l\u2019oxydation.<br \/>\nLes savons d\u2019Alep avec l\u2019huile de premi\u00e8re pression ont une couleur\u00a0vert claire, \u00a0il y a \u00a0tr\u00e8s peu d&#8217;oxydation.<\/p>\n<p>&nbsp;<\/p>\n<p>Le mode d&#8217;extraction, pression ou solvant, est valable pour toutes les huiles v\u00e9g\u00e9tales.<\/p>\n<\/div>\n","protected":false},"excerpt":{"rendered":"<p>Savon d&#8217;Alep traditionnel, fabriqu\u00e9 en Syrie selon la recette ancestrale vieille de 4000 ans : s\u00e9chage au soleil, huile d&#8217;olive de 1re pression et enrichi \u00e0 20% ou 40% d&#8217;huile de baies de laurier.<\/p>\n","protected":false},"featured_media":3133,"comment_status":"open","ping_status":"closed","template":"","meta":{"advanced_seo_description":"","jetpack_seo_html_title":"","jetpack_seo_noindex":false},"product_cat":[297,187,199],"product_tag":[],"class_list":["post-3105","product","type-product","status-publish","has-post-thumbnail","hentry","product_cat-savon-dalep-es","product_cat-cosmetique-solide-es","product_cat-savons-solides-es"],"acf":[],"_links":{"self":[{"href":"http:\/\/preprod.chamarrel.fr\/es\/wp-json\/wp\/v2\/product\/3105","targetHints":{"allow":["GET"]}}],"collection":[{"href":"http:\/\/preprod.chamarrel.fr\/es\/wp-json\/wp\/v2\/product"}],"about":[{"href":"http:\/\/preprod.chamarrel.fr\/es\/wp-json\/wp\/v2\/types\/product"}],"replies":[{"embeddable":true,"href":"http:\/\/preprod.chamarrel.fr\/es\/wp-json\/wp\/v2\/comments?post=3105"}],"wp:featuredmedia":[{"embeddable":true,"href":"http:\/\/preprod.chamarrel.fr\/es\/wp-json\/wp\/v2\/media\/3133"}],"wp:attachment":[{"href":"http:\/\/preprod.chamarrel.fr\/es\/wp-json\/wp\/v2\/media?parent=3105"}],"wp:term":[{"taxonomy":"product_cat","embeddable":true,"href":"http:\/\/preprod.chamarrel.fr\/es\/wp-json\/wp\/v2\/product_cat?post=3105"},{"taxonomy":"product_tag","embeddable":true,"href":"http:\/\/preprod.chamarrel.fr\/es\/wp-json\/wp\/v2\/product_tag?post=3105"}],"curies":[{"name":"wp","href":"https:\/\/api.w.org\/{rel}","templated":true}]}}