{"id":2931,"date":"2023-05-18T00:12:33","date_gmt":"2023-05-17T22:12:33","guid":{"rendered":"https:\/\/chamarrel.live\/?post_type=product&#038;p=2931"},"modified":"2025-01-18T12:08:35","modified_gmt":"2025-01-18T11:08:35","slug":"eponge-loofah-luffa","status":"publish","type":"product","link":"http:\/\/preprod.chamarrel.fr\/es\/nuestros-productos\/en-vrac-sans-emballage-es\/entretien-ecologique-es\/eponge-loofah-luffa\/","title":{"rendered":"\u00c9PONGE LOOFAH | LUFFA"},"content":{"rendered":"<h1>Eponge Loofah | Luffa<\/h1>\n<p>DESCRIPTION<\/p>\n<p>V\u00e9ritable \u00e9ponge v\u00e9g\u00e9tale de la famille des cucurbitac\u00e9es.<\/p>\n<p>Id\u00e9ale pour l&#8217;entretien \u00e9cologique de la maison.<\/p>\n<p>Longueur : 12\u00a0cm.<\/p>\n<p>Largeur : 7 cm<\/p>\n<p>Cousue en France.<\/p>\n<p>Livr\u00e9e\u00a0compress\u00e9, c\u2019est-\u00e0-dire aplatie.<\/p>\n<p><strong>Pourquoi Chamarrel vend le loofah compress\u00e9 ?<\/strong><br \/>\nParce que le loofah compress\u00e9 \u00e0 un meilleur impact \u00e9cologique. Du fait de son volume 5 fois moins important, il y a une r\u00e9duction de l&#8217;impact \u00e9cologique et \u00e9conomique li\u00e9e \u00e0 son conditionnement et \u00e0 son transport. Recevoir un carton de livraison au lieu de 5 pour le m\u00eame nombre de loofahs, c\u2019est 4 cartons d\u2019emballage de moins, de la capacit\u00e9 et des frais de transport en moins. Cela s\u2019inscrit parfaitement dans les valeurs pr\u00f4n\u00e9es par Chamarrel.<\/p>\n<p><strong>Le loofah compress\u00e9 est-il moins beau ou moins qualitatif\u00a0?<\/strong>\u00a0Pas du tout\u00a0!<\/p>\n<p>La qualit\u00e9 du loofah et de ses fibres est intacte. Il retrouve instantan\u00e9ment son plein volume d\u00e8s qu&#8217;il est plong\u00e9 dans l&#8217;eau (voir la vid\u00e9o ci-dessus).<\/p>\n<p>Compress\u00e9 ou pas, \u00e9tant en vrac, le passage \u00e0 l\u2019eau est une \u00e9tape obligatoire pour la st\u00e9rilisation du loofah avant sa premi\u00e8re utilisation, alors autant favoriser l\u2019approche la plus \u00e9cologique\u00a0!<\/p>\n<p>Produit naturel, brut, cultiv\u00e9 et fabriqu\u00e9 en Egypte (l\u00e0 o\u00f9 pousse la plante).<\/p>\n<p><strong>Vendu compress\u00e9, en vrac, sans emballage ni blister.<\/strong><\/p>\n<p><strong>USAGES ET ENTRETIEN<\/strong><\/p>\n<p><strong>Utilisation comme fleur de douche<\/strong><\/p>\n<p>Les fibres du loofah (luffa, luffah) retiennent l\u2019eau et le savon, et plus elles sont humidifi\u00e9es, plus elles s\u2019assouplissent. Le pouvoir exfoliant du loofah \u00e9limine les peaux mortes et les impuret\u00e9s. Stimule la circulation sanguine et lutte contre la cellulite. Id\u00e9al pour le gommage des zones r\u00e9put\u00e9es s\u00e8ches tels que les coudes, les genoux ou les talons.<\/p>\n<p>Recommandations\u00a0: mouillez le\u00a0loofah et savonnez-le ;\u00a0frotter ensuite le corps, puis rincer sous la douche.<\/p>\n<p><strong>Utilisation comme \u00e9ponge d\u2019entretien<\/strong><\/p>\n<p>Les fibres naturelles du loofah sont suffisamment r\u00eaches pour bien nettoyer toutes les surfaces, mais pas assez pour les rayer. Le loofah fait par cons\u00e9quent office d\u2019\u00e9ponge pour nettoyer la vaisselle, le plan de travail ou encore la voiture, associ\u00e9 \u00e0 des produits naturels, tels que le savon de Marseille notamment.<\/p>\n<p>Avant la premi\u00e8re utilisation<\/p>\n<p>Il est conseill\u00e9 de tremper le loofah une dizaine de minutes dans l&#8217;eau bouillante ou de le passer en machine (cycle chaud, 60\u00b0C).\u00a0Une fois dans l\u2019eau, le loofah retrouvera instantan\u00e9ment et d\u00e9finitivement tout son volume. Il sera propre et sain, pr\u00eat \u00e0 l\u2019usage.<\/p>\n<p><strong>Au quotidien<\/strong><\/p>\n<p>Humidifiez le loofah avant chaque usage afin d\u2019assouplir les fibres<\/p>\n<p><strong>Apr\u00e8s usage<\/strong><\/p>\n<p>Rincez le loofah \u00e0 l\u2019eau courante, secouez-le pour l\u2019\u00e9goutter, et laissez-le s\u00e9cher afin d\u2019\u00e9viter le d\u00e9veloppement de bact\u00e9ries dans ses fibres.<\/p>\n<p>Hygi\u00e8ne<\/p>\n<p>Afin d\u2019utiliser votre loofah dans des conditions d\u2019hygi\u00e8ne toujours optimales, trempez-le une dizaine de minutes dans l\u2019eau bouillante une fois par semaine.<\/p>\n<p>Votre loofah est \u00e9galement lavable en machine jusqu\u2019\u00e0 60\u00b0C.<\/p>\n<p><u>Astuce<\/u>\u00a0: \u00e0 votre convenance, l\u2019usage de l\u2019huile essentielle de tea-tree (connue pour ses propri\u00e9t\u00e9s antibact\u00e9riennes) garantira \u00e0 votre loofah une hygi\u00e8ne irr\u00e9prochable. Dite \u00e0 large spectre, cette huile essentielle est active contre tous types de parasites, microbes et champignons.<\/p>\n<p><strong>Renouvellement<\/strong><\/p>\n<p>Tr\u00e8s durable, votre loofah peut \u00eatre conserv\u00e9 sans difficult\u00e9s plusieurs mois. Lorsque vous jugez utile son renouvellement, jetez l\u2019ancien au compost ou directement dans la terre. 100% biod\u00e9gradable, il se d\u00e9composera rapidement.<\/p>\n<p><strong>AUTRES FORMATS<\/strong><\/p>\n<p>Chamarrel vous propose le\u00a0Loofah dans 4\u00a0formats suppl\u00e9mentaires :<\/p>\n<p><strong><a class=\"lien_editeur\" href=\"https:\/\/www.chamarrel.com\/loofah-taille-xml-245-874.html\">&#8211;\u00a0<\/a><a class=\"lien_editeur\" href=\"https:\/\/www.chamarrel.com\/loofah-taille-xml-245-874.html\">\u00c9ponge Loofah | taille\u00a0<\/a><span style=\"color: #486b00;\">S<\/span><\/strong>\u00a0(un loofah de 10\u00a0cm de long pour environ 10-12\u00a0cm de diam\u00e8tre) : id\u00e9al pour une utilisation comme fleur\u00a0de douche ou comme \u00e9ponge pour l&#8217;entretien de la maison (vaisselle et toutes surfaces).<\/p>\n<p><strong><a class=\"lien_editeur\" href=\"https:\/\/www.chamarrel.com\/loofah-taille-xml-245-874.html\">&#8211;\u00a0<\/a><a class=\"lien_editeur\" href=\"https:\/\/www.chamarrel.com\/loofah-taille-xml-245-874.html\">\u00c9ponge Loofah | taille\u00a0<\/a><a class=\"lien_editeur\" href=\"https:\/\/www.chamarrel.com\/loofah-taille-xml-245-874.html\">L<\/a><\/strong>\u00a0(un loofah de 25\u00a0cm de long pour environ 10-12\u00a0cm de diam\u00e8tre) : id\u00e9al pour une utilisation comme fleur\u00a0de douche ou comme \u00e9ponge pour l&#8217;entretien de la maison (vaisselle et toutes surfaces).<\/p>\n<p>&#8211;\u00a0<a class=\"lien_editeur\" href=\"https:\/\/www.chamarrel.com\/eponge-loofah-taille-15-cm-loofa-ou-luffah-xml-245-1316.html\"><strong>\u00c9ponge Loofah | taille M<\/strong><\/a>\u00a0(un loofah de 15 cm de long pour environ\u00a010 cm de diam\u00e8tre) pour remplacer votre fleur de douche, offrir une\u00a0bonne tenue en main et une surface plus large pour nettoyer tout le corps,<\/p>\n<p><strong>&#8211;\u00a0Loofah | taille XL<\/strong>\u00a0Loofah entier extra long 60 cm environ. Id\u00e9al pour se frotter le dos sous la douche ou \u00e0\u00a0d\u00e9couper selon vos besoins.<\/p>\n","protected":false},"excerpt":{"rendered":"<p>L&#8217;accessoire v\u00e9g\u00e9tal pour nettoyer sans rayer et en mode z\u00e9ro d\u00e9chet !<br \/>\nLa fibre naturelle de courge luffa permet de frotter les surfaces sans les abimer.<br \/>\nUn tr\u00e8s bon accessoire pour la vaisselle \u00e9cologique ou pour laver la voiture.<br \/>\nId\u00e9ale pour l&#8217;entretien de la maison, elle peut \u00e9galement \u00eatre utiliser pour les soins du corps, en particulier le gommage.<\/p>\n<p>Fabriqu\u00e9e en France.<br \/>\nVendue sans emballage ni blister (en vrac)<br \/>\nDimensions : environ 7 x 12 cm<\/p>\n","protected":false},"featured_media":3794,"comment_status":"open","ping_status":"closed","template":"","meta":{"advanced_seo_description":"","jetpack_seo_html_title":"","jetpack_seo_noindex":false},"product_cat":[337,214,159],"product_tag":[301],"class_list":["post-2931","product","type-product","status-publish","has-post-thumbnail","hentry","product_cat-eponge-vaisselle-en-luffa-es","product_cat-entretien-ecologique-es","product_cat-eponge-lavable-es","product_tag-en-vrac-es"],"acf":[],"_links":{"self":[{"href":"http:\/\/preprod.chamarrel.fr\/es\/wp-json\/wp\/v2\/product\/2931","targetHints":{"allow":["GET"]}}],"collection":[{"href":"http:\/\/preprod.chamarrel.fr\/es\/wp-json\/wp\/v2\/product"}],"about":[{"href":"http:\/\/preprod.chamarrel.fr\/es\/wp-json\/wp\/v2\/types\/product"}],"replies":[{"embeddable":true,"href":"http:\/\/preprod.chamarrel.fr\/es\/wp-json\/wp\/v2\/comments?post=2931"}],"wp:featuredmedia":[{"embeddable":true,"href":"http:\/\/preprod.chamarrel.fr\/es\/wp-json\/wp\/v2\/media\/3794"}],"wp:attachment":[{"href":"http:\/\/preprod.chamarrel.fr\/es\/wp-json\/wp\/v2\/media?parent=2931"}],"wp:term":[{"taxonomy":"product_cat","embeddable":true,"href":"http:\/\/preprod.chamarrel.fr\/es\/wp-json\/wp\/v2\/product_cat?post=2931"},{"taxonomy":"product_tag","embeddable":true,"href":"http:\/\/preprod.chamarrel.fr\/es\/wp-json\/wp\/v2\/product_tag?post=2931"}],"curies":[{"name":"wp","href":"https:\/\/api.w.org\/{rel}","templated":true}]}}