{"id":2887,"date":"2023-05-17T23:49:45","date_gmt":"2023-05-17T21:49:45","guid":{"rendered":"https:\/\/chamarrel.live\/?post_type=product&#038;p=2887"},"modified":"2024-11-02T11:36:54","modified_gmt":"2024-11-02T10:36:54","slug":"gomme-detachante","status":"publish","type":"product","link":"http:\/\/preprod.chamarrel.fr\/es\/nuestros-productos\/en-vrac-sans-emballage-es\/entretien-ecologique-es\/gomme-detachante\/","title":{"rendered":"GOMME D\u00c9TACHANTE"},"content":{"rendered":"<p>Gomme d\u00e9tachante &#8211; 80g | Savon de Marseille &amp; Bicarbonate<\/p>\n<p>&nbsp;<\/p>\n<p>Description<\/p>\n<p>Savon de Marseille d\u00e9tachant au bicarbonate. Cette gomme de 80 grammes est efficace pour nettoyer les t\u00e2ches persistantes sur le linge.<\/p>\n<p>Ce savon d\u00e9tachant naturel est efficace contre les t\u00e2ches:<\/p>\n<ul>\n<li>d&#8217;encre<\/li>\n<li>de fruits rouges<\/li>\n<li>de gras<\/li>\n<li>de caf\u00e9<\/li>\n<li>d&#8217;herbe<\/li>\n<li>de sang<\/li>\n<li>et autres t\u00e2ches tenaces<\/li>\n<\/ul>\n<p>Composition<\/p>\n<p>La gomme d\u00e9tachante est compos\u00e9e de savon de Marseille pour plus de 30%, de bicarbonate de soude(15-30%) et d&#8217;eau (5-15%).<\/p>\n<p>Fabriqu\u00e9 en France, \u00e0 Marseille par une savonnerie labellis\u00e9e Entreprise du Patrimoine Vivant (EPV).<\/p>\n<p>&nbsp;<\/p>\n<p>Pr\u00e9cautions d&#8217;emploi<\/p>\n<p>\u00c9viter le contact avec les yeux<\/p>\n<p>Ne pas laisser \u00e0 la port\u00e9e des enfants<\/p>\n<p>\u00c9viter les rejets dans l&#8217;environnement<\/p>\n<p>&nbsp;<\/p>\n<p>&nbsp;<\/p>\n<p>Gomme livr\u00e9e en vrac sans \u00e9tiquette.<br \/>\nLes \u00e9tiquettes autocollantes sp\u00e9cifiques sont fournies \u00e0 part dans le colis.<\/p>\n","protected":false},"excerpt":{"rendered":"<p>Gomme d\u00e9tachante au savon de Marseille et bicarbonate.<br \/>\nEfficace contre les t\u00e2ches tenaces telles que caf\u00e9, fruits rouges, encre, herbe, sang etc.<br \/>\nFabriqu\u00e9e en France, \u00e0 Marseille. 80 grammes.<\/p>\n","protected":false},"featured_media":2907,"comment_status":"closed","ping_status":"closed","template":"","meta":{"advanced_seo_description":"","jetpack_seo_html_title":"","jetpack_seo_noindex":false},"product_cat":[151,214,162],"product_tag":[],"class_list":["post-2887","product","type-product","status-publish","has-post-thumbnail","hentry","product_cat-accessoires-maison-es","product_cat-entretien-ecologique-es","product_cat-gomme-detachante-es"],"acf":[],"_links":{"self":[{"href":"http:\/\/preprod.chamarrel.fr\/es\/wp-json\/wp\/v2\/product\/2887","targetHints":{"allow":["GET"]}}],"collection":[{"href":"http:\/\/preprod.chamarrel.fr\/es\/wp-json\/wp\/v2\/product"}],"about":[{"href":"http:\/\/preprod.chamarrel.fr\/es\/wp-json\/wp\/v2\/types\/product"}],"replies":[{"embeddable":true,"href":"http:\/\/preprod.chamarrel.fr\/es\/wp-json\/wp\/v2\/comments?post=2887"}],"wp:featuredmedia":[{"embeddable":true,"href":"http:\/\/preprod.chamarrel.fr\/es\/wp-json\/wp\/v2\/media\/2907"}],"wp:attachment":[{"href":"http:\/\/preprod.chamarrel.fr\/es\/wp-json\/wp\/v2\/media?parent=2887"}],"wp:term":[{"taxonomy":"product_cat","embeddable":true,"href":"http:\/\/preprod.chamarrel.fr\/es\/wp-json\/wp\/v2\/product_cat?post=2887"},{"taxonomy":"product_tag","embeddable":true,"href":"http:\/\/preprod.chamarrel.fr\/es\/wp-json\/wp\/v2\/product_tag?post=2887"}],"curies":[{"name":"wp","href":"https:\/\/api.w.org\/{rel}","templated":true}]}}