{"id":2741,"date":"2023-05-16T23:04:23","date_gmt":"2023-05-16T21:04:23","guid":{"rendered":"https:\/\/chamarrel.live\/?post_type=product&#038;p=2741"},"modified":"2024-11-02T11:16:21","modified_gmt":"2024-11-02T10:16:21","slug":"brosse-a-legumes","status":"publish","type":"product","link":"http:\/\/preprod.chamarrel.fr\/es\/nuestros-productos\/accessoires-maison-es\/brosses-ecologiques-es\/brosse-a-legumes\/","title":{"rendered":"BROSSE \u00c0 L\u00c9GUMES"},"content":{"rendered":"<p>Un accessoire bien pratique pour tous les amis du potager et des fruits et l\u00e9gumes biologiques. Tous les amateurs de nutriments, vitamines et autres anti-oxydants appr\u00e9cieront cet accessoire pratique du quotidien qui permet de conserver la peau des fruits et l\u00e9gumes tout en assurant leur propret\u00e9.<\/p>\n<p><a name=\"_Hlk138262518\"><\/a>Oubliez l\u2019\u00e9conome\u00a0! Le traditionnel couteau \u00e9pluche-l\u00e9gume n\u2019est pas indispensable.<\/p>\n<p><strong>Dimensions\u00a0:<\/strong><\/p>\n<p>137 mm x 53 mm<\/p>\n<p><strong>Recommandations :<\/strong><\/p>\n<p>Adaptez l\u2019usage des poils tampico ou union en fonction des fruits ou l\u00e9gumes \u00e0 nettoyer. Les l\u00e9gumes racines plus robustes et terreux conviennent \u00e0 l\u2019usage des poils les moins souples.<\/p>\n<p><strong>Pr\u00e9cautions\u00a0:<\/strong><\/p>\n<p>Apr\u00e8s usage, placez les poils de la brosse vers le bas pour faciliter son s\u00e9chage et sa durabilit\u00e9.<\/p>\n<p>Le bois de h\u00eatre peut \u00eatre huil\u00e9 de temps en temps.<\/p>\n<p><strong>Composition\u00a0:<\/strong><\/p>\n<p>Bois de h\u00eatre. Poils en fibre v\u00e9g\u00e9tales tampico et union. Il s\u2019agit d\u2019un m\u00e9lange de fibres issues de l\u2019agave et des nervures du palmier \u00e0 sucre.<\/p>\n","protected":false},"excerpt":{"rendered":"<p>La petite brosse de cuisine qui prend soin de vos fruits et l\u00e9gumes de saison.<br \/>\nSes poils en fibres v\u00e9g\u00e9tales assurent une hygi\u00e8ne parfaite sans alt\u00e9rer vos v\u00e9g\u00e9taux gr\u00e2ce \u00e0 ses deux types de poils diff\u00e9rents qui s\u2019adaptent \u00e0 vos besoins.<br \/>\nDes poils durs pour les tubercules et l\u00e9gumes peu fragiles et des poils plus souples pour les l\u00e9gumes plus fragiles ou moins terreux.<\/p>\n","protected":false},"featured_media":4907,"comment_status":"closed","ping_status":"closed","template":"","meta":{"advanced_seo_description":"","jetpack_seo_html_title":"","jetpack_seo_noindex":false},"product_cat":[151,155],"product_tag":[],"class_list":["post-2741","product","type-product","status-publish","has-post-thumbnail","hentry","product_cat-accessoires-maison-es","product_cat-brosses-ecologiques-es"],"acf":[],"_links":{"self":[{"href":"http:\/\/preprod.chamarrel.fr\/es\/wp-json\/wp\/v2\/product\/2741","targetHints":{"allow":["GET"]}}],"collection":[{"href":"http:\/\/preprod.chamarrel.fr\/es\/wp-json\/wp\/v2\/product"}],"about":[{"href":"http:\/\/preprod.chamarrel.fr\/es\/wp-json\/wp\/v2\/types\/product"}],"replies":[{"embeddable":true,"href":"http:\/\/preprod.chamarrel.fr\/es\/wp-json\/wp\/v2\/comments?post=2741"}],"wp:featuredmedia":[{"embeddable":true,"href":"http:\/\/preprod.chamarrel.fr\/es\/wp-json\/wp\/v2\/media\/4907"}],"wp:attachment":[{"href":"http:\/\/preprod.chamarrel.fr\/es\/wp-json\/wp\/v2\/media?parent=2741"}],"wp:term":[{"taxonomy":"product_cat","embeddable":true,"href":"http:\/\/preprod.chamarrel.fr\/es\/wp-json\/wp\/v2\/product_cat?post=2741"},{"taxonomy":"product_tag","embeddable":true,"href":"http:\/\/preprod.chamarrel.fr\/es\/wp-json\/wp\/v2\/product_tag?post=2741"}],"curies":[{"name":"wp","href":"https:\/\/api.w.org\/{rel}","templated":true}]}}