{"id":2700,"date":"2023-05-16T22:45:11","date_gmt":"2023-05-16T20:45:11","guid":{"rendered":"https:\/\/chamarrel.live\/?post_type=product&#038;p=2700"},"modified":"2024-11-02T11:53:55","modified_gmt":"2024-11-02T10:53:55","slug":"brosse-casserole","status":"publish","type":"product","link":"http:\/\/preprod.chamarrel.fr\/es\/nuestros-productos\/accessoires-maison-es\/brosses-ecologiques-es\/brosse-casserole\/","title":{"rendered":"BROSSE CASSEROLE"},"content":{"rendered":"<h2 style=\"font-weight: inherit;\">Brosse vaisselle ergonomique | Casserole<\/h2>\n<p style=\"font-weight: 400;\">Quand la vaisselle accroche, inutile de mettre toute son \u00e9nergie pour la nettoyer, il suffit d\u2019utiliser la bonne brosse ! Avec ses mat\u00e9riaux 100% naturels, cette brosse vaisselle z\u00e9ro-d\u00e9chet vous aidera \u00e0 faire briller vos casseroles et plats \u00e0 gratins.<\/p>\n<p style=\"font-weight: 400;\"><strong style=\"font-weight: normal !important;\">Pourquoi utiliser une brosse vaisselle\u00a0?<\/strong><\/p>\n<p style=\"font-weight: 400;\">Efficace gr\u00e2ce \u00e0 ses poils en fibres v\u00e9g\u00e9tales et sa poign\u00e9e ergonomique permettant une bonne prise en main, elle nettoie sans rayer.<\/p>\n<p style=\"font-weight: 400;\">Z\u00e9ro plastique et durable, elle est compos\u00e9e de bois de h\u00eatre et d&#8217;un m\u00e9lange de fibres v\u00e9g\u00e9tales.<\/p>\n<p style=\"font-weight: 400;\">Polyvalente, elle peut \u00eatre utilis\u00e9e pour nettoyer la vaisselle mais aussi pour l\u2019entretien de la maison en g\u00e9n\u00e9ral.<\/p>\n<p style=\"font-weight: 400;\">Elle est \u00e9galement id\u00e9ale pour brosser les b\u00e2tons de charbon binchotan avant de les faire bouillir.<\/p>\n<p>Utilisations<\/p>\n<p style=\"font-weight: 400;\">Passez votre brosse sous l\u2019eau puis utilisez votre liquide vaisselle ou frottez-la simplement sur un savon de Marseille.<\/p>\n<p style=\"font-weight: 400;\">Apr\u00e8s chaque utilisation laissez la s\u00e9cher \u00e0 l\u2019air libre, les poils vers le bas.<\/p>\n<h2 style=\"font-weight: inherit;\">Recommandations<\/h2>\n<p style=\"font-weight: 400;\">Avant le premier usage, et de temps en temps, huilez le bois de votre brosse afin de favoriser un usage plus durable.<\/p>\n<p style=\"font-weight: 400;\">Ne laissez pas la brosse dans l&#8217;eau apr\u00e8s usage.<\/p>\n<p style=\"font-weight: 400;\">Ne pas mettre la brosse au lave-vaisselle.<\/p>\n<p style=\"font-weight: 400;\">N\u2019utilisez pas la brosse\u00a0sur des rev\u00eatements antiadh\u00e9sifs ou d\u2019autres supports fragiles.<\/p>\n<p style=\"font-weight: 400;\"><strong style=\"font-weight: normal !important;\">Caract\u00e9ristiques techniques :<\/strong><\/p>\n<p style=\"font-weight: 400;\">&#8211; Bois de h\u00eatre<br \/>\n&#8211; Fibres v\u00e9g\u00e9tales union (m\u00e9lange des fibres de l\u2019agave et des nervures du palmier \u00e0 sucre)<br \/>\n&#8211; Fabriqu\u00e9e en Europe<\/p>\n<p style=\"font-weight: 400;\">Diam\u00e8tre des fibres : 65 mm<\/p>\n<p style=\"font-weight: 400;\">Diam\u00eatre du manche : 40 mm<\/p>\n<p style=\"font-weight: 400;\">Hauteur : 80 mm<\/p>\n","protected":false},"excerpt":{"rendered":"<p>Brosse vaisselle ergonomique pour venir \u00e0 bout des salet\u00e9s tenaces dans vos casseroles et autres ustensiles de cuisine.<br \/>\nCompos\u00e9e de bois de h\u00eatre et de poils en fibres 100% v\u00e9g\u00e9tales, elle est abrasive et durable.<br \/>\nVendue \u00e0 l&#8217;unit\u00e9, en vrac (sans emballage).<br \/>\nDimensions : H 80 mm, diam\u00e8tre 60 mm<br \/>\nVendue sans marquage Chamarrel. Photo non-contractuelle.<\/p>\n","protected":false},"featured_media":2708,"comment_status":"closed","ping_status":"closed","template":"","meta":{"advanced_seo_description":"","jetpack_seo_html_title":"","jetpack_seo_noindex":false},"product_cat":[151,155],"product_tag":[],"class_list":["post-2700","product","type-product","status-publish","has-post-thumbnail","hentry","product_cat-accessoires-maison-es","product_cat-brosses-ecologiques-es"],"acf":[],"_links":{"self":[{"href":"http:\/\/preprod.chamarrel.fr\/es\/wp-json\/wp\/v2\/product\/2700","targetHints":{"allow":["GET"]}}],"collection":[{"href":"http:\/\/preprod.chamarrel.fr\/es\/wp-json\/wp\/v2\/product"}],"about":[{"href":"http:\/\/preprod.chamarrel.fr\/es\/wp-json\/wp\/v2\/types\/product"}],"replies":[{"embeddable":true,"href":"http:\/\/preprod.chamarrel.fr\/es\/wp-json\/wp\/v2\/comments?post=2700"}],"wp:featuredmedia":[{"embeddable":true,"href":"http:\/\/preprod.chamarrel.fr\/es\/wp-json\/wp\/v2\/media\/2708"}],"wp:attachment":[{"href":"http:\/\/preprod.chamarrel.fr\/es\/wp-json\/wp\/v2\/media?parent=2700"}],"wp:term":[{"taxonomy":"product_cat","embeddable":true,"href":"http:\/\/preprod.chamarrel.fr\/es\/wp-json\/wp\/v2\/product_cat?post=2700"},{"taxonomy":"product_tag","embeddable":true,"href":"http:\/\/preprod.chamarrel.fr\/es\/wp-json\/wp\/v2\/product_tag?post=2700"}],"curies":[{"name":"wp","href":"https:\/\/api.w.org\/{rel}","templated":true}]}}