{"id":2696,"date":"2023-05-16T22:39:49","date_gmt":"2023-05-16T20:39:49","guid":{"rendered":"https:\/\/chamarrel.live\/?post_type=product&#038;p=2696"},"modified":"2024-12-27T23:24:33","modified_gmt":"2024-12-27T22:24:33","slug":"tete-amovible-recharge","status":"publish","type":"product","link":"http:\/\/preprod.chamarrel.fr\/es\/nuestros-productos\/accessoires-maison-es\/brosses-ecologiques-es\/tete-amovible-recharge\/","title":{"rendered":"T\u00caTE AMOVIBLE | RECHARGE"},"content":{"rendered":"<p style=\"font-weight: inherit;\">Montage de la t\u00eate de brosse vaisselle<\/p>\n<ol>\n<li style=\"font-weight: 400;\">Rep\u00e9rez la petite bague en m\u00e9tal, puis tirez-l\u00e0 vers vous afin de d\u00e9verrouiller la t\u00eate usag\u00e9e pr\u00e9c\u00e9dente.<\/li>\n<li style=\"font-weight: 400;\">Enlevez la t\u00eate usag\u00e9e.<\/li>\n<li style=\"font-weight: 400;\">Positionnez la nouvelle t\u00eate de brosse vaisselle en pla\u00e7ant les pattes en m\u00e9tal du manche dans la fente pr\u00e9vue \u00e0 cet effet.<\/li>\n<li style=\"font-weight: 400;\">Poussez la bague en m\u00e9tal \u00e0 fond vers la t\u00eate de la brosse pour la verrouiller et assurer un bon maintien.<\/li>\n<\/ol>\n<p style=\"font-weight: 400;\">Et voil\u00e0, le tour est jou\u00e9 ! Votre brosse vaisselle z\u00e9ro d\u00e9chet est de nouveau op\u00e9rationnelle pour de nombreuses corv\u00e9es.<\/p>\n<p style=\"font-weight: inherit;\">Caract\u00e9ristiques techniques :<\/p>\n<p style=\"font-weight: 400;\">&#8211; Bois de h\u00eatre brut<br \/>\n&#8211; Fibres v\u00e9g\u00e9tales de tampico (issues de l\u2019agave)<br \/>\n&#8211; Fabriqu\u00e9e en Europe<\/p>\n<p style=\"font-weight: 400;\">70 mm x 40 mm, h\u00eatre et tampico<\/p>\n<p style=\"font-weight: inherit;\">Recommandations<\/p>\n<p style=\"font-weight: 400;\">Avant le premier usage, et de temps en temps, huilez le bois de votre brosse afin de favoriser un usage plus durable.<\/p>\n<p style=\"font-weight: 400;\">Ne laissez pas la brosse dans l&#8217;eau apr\u00e8s usage.<\/p>\n<p style=\"font-weight: 400;\">Ne pas mettre la brosse au lave-vaisselle.<\/p>\n<p style=\"font-weight: 400;\">Pour un nettoyage efficace et \u00e9cologique de la vaisselle, optez pour une brosse vaisselle aux mat\u00e9riaux naturels. Esth\u00e9tique et pratique, elle s&#8217;associe \u00e0 merveille avec l\u2019univers de votre cuisine.<\/p>\n<p style=\"font-weight: inherit;\">Pourquoi utiliser une brosse vaisselle\u00a0?<\/p>\n<p style=\"font-weight: 400;\">Pour combiner efficacit\u00e9, simplicit\u00e9 et \u00e9cologie. La brosse vaisselle permet de venir \u00e0 bout des salet\u00e9s tenaces qui ne partent pas avec un simple coup d\u2019\u00e9ponge lavable (en tissu bien s\u00fbr\u00a0!).<\/p>\n<p style=\"font-weight: 400;\">Z\u00e9ro plastique, durable avec sa t\u00eate rempla\u00e7able, en bois et fibres v\u00e9g\u00e9tales, elle s\u2019int\u00e8gre parfaitement \u00e0 la d\u00e9marche z\u00e9ro-d\u00e9chet. Elle dispose d\u2019un crochet de suspension pour un s\u00e9chage plus rapide et plus de praticit\u00e9.<\/p>\n<p style=\"font-weight: 400;\">Pas de crainte pour votre vaisselle, ses poils sont non abrasifs et nettoient sans rayer .<\/p>\n","protected":false},"excerpt":{"rendered":"<p>La recharge pratique et durable pour votre brosse vaisselle \u00e9cologique.<br \/>\nAmovible, elle peut \u00eatre remplac\u00e9e tr\u00e8s facilement en conservant le manche pr\u00e9c\u00e9dent. Compos\u00e9e de bois de h\u00eatre, et de poils en fibre v\u00e9g\u00e9tale de tampico, elle est durable.<br \/>\nUne belle alternative z\u00e9eo d\u00e9chet pour la maison en g\u00e9n\u00e9ral, et la cuisine en particulier.<\/p>\n<p>Diam\u00e8tre du bois 40 mm. Diam\u00e8tre des poils : 70 mm.<br \/>\nVendue \u00e0 l&#8217;unit\u00e9, en vrac (sans emballage).<br \/>\nVendue sans marquage Chamarrel. Photo non-contractuelle.<\/p>\n","protected":false},"featured_media":4142,"comment_status":"open","ping_status":"closed","template":"","meta":{"advanced_seo_description":"","jetpack_seo_html_title":"","jetpack_seo_noindex":false},"product_cat":[151,155],"product_tag":[],"class_list":["post-2696","product","type-product","status-publish","has-post-thumbnail","hentry","product_cat-accessoires-maison-es","product_cat-brosses-ecologiques-es"],"acf":[],"_links":{"self":[{"href":"http:\/\/preprod.chamarrel.fr\/es\/wp-json\/wp\/v2\/product\/2696","targetHints":{"allow":["GET"]}}],"collection":[{"href":"http:\/\/preprod.chamarrel.fr\/es\/wp-json\/wp\/v2\/product"}],"about":[{"href":"http:\/\/preprod.chamarrel.fr\/es\/wp-json\/wp\/v2\/types\/product"}],"replies":[{"embeddable":true,"href":"http:\/\/preprod.chamarrel.fr\/es\/wp-json\/wp\/v2\/comments?post=2696"}],"wp:featuredmedia":[{"embeddable":true,"href":"http:\/\/preprod.chamarrel.fr\/es\/wp-json\/wp\/v2\/media\/4142"}],"wp:attachment":[{"href":"http:\/\/preprod.chamarrel.fr\/es\/wp-json\/wp\/v2\/media?parent=2696"}],"wp:term":[{"taxonomy":"product_cat","embeddable":true,"href":"http:\/\/preprod.chamarrel.fr\/es\/wp-json\/wp\/v2\/product_cat?post=2696"},{"taxonomy":"product_tag","embeddable":true,"href":"http:\/\/preprod.chamarrel.fr\/es\/wp-json\/wp\/v2\/product_tag?post=2696"}],"curies":[{"name":"wp","href":"https:\/\/api.w.org\/{rel}","templated":true}]}}