{"id":2499,"date":"2023-05-16T21:46:37","date_gmt":"2023-05-16T19:46:37","guid":{"rendered":"https:\/\/chamarrel.live\/?post_type=product&#038;p=2499"},"modified":"2023-05-23T00:17:07","modified_gmt":"2023-05-22T22:17:07","slug":"charbon-binchotan-vrac","status":"publish","type":"product","link":"http:\/\/preprod.chamarrel.fr\/es\/nuestros-productos\/traitement-de-leau-es\/charbon-binchotan-es\/charbon-binchotan-vrac\/","title":{"rendered":"CHARBON BINCHOTAN | VRAC"},"content":{"rendered":"<p>\u00c9PONGE KONJAC | VISAGE<\/p>\n<p>DESCRIPTION ET CARACT\u00c9RISTIQUES<br \/>\n\u00c9ponge 100% v\u00e9g\u00e9tale, sans colorants ni additifs (certifi\u00e9e) confectionn\u00e9e \u00e0 partir de la fibre du Konjac (amorphophalus konjac), plante asiatique l\u00e9g\u00e8rement alcaline. Consomm\u00e9e en Asie et principalement au Japon depuis des si\u00e8cles, sous forme de l\u00e9gumes, l\u2019\u00e9ponge Konjac est con\u00e7ue \u00e0 partir de la racine de la plante qui sera m\u00e9lang\u00e9e \u00e0 de l\u2019eau et subira des changements de temp\u00e9rature pour la solidifier.<\/p>\n<p>Les fibres de l\u2019\u00e9ponge Konjac permettent un nettoyage et une exfoliation en douceur des peaux les plus fragiles telles que celles du visage et des b\u00e9b\u00e9s. De plus, le massage r\u00e9alis\u00e9 \u00e0 l\u2019aide de l\u2019\u00e9ponge est un vrai atout pour favoriser la circulation sanguine.<\/p>\n<p>Pourquoi l\u2019adopter ?<br \/>\n100% fibres naturelles<br \/>\nConvient \u00e0 tous les type de peaux<br \/>\nNettoyage et exfoliation en douceur mais en profondeur<br \/>\nRespectueuse du PH de la peau<br \/>\nFavorise la micro-circulation<br \/>\nId\u00e9ale pour les peaux \u00e0 imperfections<br \/>\nPeau douce et lumineuse<br \/>\nR\u00e9g\u00e9n\u00e9ration cellulaire<br \/>\n100% biod\u00e9gradable<\/p>\n<p>LES D\u00c9CLINAISONS<\/p>\n<p>Nature<br \/>\nTout type de peau. Exfoliation en douceur.<\/p>\n<p>Citron<br \/>\nPropri\u00e9t\u00e9s astringentes et purifiantes. Resserre les pores de la peau et redonne de l\u2019\u00e9clat. Peau mixte et grasse.<\/p>\n<p>Aloe Vera<br \/>\nPropri\u00e9t\u00e9s adoucissantes, hydratantes et r\u00e9g\u00e9n\u00e9rantes. Tout type de peau.<\/p>\n<p>Argile rouge<br \/>\nFavorise le renouvellement cellulaire et d\u00e9congestionne. Peau mature, s\u00e8che ou couperos\u00e9e.<\/p>\n<p>Charbon de bambou<br \/>\nPropri\u00e9t\u00e9s purifiantes et d\u00e9toxifiantes du fait de sa teneur en anti-oxydants et min\u00e9raux. Peau mixte, grasse, ou acn\u00e9ique.<\/p>\n<p>Lavande<br \/>\nPropri\u00e9t\u00e9s apaisantes, r\u00e9paratrices et r\u00e9g\u00e9n\u00e9ratrices pour la peau. Peau sensible et atopique.<\/p>\n<p>Th\u00e9 vert<br \/>\nAssainit et affine le grain de peau. Le th\u00e9 vert, riche en antioxydant, permet de pr\u00e9server l\u2019\u00e9lasticit\u00e9 de la peau. Tout type de peau.<\/p>\n<p>UTILISATION<br \/>\nPremi\u00e8re utilisation : laisser l\u2019\u00e9ponge konjac dans de l\u2019eau ti\u00e8de pendant 3 \u00e0 5 minutes. Entre deux utilisations, la r\u00e9hydrater en passant simplement l\u2019\u00e9ponge sous l\u2019eau ti\u00e8de.<\/p>\n<p>Une fois l\u2019\u00e9ponge Konjac devenue souple, masser d\u00e9licatement votre visage, votre corps dans un mouvement circulaire avec ou sans produit nettoyant.<\/p>\n<p>Apr\u00e8s chaque utilisation : rincez abondamment l\u2019\u00e9ponge Konjac et essorez-la d\u00e9licatement. puis conservez-la dans un endroit sec.<\/p>\n<p>La dur\u00e9e de vie de l\u2019\u00e9ponge est de plusieurs mois ; quand l\u2019\u00e9ponge commence \u00e0 se d\u00e9composer (effritement important), en changer.<\/p>\n<p>RECOMMANDATIONS<br \/>\nNe pas tordre l\u2019\u00e9ponge konjac<\/p>\n<p>La suspendre entre deux utilisations pour qu\u2019elle s\u00e8che \u00e0 l\u2019air libre.<\/p>\n<p>Pour purifier votre \u00e9ponge d\u2019\u00e9ventuelles bact\u00e9ries, plongez-la 10 minutes dans de l\u2019eau bouillante, en ajoutant au pr\u00e9alable de l\u2019huile essentielle de Tea Tree (sur l\u2019\u00e9ponge) si vous le souhaitez.<\/p>\n<p>Produit fabriqu\u00e9 en Chine<\/p>\n","protected":false},"excerpt":{"rendered":"<p>Chamarrel vous propose de d\u00e9couvrir l\u2019authentique charbon Binchotan. La solution naturelle et z\u00e9ro d\u00e9chet pour purifier 1 litre d\u2019eau du robinet.<\/p>\n","protected":false},"featured_media":2531,"comment_status":"closed","ping_status":"closed","template":"","meta":{"advanced_seo_description":"","jetpack_seo_html_title":"","jetpack_seo_noindex":false},"product_cat":[151,246,267],"product_tag":[],"class_list":["post-2499","product","type-product","status-publish","has-post-thumbnail","hentry","product_cat-accessoires-maison-es","product_cat-traitement-de-leau-es","product_cat-charbon-binchotan-es"],"acf":[],"_links":{"self":[{"href":"http:\/\/preprod.chamarrel.fr\/es\/wp-json\/wp\/v2\/product\/2499","targetHints":{"allow":["GET"]}}],"collection":[{"href":"http:\/\/preprod.chamarrel.fr\/es\/wp-json\/wp\/v2\/product"}],"about":[{"href":"http:\/\/preprod.chamarrel.fr\/es\/wp-json\/wp\/v2\/types\/product"}],"replies":[{"embeddable":true,"href":"http:\/\/preprod.chamarrel.fr\/es\/wp-json\/wp\/v2\/comments?post=2499"}],"wp:featuredmedia":[{"embeddable":true,"href":"http:\/\/preprod.chamarrel.fr\/es\/wp-json\/wp\/v2\/media\/2531"}],"wp:attachment":[{"href":"http:\/\/preprod.chamarrel.fr\/es\/wp-json\/wp\/v2\/media?parent=2499"}],"wp:term":[{"taxonomy":"product_cat","embeddable":true,"href":"http:\/\/preprod.chamarrel.fr\/es\/wp-json\/wp\/v2\/product_cat?post=2499"},{"taxonomy":"product_tag","embeddable":true,"href":"http:\/\/preprod.chamarrel.fr\/es\/wp-json\/wp\/v2\/product_tag?post=2499"}],"curies":[{"name":"wp","href":"https:\/\/api.w.org\/{rel}","templated":true}]}}