{"id":2390,"date":"2023-05-16T00:11:03","date_gmt":"2023-05-15T22:11:03","guid":{"rendered":"https:\/\/chamarrel.live\/?post_type=product&#038;p=2390"},"modified":"2023-05-22T23:50:13","modified_gmt":"2023-05-22T21:50:13","slug":"brosse-a-dents-en-bois-recyclable","status":"publish","type":"product","link":"http:\/\/preprod.chamarrel.fr\/es\/nuestros-productos\/sin-categorizar\/brosse-a-dents-en-bois-recyclable\/","title":{"rendered":"BROSSE \u00c0 DENTS EN BOIS | RECYCLABLE"},"content":{"rendered":"<p>BROSSES A DENTS EN BOIS<\/p>\n<p>ENTRETIEN COURANT<br \/>\nApr\u00e8s usage, rincez bien la t\u00eate pour \u00e9liminer toute trace de dentifrice.<br \/>\nNe laissez pas la brosse au contact de l\u2019eau apr\u00e8s usage, au risque de la voir noircir. Laissez-la s\u00e9cher \u00e0 l\u2019air libre, les poils vers le haut. Huilez le bois une fois par an pour favoriser la durabilit\u00e9 du manche.<\/p>\n<p>RECYCLAGE DE LA BROSSE<br \/>\nUne fois que votre t\u00eate est usag\u00e9e, il vous suffit d\u2019arracher les poils avec une petite pince. La partie en h\u00eatre est \u00e0 placer au compost, les agrafes m\u00e9talliques dans le m\u00e9tal \u00e0 recycler et les poils dans la poubelle (th\u00e9oriquement recyclables, mais sont consid\u00e9r\u00e9s comme trop petits par la syst\u00e8me fran\u00e7ais).<\/p>\n<p>R\u00e9employez le manche pour un autre usage ou placez-le au compost.<\/p>\n<p>D\u00c9TAILS TECHNIQUES DE LA BROSSE A DENTS<br \/>\nComposition Manche : h\u00eatre labellis\u00e9 FSC, sans traitement avant r\u00e9colte, fa\u00e7onnage artisanal, enduit de cire v\u00e9g\u00e9tale, 100% compostable.<\/p>\n<p>Poils : nylon-610, fait \u00e0 partir d\u2019huile de ricin (62%), poils arrondis, retenus par une agrafe en inox m\u00e9dical, forme ergonomique de la t\u00eate, 100% recyclable.<br \/>\nLargeur : 1 cm<br \/>\nLongueur : 18 cm<\/p>\n<p>Fabriqu\u00e9 en Allemagne<br \/>\nUn produit My Boo Company<\/p>\n","protected":false},"excerpt":{"rendered":"<p>Brosse \u00e0 dents en bois de h\u00eatre issu de for\u00eats europ\u00e9ennes g\u00e9r\u00e9es durablement, lab\u00e9lis\u00e9e FSC.<br \/>\nVegan, elle est fabriqu\u00e9e sans colle chimique (les poils sont retenus par des agrafes m\u00e9talliques)<\/p>\n<p>Fabriqu\u00e9e de fa\u00e7on artisanale, la cire v\u00e9g\u00e9tale lui conf\u00e8re une tr\u00e8s grande douceur et une durabilit\u00e9 augment\u00e9e.<br \/>\nT\u00eate ergonomique de forme triangulaire pour un meilleur brossage des dents du fond. L&#8217;extr\u00e9mit\u00e9 arrondie des poils garantit une douceur de brossage qui pr\u00e9serve vos gencives.<br \/>\nElle vous permet \u00e9galement de poursuivre votre d\u00e9marche de r\u00e9duction des d\u00e9chets. Compostable, elle contribue \u00e0 la diminution de votre impact carbone et environnemental.<br \/>\nDuret\u00e9 des poils : M\u00e9dium.<\/p>\n<p>Vendue en vrac (sans emballage)<\/p>\n","protected":false},"featured_media":2233,"comment_status":"open","ping_status":"closed","template":"","meta":{"advanced_seo_description":"","jetpack_seo_html_title":"","jetpack_seo_noindex":false},"product_cat":[169,51],"product_tag":[],"class_list":["post-2390","product","type-product","status-publish","has-post-thumbnail","hentry","product_cat-accessoires-beaute-es","product_cat-sin-categorizar"],"acf":[],"_links":{"self":[{"href":"http:\/\/preprod.chamarrel.fr\/es\/wp-json\/wp\/v2\/product\/2390","targetHints":{"allow":["GET"]}}],"collection":[{"href":"http:\/\/preprod.chamarrel.fr\/es\/wp-json\/wp\/v2\/product"}],"about":[{"href":"http:\/\/preprod.chamarrel.fr\/es\/wp-json\/wp\/v2\/types\/product"}],"replies":[{"embeddable":true,"href":"http:\/\/preprod.chamarrel.fr\/es\/wp-json\/wp\/v2\/comments?post=2390"}],"wp:featuredmedia":[{"embeddable":true,"href":"http:\/\/preprod.chamarrel.fr\/es\/wp-json\/wp\/v2\/media\/2233"}],"wp:attachment":[{"href":"http:\/\/preprod.chamarrel.fr\/es\/wp-json\/wp\/v2\/media?parent=2390"}],"wp:term":[{"taxonomy":"product_cat","embeddable":true,"href":"http:\/\/preprod.chamarrel.fr\/es\/wp-json\/wp\/v2\/product_cat?post=2390"},{"taxonomy":"product_tag","embeddable":true,"href":"http:\/\/preprod.chamarrel.fr\/es\/wp-json\/wp\/v2\/product_tag?post=2390"}],"curies":[{"name":"wp","href":"https:\/\/api.w.org\/{rel}","templated":true}]}}