{"id":2325,"date":"2023-05-15T23:52:05","date_gmt":"2023-05-15T21:52:05","guid":{"rendered":"https:\/\/chamarrel.live\/?post_type=product&#038;p=2325"},"modified":"2023-05-23T00:01:40","modified_gmt":"2023-05-22T22:01:40","slug":"recharge-tete-pour-brosse-a-dents-recyclee","status":"publish","type":"product","link":"http:\/\/preprod.chamarrel.fr\/es\/nuestros-productos\/sin-categorizar\/recharge-tete-pour-brosse-a-dents-recyclee\/","title":{"rendered":"RECHARGE | T\u00caTE POUR BROSSE \u00c0 DENTS RECYCL\u00c9E"},"content":{"rendered":"<p>Comment ins\u00e9rer ou retirer la recharge de brosse \u00e0 dents ?<\/p>\n<p>Pour retirer la t\u00eate, il suffit de la tourner doucement en la tirant vers le haut.<br \/>\nPour mettre en place la nouvelle t\u00eate, il suffit de l\u2019enfoncer en la faisant tourner.<br \/>\nEnsuite, tournez-la jusqu&#8217;\u00e0 trouver la meilleure position permettant de la bloquer. Ne forcez jamais, au risque de casser la t\u00eate. Faites tourner la recharge en douceur en exer\u00e7ant une pression tr\u00e8s douce.<br \/>\nPoils nylon 610 sans bisph\u00e9nol.<\/p>\n<p>Fabriqu\u00e9e en Chine (lieu de culture du bambou).<\/p>\n","protected":false},"excerpt":{"rendered":"<p>Une recharge maline, ergonomique et \u00e9cologique pour votre brosse \u00e0 dents.<br \/>\nFabriqu\u00e9e en Bambou moso responsable FSC et sans traitement, elle est durable et compostable.<br \/>\nErgonomique, sa section arrondie permet un brossage de dents compatible avec la protection de vos gencives. Fixation des poils sans colle chimique.<br \/>\nRecyclable et compostable \u00e0 95%<br \/>\nDisponible en version souple ou m\u00e9dium.<br \/>\nSimple d\u2019utilisation, elle est compatible avec les manches en bambou ou en plastique recycl\u00e9 My Boo Company.<\/p>\n","protected":false},"featured_media":2265,"comment_status":"open","ping_status":"closed","template":"","meta":{"advanced_seo_description":"","jetpack_seo_html_title":"","jetpack_seo_noindex":false},"product_cat":[169,51],"product_tag":[],"class_list":["post-2325","product","type-product","status-publish","has-post-thumbnail","hentry","product_cat-accessoires-beaute-es","product_cat-sin-categorizar"],"acf":[],"_links":{"self":[{"href":"http:\/\/preprod.chamarrel.fr\/es\/wp-json\/wp\/v2\/product\/2325","targetHints":{"allow":["GET"]}}],"collection":[{"href":"http:\/\/preprod.chamarrel.fr\/es\/wp-json\/wp\/v2\/product"}],"about":[{"href":"http:\/\/preprod.chamarrel.fr\/es\/wp-json\/wp\/v2\/types\/product"}],"replies":[{"embeddable":true,"href":"http:\/\/preprod.chamarrel.fr\/es\/wp-json\/wp\/v2\/comments?post=2325"}],"wp:featuredmedia":[{"embeddable":true,"href":"http:\/\/preprod.chamarrel.fr\/es\/wp-json\/wp\/v2\/media\/2265"}],"wp:attachment":[{"href":"http:\/\/preprod.chamarrel.fr\/es\/wp-json\/wp\/v2\/media?parent=2325"}],"wp:term":[{"taxonomy":"product_cat","embeddable":true,"href":"http:\/\/preprod.chamarrel.fr\/es\/wp-json\/wp\/v2\/product_cat?post=2325"},{"taxonomy":"product_tag","embeddable":true,"href":"http:\/\/preprod.chamarrel.fr\/es\/wp-json\/wp\/v2\/product_tag?post=2325"}],"curies":[{"name":"wp","href":"https:\/\/api.w.org\/{rel}","templated":true}]}}