{"id":2293,"date":"2023-05-15T23:38:38","date_gmt":"2023-05-15T21:38:38","guid":{"rendered":"https:\/\/chamarrel.live\/?post_type=product&#038;p=2293"},"modified":"2023-05-22T23:52:28","modified_gmt":"2023-05-22T21:52:28","slug":"brosse-a-dents-en-bois-tete-amovible","status":"publish","type":"product","link":"http:\/\/preprod.chamarrel.fr\/es\/nuestros-productos\/sin-categorizar\/brosse-a-dents-en-bois-tete-amovible\/","title":{"rendered":"BROSSE \u00c0 DENTS EN BOIS | T\u00caTE AMOVIBLE"},"content":{"rendered":"<p>BROSSE A DENTS EN BOIS | TETE AMOVIBLE<\/p>\n<p>Brosse \u00e0 dents \u00e9cologique<br \/>\nManche en bois de h\u00eatre. Traitement \u00e0 l&#8217;huile de lin pour une meilleure long\u00e9vit\u00e9.<br \/>\nIssue de for\u00eats fran\u00e7aises g\u00e9r\u00e9es durablement, lab\u00e9lis\u00e9e PEFC, et v\u00e9gan.<\/p>\n<p>Brosse \u00e0 dents \u00e9conomique<br \/>\nEconomie de mati\u00e8re et d\u2019\u00e9nergie ind\u00e9niable ! Poursuivre votre d\u00e9marche de r\u00e9duction des d\u00e9chets et de vous aider dans la diminution de votre impact carbone et environnemental.<br \/>\nMinimiser encore plus son\/votre impact. Brosse \u00e0 dents rechargeable.<\/p>\n<p>Brosse \u00e0 dents ergonomique<br \/>\nL\u2019extr\u00e9mit\u00e9 des poils est arrondie pour vous garantir une douceur de brossage et pour pr\u00e9server vos gencives<\/p>\n<p>FABRICATION ENGAG\u00c9E<br \/>\nBois de h\u00eatre non trait\u00e9, labellis\u00e9 PEFC et fran\u00e7ais, avec une t\u00eate rechargeable. Elle est fa\u00e7onn\u00e9e en France par un artisan menuisier.<br \/>\nSes finitions sont faites \u00e0 la main : un pon\u00e7age m\u00e9ticuleux et, enfin, un huilage par nos soins avec une huile de lin bio et fran\u00e7aise. Toucher doux et agr\u00e9able garanti ! Cela lui permet \u00e9galement d\u2019\u00eatre plus durable.<\/p>\n<p>La recharge de t\u00eate est compos\u00e9e d\u2019un socle en ABS et de poils en nylon-612.<br \/>\nEnfin, ils sont maintenus par des agrafes m\u00e9talliques : il n\u2019y a pas de colle chimique.<br \/>\nCette brosse \u00e0 dents en h\u00eatre \u00e0 t\u00eate rechargeable est donc vegan !<\/p>\n<p>Plus d\u2019hygi\u00e8ne, moins de d\u00e9chets !<\/p>\n<p>RECOMMANDATIONS D\u2019USAGE<br \/>\nInsertion ou retrait de la t\u00eate<br \/>\nNe retirez pas la t\u00eate apr\u00e8s chaque brossage au risque d\u2019observer une usure pr\u00e9matur\u00e9e. Effectuez uniquement cette action pour ins\u00e9rer une t\u00eate neuve tous les 2 \u00e0 3 mois selon les recommandations des dentistes.<\/p>\n<p>Par temps sec, laissez tremper le haut de la brosse 2 minutes dans l\u2019eau avant l\u2019insertion ou le retrait de la t\u00eate.<br \/>\nGlisser la recharge dans le haut du manche, maintenez-la avec un pouce et clipsez-la par un mouvement de levier.<br \/>\nFaites une pression sur l\u2019arri\u00e8re de la t\u00eate pour la d\u00e9clipser. Astuce : utilisez la nouvelle t\u00eate pour pousser l\u2019ancienne.<br \/>\nNe forcez jamais pour ins\u00e9rer ou retirer la t\u00eate, au risque d\u2019abimer la brosse.<\/p>\n<p>Entretien courant<br \/>\nApr\u00e8s usage, rincez bien la t\u00eate pour \u00e9liminer toute trace de dentifrice. Ne laissez pas la brosse au contact de l\u2019eau, au risque de la voir noircir. Laissez-la s\u00e9cher \u00e0 l\u2019air libre, les poils vers le haut. Huilez le bois une fois par an pour favoriser la durabilit\u00e9 du manche.<br \/>\nEn bois naturel, le manche est con\u00e7u pour durer 2 \u00e0 3 ans minimum.<\/p>\n<p>D\u00c9TAILS TECHNIQUES<br \/>\nManche en h\u00eatre fran\u00e7ais labellis\u00e9 PEFC. Longueur : 19 cm.<br \/>\nFinition par pon\u00e7age manuel et par une huile de lin bio et fran\u00e7aise.<br \/>\nFabriqu\u00e9 en France.<\/p>\n<p>T\u00eate rechargeable<br \/>\nSocle ABS. Poils en nylon-612. Sans colle chimique. Fixation par des agrafes.<br \/>\nCouleur des poils : Bicolore : transparent et vert. Duret\u00e9 des poils disponible : souple<br \/>\nFabriqu\u00e9 en Italie.<\/p>\n<p>Le manche peut-il se briser lors de l\u2019insertion ou du retrait de la recharge ?<br \/>\nEn g\u00e9n\u00e9ral, cela n\u2019arrive pas dans le cadre d\u2019un usage appropri\u00e9 de la brosse \u00e0 dents. Lorsque la recharge n\u2019est pas ins\u00e9r\u00e9e en force et que l\u2019usage est conforme aux recommandations d\u2019utilisation, le manche reste robuste.<\/p>\n<p>En revanche, dans de tr\u00e8s rares cas (1-3% maximum), la t\u00eate est susceptible de se fendre en haut. Cela s\u2019explique par les caract\u00e9ristiques de l\u2019arbre utilis\u00e9, son s\u00e9chage et la m\u00e9t\u00e9o, entre autres facteurs. C\u2019est in\u00e9vitable et inh\u00e9rent au sens de la fibre du bois.<br \/>\nDans ce cadre, le fabricant prend \u00e0 sa charge le remplacement de la brosse \u00e0 dents inutilisable.<\/p>\n<p>Un produit My Boo Company<\/p>\n","protected":false},"excerpt":{"rendered":"<p>La brosse \u00e0 dents astucieuse et durable pour se laver les dents sans salir la plan\u00e8te.<br \/>\nFabriqu\u00e9e en France en bois de h\u00eatre. 100% recyclable.<br \/>\nChangez de t\u00eate, rien d\u2019autre !<br \/>\nSa t\u00eate amovible vous permet de garder tr\u00e8s longtemps le manche et de limiter vos d\u00e9chets.<br \/>\nV\u00e9gan. Fixation des poils sans colle chimique. Traitement naturel \u00e0 l\u2019huile de lin.<br \/>\nDuret\u00e9 des poils : souple.<\/p>\n<p>Vendue en vrac (sans emballage)<\/p>\n","protected":false},"featured_media":2225,"comment_status":"open","ping_status":"closed","template":"","meta":{"advanced_seo_description":"","jetpack_seo_html_title":"","jetpack_seo_noindex":false},"product_cat":[169,51],"product_tag":[],"class_list":["post-2293","product","type-product","status-publish","has-post-thumbnail","hentry","product_cat-accessoires-beaute-es","product_cat-sin-categorizar"],"acf":[],"_links":{"self":[{"href":"http:\/\/preprod.chamarrel.fr\/es\/wp-json\/wp\/v2\/product\/2293","targetHints":{"allow":["GET"]}}],"collection":[{"href":"http:\/\/preprod.chamarrel.fr\/es\/wp-json\/wp\/v2\/product"}],"about":[{"href":"http:\/\/preprod.chamarrel.fr\/es\/wp-json\/wp\/v2\/types\/product"}],"replies":[{"embeddable":true,"href":"http:\/\/preprod.chamarrel.fr\/es\/wp-json\/wp\/v2\/comments?post=2293"}],"wp:featuredmedia":[{"embeddable":true,"href":"http:\/\/preprod.chamarrel.fr\/es\/wp-json\/wp\/v2\/media\/2225"}],"wp:attachment":[{"href":"http:\/\/preprod.chamarrel.fr\/es\/wp-json\/wp\/v2\/media?parent=2293"}],"wp:term":[{"taxonomy":"product_cat","embeddable":true,"href":"http:\/\/preprod.chamarrel.fr\/es\/wp-json\/wp\/v2\/product_cat?post=2293"},{"taxonomy":"product_tag","embeddable":true,"href":"http:\/\/preprod.chamarrel.fr\/es\/wp-json\/wp\/v2\/product_tag?post=2293"}],"curies":[{"name":"wp","href":"https:\/\/api.w.org\/{rel}","templated":true}]}}