{"id":2025,"date":"2023-05-11T21:34:44","date_gmt":"2023-05-11T19:34:44","guid":{"rendered":"https:\/\/chamarrel.live\/?post_type=product&#038;p=2025"},"modified":"2025-10-26T14:39:46","modified_gmt":"2025-10-26T13:39:46","slug":"kit-demaquillant-brevete","status":"publish","type":"product","link":"http:\/\/preprod.chamarrel.fr\/es\/nuestros-productos\/accessoires-beaute-es\/cotons-demaquillants-lavables-es\/kit-demaquillant-brevete\/","title":{"rendered":"KIT D\u00c9MAQUILLANT | BREVET\u00c9"},"content":{"rendered":"<p>KIT DEMAQUILLANT| BREVETE<br \/>\nFabrication :<br \/>\nCotons d\u00e9maquillants : Tencel (une face molleton et une face micro-\u00e9ponge).<br \/>\nPochon : lin fran\u00e7ais.<br \/>\nFilet : coton bio.<\/p>\n<p>Dimensions :<br \/>\nCotons d\u00e9maquillants : 80 x 80 mm.<br \/>\nPochon : largeur x hauteur: 90 x 130 mm.<br \/>\nFilet de lavage int\u00e9gr\u00e9 : largeur x hauteur: 85 x 160 mm.<\/p>\n<p>Conseils d\u2019utilisation :<br \/>\nConservez votre routine d\u00e9maquillante habituelle ! Notre kit d\u00e9maquillant brevet\u00e9 s&#8217;adapte sans probl\u00e8me \u00e0 votre lotion d\u00e9maquillante habituelle.<br \/>\nEau micellaire, lait d\u00e9maquillant, d\u00e9maquillant solide, huile ou hydrolat, nos carr\u00e9s d\u00e9maquillants sont tout-terrain et prennent soin en douceur de votre grain de peau et n&#8217;absorbent pas plus de produit que les cotons jetables.<br \/>\nLa douceur de nos cotons d\u00e9maquillants est compatible avec les peaux sensibles.<\/p>\n<p>Avant la 1\u00e8re utilisation, laissez tremper vos carr\u00e9s d\u00e9maquillants 24h dans l\u2019eau chaude, puis lavez-les.Cela \u00e9vite qu\u2019ils peluchent trop au d\u00e9but. Cet effet \u201cpeluche\u201d est normal et dispara\u00eet d\u00e8s le premier lavage.<\/p>\n<p>Entretien :<br \/>\nVos carr\u00e9s d\u00e9maquillants se lavent en machine \u00e0 30\u00b0C ou 40\u00b0C. Un lavage ocasionnel \u00e0 60\u00b0 est possible.<br \/>\nComment se d\u00e9barrasser des t\u00e2ches tenaces de maquillage sur les carr\u00e9s ?<br \/>\nNettoyez d\u00e9licatement vos carr\u00e9s d\u00e9maquillants au vrai savon de Marseille. M\u00eame les t\u00e2ches de maquillage waterproof en prendront un coup.<br \/>\nComment garder vos cotons lavables \u00e9clatants, immacul\u00e9s et doux pendant des ann\u00e9es ?<br \/>\nTrempez-les de temps en temps dans l&#8217;eau ti\u00e8de avec 2 cuill\u00e8res \u00e0 soupe de percarbonate de soude, puis lvez-les en machine.<\/p>\n","protected":false},"excerpt":{"rendered":"<p>D\u00e9marquez-vous ! Adoptez un mod\u00e8le fran\u00e7ais d\u00e9pos\u00e9 et brevet\u00e9 avec distributeur de cotons par le dessous et des carr\u00e9s d\u00e9maquillants doux et durables, fabriqu\u00e9s en France.<br \/>\nLe kit tout-en-un est l\u2019accessoire par excellence pour adopter une routine d\u00e9maquillante simple, agr\u00e9able et \u00e9coresponsable. Il offre une exp\u00e9rience de d\u00e9maquillage in\u00e9dite. Con\u00e7u comme un tout il est compos\u00e9 d\u2019accessoires compl\u00e9mentaires int\u00e9gr\u00e9s dans un pochon en lin fran\u00e7ais, pour une exp\u00e9rience optimis\u00e9e.<br \/>\nLe kit contient : 1 pochon pour les carr\u00e9s propres, 15 carr\u00e9s tr\u00e8s doux en Tencel bifaces, 1 filet de lavage pour placer par le haut les carr\u00e9s d\u00e9maquillants usag\u00e9s. A suspendre ou \u00e0 poser.<br \/>\nCompos\u00e9 uniquement de mati\u00e8res naturelles.<br \/>\nCr\u00e9\u00e9 et fabriqu\u00e9 en France.<\/p>\n<p>Marque : Manamani. Vendu sous licence.<\/p>\n","protected":false},"featured_media":5006,"comment_status":"open","ping_status":"closed","template":"","meta":{"advanced_seo_description":"","jetpack_seo_html_title":"","jetpack_seo_noindex":false},"product_cat":[169,171],"product_tag":[],"class_list":["post-2025","product","type-product","status-publish","has-post-thumbnail","hentry","product_cat-accessoires-beaute-es","product_cat-cotons-demaquillants-lavables-es"],"acf":[],"_links":{"self":[{"href":"http:\/\/preprod.chamarrel.fr\/es\/wp-json\/wp\/v2\/product\/2025","targetHints":{"allow":["GET"]}}],"collection":[{"href":"http:\/\/preprod.chamarrel.fr\/es\/wp-json\/wp\/v2\/product"}],"about":[{"href":"http:\/\/preprod.chamarrel.fr\/es\/wp-json\/wp\/v2\/types\/product"}],"replies":[{"embeddable":true,"href":"http:\/\/preprod.chamarrel.fr\/es\/wp-json\/wp\/v2\/comments?post=2025"}],"wp:featuredmedia":[{"embeddable":true,"href":"http:\/\/preprod.chamarrel.fr\/es\/wp-json\/wp\/v2\/media\/5006"}],"wp:attachment":[{"href":"http:\/\/preprod.chamarrel.fr\/es\/wp-json\/wp\/v2\/media?parent=2025"}],"wp:term":[{"taxonomy":"product_cat","embeddable":true,"href":"http:\/\/preprod.chamarrel.fr\/es\/wp-json\/wp\/v2\/product_cat?post=2025"},{"taxonomy":"product_tag","embeddable":true,"href":"http:\/\/preprod.chamarrel.fr\/es\/wp-json\/wp\/v2\/product_tag?post=2025"}],"curies":[{"name":"wp","href":"https:\/\/api.w.org\/{rel}","templated":true}]}}