{"id":1472,"date":"2023-05-09T13:23:27","date_gmt":"2023-05-09T11:23:27","guid":{"rendered":"https:\/\/chamarrel.live\/?post_type=product&#038;p=1472"},"modified":"2024-12-27T23:57:58","modified_gmt":"2024-12-27T22:57:58","slug":"savon-dalep-traditionnel","status":"publish","type":"product","link":"http:\/\/preprod.chamarrel.fr\/es\/nuestros-productos\/cosmetique-solide-es\/savons-solides-es\/savon-dalep-traditionnel\/","title":{"rendered":"SAVON D&#8217;ALEP | SAPONIFICATION A FROID"},"content":{"rendered":"<p>100% naturel, le savon d\u2019Alep associe les propri\u00e9t\u00e9s<br \/>\nhydratantes de l\u2019huile d\u2019olive \u00e0 celles, antiseptiques,<br \/>\nd\u00e9sinfectantes, et apaisantes de l\u2019huile de baies de<br \/>\nlaurier. Sans produit de synth\u00e8se, sans colorant,<br \/>\nsans parfum, sans antioxydant, sans d\u00e9riv\u00e9 de<br \/>\ngraisse animale.<br \/>\n100% biod\u00e9gradable. Garanti sans huile de palme.<br \/>\nConvient \u00e0 toutes les peaux, m\u00eame les plus<br \/>\nsensibles. Tous fabriqu\u00e9s par un ma\u00eetre savonnier<br \/>\nsyrien, ils se d\u00e9clinent sous deux grandes cat\u00e9gories,<br \/>\nles traditionnels, et les saponifi\u00e9s \u00e0 froid<\/p>\n","protected":false},"excerpt":{"rendered":"<p>Con\u00e7us selon le proc\u00e9d\u00e9 ancestral<br \/>\nde la fabrication d\u2019Alep.<br \/>\nFabriqu\u00e9s en France. De 20% \u00e0 75% d\u2019huile de baies de<br \/>\nlaurier, biologiques dans leur immense majorit\u00e9 (hormis le<br \/>\n75%).<\/p>\n","protected":false},"featured_media":1524,"comment_status":"open","ping_status":"closed","template":"","meta":{"advanced_seo_description":"","jetpack_seo_html_title":"","jetpack_seo_noindex":false},"product_cat":[297,187,199],"product_tag":[],"class_list":["post-1472","product","type-product","status-publish","has-post-thumbnail","hentry","product_cat-savon-dalep-es","product_cat-cosmetique-solide-es","product_cat-savons-solides-es"],"acf":[],"_links":{"self":[{"href":"http:\/\/preprod.chamarrel.fr\/es\/wp-json\/wp\/v2\/product\/1472","targetHints":{"allow":["GET"]}}],"collection":[{"href":"http:\/\/preprod.chamarrel.fr\/es\/wp-json\/wp\/v2\/product"}],"about":[{"href":"http:\/\/preprod.chamarrel.fr\/es\/wp-json\/wp\/v2\/types\/product"}],"replies":[{"embeddable":true,"href":"http:\/\/preprod.chamarrel.fr\/es\/wp-json\/wp\/v2\/comments?post=1472"}],"wp:featuredmedia":[{"embeddable":true,"href":"http:\/\/preprod.chamarrel.fr\/es\/wp-json\/wp\/v2\/media\/1524"}],"wp:attachment":[{"href":"http:\/\/preprod.chamarrel.fr\/es\/wp-json\/wp\/v2\/media?parent=1472"}],"wp:term":[{"taxonomy":"product_cat","embeddable":true,"href":"http:\/\/preprod.chamarrel.fr\/es\/wp-json\/wp\/v2\/product_cat?post=1472"},{"taxonomy":"product_tag","embeddable":true,"href":"http:\/\/preprod.chamarrel.fr\/es\/wp-json\/wp\/v2\/product_tag?post=1472"}],"curies":[{"name":"wp","href":"https:\/\/api.w.org\/{rel}","templated":true}]}}