{"id":1424,"date":"2023-05-09T13:11:15","date_gmt":"2023-05-09T11:11:15","guid":{"rendered":"https:\/\/chamarrel.live\/?post_type=product&#038;p=1424"},"modified":"2025-07-31T16:54:24","modified_gmt":"2025-07-31T14:54:24","slug":"savon-de-marseille-parfume","status":"publish","type":"product","link":"http:\/\/preprod.chamarrel.fr\/es\/nuestros-productos\/cosmetique-solide-es\/savons-solides-es\/savon-de-marseille-parfume\/","title":{"rendered":"SAVON DE MARSEILLE | PARFUM\u00c9"},"content":{"rendered":"<p>Savon de toilette v\u00e9g\u00e9tal. Cube 150 g. Vendu sans emballage.<br \/>\nFait \u00e0 Marseille par une savonnerie artisanale et traditionnelle labellis\u00e9e EPV. Enrichi aux extraits de noyaux d&#8217;abricots, de menthe broy\u00e9e, de lavande, de p\u00e9tales de rose, et de vigne rouge.<\/p>\n<p>Poids pris sur savon frais. Sujet \u00e0 dessication.<\/p>\n<p>Possibilit\u00e9 d&#8217;avoir le lot de 5 avec les 5 parfums.<\/p>\n<p>&nbsp;<\/p>\n<p>INCI<br \/>\n<strong>Noyaux d&#8217;abricots<\/strong><\/p>\n<p>Sodium palmate*, Sodium palmkernelate, Aqua, Parfum, Prunus armeniaca kernel extract,<br \/>\nGlycerin, Sodium chloride, Hexyl cinnamal, Linalool, Benzyl alcohol, Geraniol, Benzyl<br \/>\nsalicylate, Limonene, Amyl cinnamal, Alpha-isomethylionone, Tetrasodium etidronate, CI<br \/>\n12490, CI 11710, CI 11680, Sodium laureth sulfate, o-phenylphenol<\/p>\n<p><em>*Huile de palme certifi\u00e9e RSPO (production durable).<\/em><\/p>\n<p><img loading=\"lazy\" decoding=\"async\" class=\"size-medium wp-image-4973 alignright\" src=\"https:\/\/i0.wp.com\/preprod.chamarrel.fr\/wp-content\/uploads\/2023\/05\/Blog-Chamarrel-6.gif?resize=300%2C300\" alt=\"\" width=\"300\" height=\"300\" srcset=\"https:\/\/i0.wp.com\/preprod.chamarrel.fr\/wp-content\/uploads\/2023\/05\/Blog-Chamarrel-6.gif?resize=300%2C300 300w, https:\/\/i0.wp.com\/preprod.chamarrel.fr\/wp-content\/uploads\/2023\/05\/Blog-Chamarrel-6.gif?resize=150%2C150 150w, https:\/\/i0.wp.com\/preprod.chamarrel.fr\/wp-content\/uploads\/2023\/05\/Blog-Chamarrel-6.gif?resize=768%2C768 768w, https:\/\/i0.wp.com\/preprod.chamarrel.fr\/wp-content\/uploads\/2023\/05\/Blog-Chamarrel-6.gif?resize=180%2C180 180w, https:\/\/i0.wp.com\/preprod.chamarrel.fr\/wp-content\/uploads\/2023\/05\/Blog-Chamarrel-6.gif?resize=600%2C600 600w, https:\/\/i0.wp.com\/preprod.chamarrel.fr\/wp-content\/uploads\/2023\/05\/Blog-Chamarrel-6.gif?resize=100%2C100 100w\" sizes=\"auto, (max-width: 300px) 100vw, 300px\" data-recalc-dims=\"1\" \/><\/p>\n<p>&nbsp;<\/p>\n<p><strong>Menthe broy\u00e9e<\/strong><\/p>\n<p>Sodium palmate*, Aqua, Olea europaea fruit oil, Sodium palmkernelate, Coco nucifera oil,<br \/>\nElaeis guineensis oil, Parfum, Sodium hydroxide, Sodium chloride, Mentham officinalis<br \/>\nextract, Glycerin, Palm kernel acid, Citral, Citronellol, Eugenol, Geraniol, Limonene,<br \/>\nLinalool, Tetrasodium etidronate<\/p>\n<p><em>*Huile de palme certifi\u00e9e RSPO (production durable).<\/em><\/p>\n<div><\/div>\n<p><strong>Lavande broy\u00e9e<\/strong><br \/>\nSodium palmate, Sodium palm kernelate, Aqua, Lavandula hybrida oil, Lavandula angustifolia flower, Palm kernel acid, Glycerin, Sodium chloride, Tetrasodium etidronate, CI 14700, CI 17200, CI 42090, Geraniol, Limonene, Linalool<\/p>\n<p><em>*Huile de palme certifi\u00e9e RSPO (production durable).<\/em><\/p>\n<p>&nbsp;<\/p>\n<p><strong>P\u00e9tales de rose<\/strong><br \/>\nSodium, Sodium kernelate, Aqua, Parfum, kernel acid, Rosa centifolia flower powder, Glycerin, Sodium chloride, Benzyl benzoate, Benzyl salicylate, Citronellol, Geraniol, Linalool, Tetrasodium etidronate, CI 14700, CI 17200<\/p>\n<p><em>*Huile de palme certifi\u00e9e RSPO (production durable).<\/em><\/p>\n<p>&nbsp;<\/p>\n<p><strong>Vigne rouge<\/strong><br \/>\nSodium palmate, Sodium palm kernelate, Aqua, Parfum, Palm kernel acid, Vitis vinifera extract, Glycerin, Sodium chloride, Tetrasodium etidronate, CI 19140, CI 14700, CI 17200, CI 77288, CI 77299, Benzyl alcohol, Benzyl benzoate<\/p>\n<p><em>*Huile de palme certifi\u00e9e RSPO (production durable).<\/em><\/p>\n","protected":false},"excerpt":{"rendered":"<p>Savon de Marseille parfum\u00e9. Cube de 150 grammes.<br \/>\nNoyaux d&#8217;abricots, lavande broy\u00e9e, p\u00e9tales de rose, vigne rouge ou menthe broy\u00e9e, leur parfum d\u00e9licat est une merveille.<br \/>\nFabriqu\u00e9 en France, \u00e0 Marseille.<br \/>\nVendu sans emballage (en vrac).<br \/>\nPossibilit\u00e9 d&#8217;avoir le lot de 5 avec les 5 parfums.<\/p>\n","protected":false},"featured_media":5126,"comment_status":"open","ping_status":"closed","template":"","meta":{"advanced_seo_description":"","jetpack_seo_html_title":"","jetpack_seo_noindex":false},"product_cat":[187,199,294],"product_tag":[],"class_list":["post-1424","product","type-product","status-publish","has-post-thumbnail","hentry","product_cat-cosmetique-solide-es","product_cat-savons-solides-es","product_cat-savon-de-marseille-es"],"acf":[],"_links":{"self":[{"href":"http:\/\/preprod.chamarrel.fr\/es\/wp-json\/wp\/v2\/product\/1424","targetHints":{"allow":["GET"]}}],"collection":[{"href":"http:\/\/preprod.chamarrel.fr\/es\/wp-json\/wp\/v2\/product"}],"about":[{"href":"http:\/\/preprod.chamarrel.fr\/es\/wp-json\/wp\/v2\/types\/product"}],"replies":[{"embeddable":true,"href":"http:\/\/preprod.chamarrel.fr\/es\/wp-json\/wp\/v2\/comments?post=1424"}],"wp:featuredmedia":[{"embeddable":true,"href":"http:\/\/preprod.chamarrel.fr\/es\/wp-json\/wp\/v2\/media\/5126"}],"wp:attachment":[{"href":"http:\/\/preprod.chamarrel.fr\/es\/wp-json\/wp\/v2\/media?parent=1424"}],"wp:term":[{"taxonomy":"product_cat","embeddable":true,"href":"http:\/\/preprod.chamarrel.fr\/es\/wp-json\/wp\/v2\/product_cat?post=1424"},{"taxonomy":"product_tag","embeddable":true,"href":"http:\/\/preprod.chamarrel.fr\/es\/wp-json\/wp\/v2\/product_tag?post=1424"}],"curies":[{"name":"wp","href":"https:\/\/api.w.org\/{rel}","templated":true}]}}