{"id":1388,"date":"2023-05-09T13:00:44","date_gmt":"2023-05-09T11:00:44","guid":{"rendered":"https:\/\/chamarrel.live\/?post_type=product&#038;p=1388"},"modified":"2024-11-01T11:21:18","modified_gmt":"2024-11-01T10:21:18","slug":"deodorant-solide","status":"publish","type":"product","link":"http:\/\/preprod.chamarrel.fr\/es\/nuestros-productos\/cosmetique-solide-es\/deodorant-solide-es\/deodorant-solide\/","title":{"rendered":"D\u00c9ODORANT SOLIDE"},"content":{"rendered":"<p><strong>D\u00c9ODORANT\u00a0SOLIDE<\/strong>\u00a0|<strong> Z\u00c9RO D\u00c9CHET<\/strong><\/p>\n<p>&nbsp;<\/p>\n<p><strong>Conseils d\u2019utilisation<\/strong>\u00a0: Frottez d\u00e9licatement le galet de d\u00e9odorant sous votre aisselle pr\u00e9alablement lav\u00e9e et s\u00e8che. Le tour est jou\u00e9 !<\/p>\n<p>Vous restez au frais sans bloquer votre processus naturel de transpiration. Bon pour la sant\u00e9, pour l&#8217;hygi\u00e8ne personnelle et la vie sociale.<br \/>\n<strong>Pr\u00e9cautions<\/strong>\u00a0: Contient des huiles essentielles. Ne convient pas aux femmes enceintes ou allaitantes. Ne convient pas aux enfants de moins de 10 ans.<\/p>\n<p>&nbsp;<\/p>\n<p>&nbsp;<\/p>\n<p><strong>INGREDIENTS INCI :\u00a0<\/strong><\/p>\n<p>&nbsp;<\/p>\n<p><strong>Le Frais<\/strong>\u00a0: Sodium Bicarbonate, Butyrospermum Parkii Butter*, Zea Mays Starch, Cetearyl, Alcohol, Corylus Avellana Seed Oil*, Candelilla Cera, Helianthus Annuus Seed Oil, Mentha Piperita Oil*, Tocopherol, Limonene, Linalool.<\/p>\n<p>&nbsp;<\/p>\n<p>En clair : Bicarbonate de soude, beurre de karit\u00e9, amidon de ma\u00efs, agent \u00e9paississant, huile de noisette, cire de candelilla, huile essentielle de Palmarosa, huile de tournesol, huile essentielle de menthe poivr\u00e9e, Vitamine E<\/p>\n<p>&nbsp;<\/p>\n<p><strong>Le Fleuri<\/strong>\u00a0: Sodium Bicarbonate, Butyrospermum Parkii Butter*, Zea Mays Starch, Cetearyl, Alcohol, Corylus Avellana Seed Oil*, Candelilla Cera, Cymbopogon Martini Oil, Helianthus Annuus Seed Oil, Lavandula Hybrida Herb Oil,Rosmarinus Officinalis Leaf Oil, Tocopherol, Citral, Farnesol, Geraniol, Limonene, Linalool.<\/p>\n<p>&nbsp;<\/p>\n<p>En clair : Bicarbonate de soude, beurre de karit\u00e9, amidon de ma\u00efs, agent \u00e9paississant, huile de noisette, cire de candelilla, huile essentielle de Palmarosa, huile de tournesol, huile essentielle de lavandin super, huile essentielle de romarin \u00e0 cin\u00e9ole, Vitamine E<\/p>\n<p>&nbsp;<\/p>\n","protected":false},"excerpt":{"rendered":"<p>Formule 100% d\u2019origine naturelle. Fabriqu\u00e9 en<br \/>\nFrance.<br \/>\nEncore un accessoire durable pour une hygi\u00e8ne<br \/>\nz\u00e9ro d\u00e9chet. Un galet \u00e0 frotter directement sur une<br \/>\naisselle propre et s\u00e8che.<br \/>\n2 d\u00e9clinaisons pour peaux normales :<br \/>\nLE FRAIS | aux notes de menthe poivr\u00e9e<br \/>\nLE FLEURI | aux notes de romarin et de palmarosa<br \/>\n40 g. Disponible en bo\u00eete alu, ou en vrac.<\/p>\n","protected":false},"featured_media":4356,"comment_status":"open","ping_status":"closed","template":"","meta":{"advanced_seo_description":"","jetpack_seo_html_title":"","jetpack_seo_noindex":false},"product_cat":[187,195],"product_tag":[],"class_list":["post-1388","product","type-product","status-publish","has-post-thumbnail","hentry","product_cat-cosmetique-solide-es","product_cat-deodorant-solide-es"],"acf":[],"_links":{"self":[{"href":"http:\/\/preprod.chamarrel.fr\/es\/wp-json\/wp\/v2\/product\/1388","targetHints":{"allow":["GET"]}}],"collection":[{"href":"http:\/\/preprod.chamarrel.fr\/es\/wp-json\/wp\/v2\/product"}],"about":[{"href":"http:\/\/preprod.chamarrel.fr\/es\/wp-json\/wp\/v2\/types\/product"}],"replies":[{"embeddable":true,"href":"http:\/\/preprod.chamarrel.fr\/es\/wp-json\/wp\/v2\/comments?post=1388"}],"wp:featuredmedia":[{"embeddable":true,"href":"http:\/\/preprod.chamarrel.fr\/es\/wp-json\/wp\/v2\/media\/4356"}],"wp:attachment":[{"href":"http:\/\/preprod.chamarrel.fr\/es\/wp-json\/wp\/v2\/media?parent=1388"}],"wp:term":[{"taxonomy":"product_cat","embeddable":true,"href":"http:\/\/preprod.chamarrel.fr\/es\/wp-json\/wp\/v2\/product_cat?post=1388"},{"taxonomy":"product_tag","embeddable":true,"href":"http:\/\/preprod.chamarrel.fr\/es\/wp-json\/wp\/v2\/product_tag?post=1388"}],"curies":[{"name":"wp","href":"https:\/\/api.w.org\/{rel}","templated":true}]}}