{"id":1342,"date":"2023-05-09T12:46:30","date_gmt":"2023-05-09T10:46:30","guid":{"rendered":"https:\/\/chamarrel.live\/?post_type=product&#038;p=1342"},"modified":"2024-01-01T23:00:06","modified_gmt":"2024-01-01T22:00:06","slug":"dentifrice-a-croquer-certifie-bio","status":"publish","type":"product","link":"http:\/\/preprod.chamarrel.fr\/es\/nuestros-productos\/cosmetique-solide-es\/dentifrice-solide-es\/dentifrice-a-croquer-certifie-bio\/","title":{"rendered":"DENTIFRICE \u00c0 CROQUER | CERTIFI\u00c9 BIO"},"content":{"rendered":"<p>Conseils d\u2019utilisation : Croquez une pastille. Humidifier votre brosse \u00e0 dents, puis brossez et rincez.<br \/>\nPr\u00e9cautions d\u2019emploi : Ne pas avaler. Tenir hors de port\u00e9e des enfants. Utilisation d\u00e8s 7 ans, sous surveillance d\u2019un adulte.<br \/>\nConservation : A conserver ferm\u00e9, dans un endroit frais et sec, \u00e0 l\u2019abri de la lumi\u00e8re, pour \u00e9viter la recristallisation du menthol. Une consommation excessive peut avoir des effets laxatifs.<\/p>\n<p>Composition inci<br \/>\nXylitol, Calcium citrate, Calcium carbonate, Zea mays starch*, Sodium coco\u2010sulfate, Bentonite, Magnesium stearate, Sodium bicarbonate, Aroma**, Citric acid, Menthol*, Xanthan gum<br \/>\n* ingr\u00e9dients issus de l\u2019Agriculture Biologique<br \/>\n** transform\u00e9 \u00e0 partir d&#8217;ingr\u00e9dients biologiques<br \/>\n100 % du total est d&#8217;origine naturelle<br \/>\n12.9 % du total des ingr\u00e9dients sont issus de l&#8217;agriculture biologique<\/p>\n<p>COSMOS Organic certifi\u00e9 par Ecocert Greenlife selon le r\u00e9f\u00e9rentiel COSMOS.<\/p>\n","protected":false},"excerpt":{"rendered":"<p>Pastilles de dentifrice \u00e0 croquer certifi\u00e9 biologique.<br \/>\nL\u2019accessoire z\u00e9ro d\u00e9chet qui donne le sourire.<br \/>\nPastilles menthe, sans fluor.<br \/>\nFabriqu\u00e9 en France.<\/p>\n","protected":false},"featured_media":1636,"comment_status":"open","ping_status":"closed","template":"","meta":{"advanced_seo_description":"","jetpack_seo_html_title":"","jetpack_seo_noindex":false},"product_cat":[187,189],"product_tag":[],"class_list":["post-1342","product","type-product","status-publish","has-post-thumbnail","hentry","product_cat-cosmetique-solide-es","product_cat-dentifrice-solide-es"],"acf":[],"_links":{"self":[{"href":"http:\/\/preprod.chamarrel.fr\/es\/wp-json\/wp\/v2\/product\/1342","targetHints":{"allow":["GET"]}}],"collection":[{"href":"http:\/\/preprod.chamarrel.fr\/es\/wp-json\/wp\/v2\/product"}],"about":[{"href":"http:\/\/preprod.chamarrel.fr\/es\/wp-json\/wp\/v2\/types\/product"}],"replies":[{"embeddable":true,"href":"http:\/\/preprod.chamarrel.fr\/es\/wp-json\/wp\/v2\/comments?post=1342"}],"wp:featuredmedia":[{"embeddable":true,"href":"http:\/\/preprod.chamarrel.fr\/es\/wp-json\/wp\/v2\/media\/1636"}],"wp:attachment":[{"href":"http:\/\/preprod.chamarrel.fr\/es\/wp-json\/wp\/v2\/media?parent=1342"}],"wp:term":[{"taxonomy":"product_cat","embeddable":true,"href":"http:\/\/preprod.chamarrel.fr\/es\/wp-json\/wp\/v2\/product_cat?post=1342"},{"taxonomy":"product_tag","embeddable":true,"href":"http:\/\/preprod.chamarrel.fr\/es\/wp-json\/wp\/v2\/product_tag?post=1342"}],"curies":[{"name":"wp","href":"https:\/\/api.w.org\/{rel}","templated":true}]}}