{"id":686,"date":"2023-03-27T14:33:48","date_gmt":"2023-03-27T12:33:48","guid":{"rendered":"https:\/\/chamarrel.live\/nos-produits\/uncategorized\/porte-savon-aimante-fabrique-en-france\/"},"modified":"2026-02-03T12:23:20","modified_gmt":"2026-02-03T11:23:20","slug":"porte-savon-aimante-fabrique-en-france","status":"publish","type":"product","link":"http:\/\/preprod.chamarrel.fr\/en\/nos-produits\/porte-savon-aimante-en\/porte-savon-aimante-avec-ventouse-en\/porte-savon-aimante-fabrique-en-france\/","title":{"rendered":"PORTE-SAVON AIMANT\u00c9 FRANCAIS | EN VRAC"},"content":{"rendered":"<div class=\"jetpack-video-wrapper\"><iframe loading=\"lazy\" title=\"Porte-savon aimant\u00e9 : la qualit\u00e9 fran\u00e7aise au meilleur prix\" width=\"640\" height=\"360\" src=\"https:\/\/www.youtube.com\/embed\/rvrzuyV3Pt0?feature=oembed\" frameborder=\"0\" allow=\"accelerometer; autoplay; clipboard-write; encrypted-media; gyroscope; picture-in-picture; web-share\" referrerpolicy=\"strict-origin-when-cross-origin\" allowfullscreen><\/iframe><\/div>\n<p>PORTE-SAVON PRATIQUE ET ESTH\u00c9TIQUE<br \/>\n200 grammes en l\u00e9vitation<br \/>\nPetit mais costaud. La ventouse est petite, le support quasi-invisible. Mais il soutient \u00e0 la verticale jusqu\u2019\u00e0 200 grammes de savon solide. Qui dit mieux ?<\/p>\n<p><img loading=\"lazy\" decoding=\"async\" class=\"alignright wp-image-4969\" src=\"https:\/\/i0.wp.com\/preprod.chamarrel.fr\/wp-content\/uploads\/2023\/03\/Design-sans-titre.gif?resize=400%2C400\" alt=\"\" width=\"400\" height=\"400\" data-recalc-dims=\"1\" \/><\/p>\n<p>Un porte-savon ludique<br \/>\n\u00c9pid\u00e9mie ou pas, les enfants doivent acqu\u00e9rir la bonne habitude de se laver r\u00e9guli\u00e8rement les mains. C\u2019est presque un jeu pour eux avec le porte-savon minimaliste. Le savon est \u00e0 leur port\u00e9e et ils adorent s\u2019en saisir puis l\u2019aimanter. Vous verrez, ce sont eux qui demanderont \u00e0 se laver les mains plus souvent qu\u2019\u00e0 l\u2019accoutum\u00e9e !<\/p>\n<p>Les caract\u00e9ristiques du porte-savon aimant\u00e9 en bref<br \/>\nPratique et mobile : le porte-savon minimaliste se fixe facilement, sans trou ni colle, gr\u00e2ce \u00e0 sa ventouse aimant\u00e9e. Tu le d\u00e9places quand tu veux, et tu peux m\u00eame l\u2019emmener en vacances !<br \/>\n\u00c9cologique et durable : il contribue \u00e0 r\u00e9duire les emballages plastiques dans la salle de bain. Son usage est durable.<br \/>\n\u00c9conomique : le savon s\u00e8che sur toutes ses surfaces simultan\u00e9ment. Tu oublies l\u2019eau stagnante et les pertes de savon qui en d\u00e9coulent. Ton savon subi moins de pertes r\u00e9siduelles et dure plus longtemps donc tu en ach\u00e8tes moins.<br \/>\nMinimaliste : ton savon est comme en l\u00e9vitation, dans la douche, le lavabo ou la baignoire. Le porte-savon minimaliste aimant\u00e9 d\u00e9j\u00e0 tr\u00e8s petit s\u2019efface et tu ne vois que le savon.<\/p>\n<p>Dur\u00e9e de vie du savon prolong\u00e9e<br \/>\nAucune zone de contact direct entre le savon et son support.<\/p>\n<p>SUPPORT \u00c9THIQUE ET DURABLE<\/p>\n<p>Fabriqu\u00e9 en France<br \/>\nChamarrel\u00ae soutient l\u2019artisanat fran\u00e7ais en faisant fabriquer en France et en local des artisans qualifi\u00e9s. C\u2019est ainsi qu\u2019est con\u00e7u le porte savon minimaliste aimant\u00e9. Non seulement sa ventouse et sa capsule sont fran\u00e7aises, mais aussi les supports de pr\u00e9sentation pour les professionnels revendeurs en boutique<\/p>\n<p>Renforce le tissu \u00e9conomique local<br \/>\nLe porte-savon minimaliste Chamarrel\u00ae est le fruit d\u2019une collaboration avec des entreprises fran\u00e7aises et des partenaires locaux, pour la conception, l\u2019assemblage et la conception de displays, des supports de pr\u00e9sentation pour les boutiques. Cela dynamise l\u2019activit\u00e9 \u00e9conomique locale.<\/p>\n<p>Soutient l\u2019\u00e9conomie sociale et solidaire<br \/>\nLa conception du porte-savon minimaliste met \u00e0 contribution \u00e0 l\u2019\u00e9chelle locale des travailleurs en situation de handicap et contribue \u00e0 leur insertion par le travail. L&#8217;assemblage du porte-savon est r\u00e9alis\u00e9 dans un ESAT voisin.<\/p>\n<p>Comment utiliser l&#8217;accessoire star de la salle de bains ?<br \/>\nVous avez le choix de placer la ventouse sur n\u2019importe quelle surface propre, lisse et sans asp\u00e9rit\u00e9s (telle que vitre, lavabo, miroir, faIence, baignoire).<\/p>\n<p>Par pr\u00e9caution, nous vous recommandons, avant achat, de faire le test avec une ventouse quelconque afin de voir si votre support est compatible avec la fixation d&#8217;une ventouse.<\/p>\n<p>Indispensable dans la salle de bains z\u00e9ro d\u00e9chet, il sera aussi tr\u00e8s utile dans la cuisine cuisine pour tenir votre savon m\u00e9nager ou votre savon de Marseille pour la vaisselle.<\/p>\n<p>RECOMMANDATIONS<\/p>\n<p>PREMI\u00c8RE UTILISATION<br \/>\n1. Ins\u00e9rer la capsule au centre du savon, \u00e0 la main, et faites mousser autour.<br \/>\n2. Laissez s\u00e9cher 8 heures avant la 1\u00e8re utilisation.<br \/>\n3. Fixez la ventouse sur une paroi lisse, propre, s\u00e8che et sans asp\u00e9rit\u00e9s.<br \/>\n4. Placez le savon sur la ventouse.<\/p>\n<p>Astuces : Au quotidien, pour d\u00e9crocher le savon, faites-le pivoter (plut\u00f4t que de le tirer) afin de ne pas d\u00e9solidariser la capsule du savon.<\/p>\n<p>Sur savon tr\u00e8s sec, op\u00e9rer d\u00e9licatement en mouillant le savon au pr\u00e9alable et\/ou en enfon\u00e7ant la capsule sous un filet d\u2019eau.<\/p>\n<p>PR\u00c9CAUTIONS<br \/>\nLe porte-savon minimaliste n\u2019est pas un jouet; ne laissez pas la capsule m\u00e9tallique et la ventouse \u00e0 la port\u00e9e des enfants en bas-\u00e2ge. Risque d\u2019ingestion des petites pi\u00e8ces.<\/p>\n<p>Ne pas endommager l\u2019aimant de la partie ventous\u00e9e. Ne pas utiliser d\u2019outil m\u00e9tallique pour le manipuler (pince, etc.) afin d\u2019\u00e9viter la rouille.<\/p>\n<p>Tenir \u00e0 l\u2019\u00e9cart des objet \u00e9lectroniques. Son aimant est puissant.<\/p>\n<p>ENTRETIEN<br \/>\nDe fa\u00e7on hebdomadaire, nettoyez \u00e0 l\u2019eau claire la ventouse et la partie aimant\u00e9e et laissez-les s\u00e9cher afin d\u2019\u00e9viter l\u2019incrustation de r\u00e9sidus qui pourraient endommager le scellement de l\u2019aimant.<\/p>\n<p>D\u00c9TAILS TECHNIQUES<br \/>\n\u00c9tant constitu\u00e9 de petites pi\u00e8ces, le porte-savon z\u00e9ro d\u00e9chet peut repr\u00e9senter un danger pour les plus jeunes. Il est conseill\u00e9 de surveiller les enfants lorsqu\u2019ils manipulent le savon solide.<\/p>\n<p>Attention, l\u2019aimant \u00e9tant puissant, pensez \u00e0 \u00e9loigner les objets \u00e9lectroniques afin d\u2019\u00e9viter toute interf\u00e9rence ou dysfonctionnement.<br \/>\nArticle constitu\u00e9 de 2 pi\u00e8ces : une ventouse contenant un aimant puissant et une capsule \u00e0 enfoncer dans le savon.<br \/>\nAimant n\u00e9odyme avec scellage \u00e9poxy antirouille.<br \/>\nCapsule en acier inoxydable.<\/p>\n<p>Poids net : 12 grammes.<\/p>\n<p>Diam\u00e8tre de la ventouse : 3,5 cm \/ Hauteur de la ventouse + aimant : 1,5 cm<br \/>\nDiam\u00e8tre de la capsule : 2,2 cm \/ Hauteur de la capsule : 0,5 cm<br \/>\nCouleur de l&#8217;aimant : argent<\/p>\n<p>Poids maximum support\u00e9 :<\/p>\n<p>200 g : dans toutes les positions y compris \u00e0 la verticale.<br \/>\n400 g : \u00e0 l&#8217;horizontal (ventouse fix\u00e9e sur un plan horizontal)<br \/>\nFabriqu\u00e9 en France.<\/p>\n","protected":false},"excerpt":{"rendered":"<p>Support aimant\u00e9 esth\u00e9tique et pratique pour savon solide. Fabriqu\u00e9 en France, le porte-savon aimant\u00e9 et minimaliste sublime le savon. S\u00e9chage rapide et int\u00e9gral du savon. Dur\u00e9e de vie augment\u00e9e.<br \/>\nOubliez le savon mou qui colle ou d\u00e9gouline. Le savon solide est en l\u00e9vitation, \u00e0 la verticale. Toujours \u00e0 port\u00e9e de main, il se replace facilement et sans salissures.<br \/>\nSupporte jusqu\u2019\u00e0 200 grammes \u00e0 la verticale et jusqu\u2019\u00e0 400 grammes sur support horizontal.<br \/>\nVendu en vrac, au d\u00e9tail. Compatible avec tous types de soins solides (savons, shampoings), sauf produits friables.<br \/>\nFabriqu\u00e9 en France par Chamarrel\u00ae<\/p>\n","protected":false},"featured_media":4206,"comment_status":"open","ping_status":"closed","template":"","meta":{"advanced_seo_description":"","jetpack_seo_html_title":"","jetpack_seo_noindex":false},"product_cat":[364,255,253],"product_tag":[360],"class_list":["post-686","product","type-product","status-publish","has-post-thumbnail","hentry","product_cat-export2lhdm-en","product_cat-porte-savon-aimante-en","product_cat-porte-savon-aimante-avec-ventouse-en","product_tag-export2lhdm-en"],"acf":[],"_links":{"self":[{"href":"http:\/\/preprod.chamarrel.fr\/en\/wp-json\/wp\/v2\/product\/686","targetHints":{"allow":["GET"]}}],"collection":[{"href":"http:\/\/preprod.chamarrel.fr\/en\/wp-json\/wp\/v2\/product"}],"about":[{"href":"http:\/\/preprod.chamarrel.fr\/en\/wp-json\/wp\/v2\/types\/product"}],"replies":[{"embeddable":true,"href":"http:\/\/preprod.chamarrel.fr\/en\/wp-json\/wp\/v2\/comments?post=686"}],"wp:featuredmedia":[{"embeddable":true,"href":"http:\/\/preprod.chamarrel.fr\/en\/wp-json\/wp\/v2\/media\/4206"}],"wp:attachment":[{"href":"http:\/\/preprod.chamarrel.fr\/en\/wp-json\/wp\/v2\/media?parent=686"}],"wp:term":[{"taxonomy":"product_cat","embeddable":true,"href":"http:\/\/preprod.chamarrel.fr\/en\/wp-json\/wp\/v2\/product_cat?post=686"},{"taxonomy":"product_tag","embeddable":true,"href":"http:\/\/preprod.chamarrel.fr\/en\/wp-json\/wp\/v2\/product_tag?post=686"}],"curies":[{"name":"wp","href":"https:\/\/api.w.org\/{rel}","templated":true}]}}