{"id":4850,"date":"2024-11-01T21:34:18","date_gmt":"2024-11-01T20:34:18","guid":{"rendered":"https:\/\/preprod.chamarrel.fr\/?post_type=product&#038;p=4850"},"modified":"2024-11-01T21:40:26","modified_gmt":"2024-11-01T20:40:26","slug":"filet-de-lavage-coton-bio","status":"publish","type":"product","link":"http:\/\/preprod.chamarrel.fr\/en\/nos-produits\/en-vrac-sans-emballage-en\/entretien-ecologique-en\/filet-de-lavage-coton-bio\/","title":{"rendered":"FILET DE LAVAGE | COTON BIO"},"content":{"rendered":"<p>POCHETTE A SAVON XL | COTON BIOLOGIQUE<\/p>\n<p>POURQUOI ON AIME LA POCHETTE A SAVON CHAMARREL\u00ae ?<\/p>\n<p>Elle est biologique (du filet au cordon)<br \/>\nElle est pratique et esth\u00e9tique<br \/>\nElle est biod\u00e9gradable<br \/>\nElle est fabriqu\u00e9e en France et solidaire<br \/>\nPas \u00e9tonnant que cet accessoire z\u00e9ro-d\u00e9chet nous plaise autant !<\/p>\n<p>COMMENT UTILISER LA POCHETTE A SAVON ?<\/p>\n<p>1. DANS LA SALLE DE BAIN<br \/>\nGlissez vos savons ou shampoings solides dans le filet bio, puis serrer le cordon afin de les emp\u00eacher de s\u2019\u00e9chapper. Vous pouvez ensuite vous laver directement avec la pochette \u00e0 savon.<\/p>\n<p>Suspendez ensuite la pochette par son cordon, \u00e0 un crochet ou directement sur le robinet afin qu&#8217;elle s\u00e8che entre deux usages.<\/p>\n<p>2. DANS L&#8217;ARMOIRE OU LE DRESSING<br \/>\nSaviez-vous que plac\u00e9s dans votre armoire certains savons ont des propri\u00e9t\u00e9s antimites ? C&#8217;est le cas du savon de Marseille artisanal et du savon d\u2019Alep. Alors pourquoi ne pas stocker vos savons dans la pochette \u00e0 savon ? Vous n&#8217;aurez plus qu&#8217;\u00e0 la poser ou \u00e0 la suspendre dans votre dressing. C&#8217;est aussi un bon moyen de profiter du parfum de vos meilleurs savons.<\/p>\n<p>3. EN VOYAGE<br \/>\nLa pochette XL est id\u00e9ale pour transporter vos savons lorsqu&#8217;ils sont secs. Un bon moyen de garder sa routine beaut\u00e9 solide, m\u00eame en vacances.<\/p>\n<p>Description &amp; caract\u00e9ristiques<br \/>\n&#8211; Pochette en coton biologique<br \/>\n&#8211; Double cordon de serrage en coton biologique<br \/>\n&#8211; Fabriqu\u00e9 en France en ESAT (Etablissement et Service d\u2019Aide par le Travail : \u00e9conomie sociale et solidaire).<br \/>\n&#8211; Dimensions du sauve-savon : 11 cm par 11 cm.<br \/>\n&#8211; Entretien : Lavage \u00e0 la main, ou en machine \u00e0 30 ou 40 degr\u00e9s. Un l\u00e9ger r\u00e9tr\u00e9cissement peut \u00eatre constat\u00e9 au premier lavage, le sauve-savon \u00e9tant constitu\u00e9 uniquement de coton.<\/p>\n","protected":false},"excerpt":{"rendered":"<p>Fabriqu\u00e9e en France, la pochette \u00e0 savon en coton biologique permet d\u2019ins\u00e9rer int\u00e9gralement vos savons et shampoings, pour vous laver avec.<br \/>\nMuni d\u2019un double cordon de serrage en coton biologique, il permet une meilleure prise en main du savon et la possibilit\u00e9 de le suspendre. Il est \u00e9galement tr\u00e8s appr\u00e9ci\u00e9 lors des voyages pour emporter le savon avec vous.<br \/>\nFabriqu\u00e9 en France et solidaire, naturellement.<br \/>\nUn accessoire malin, bio jusqu\u2019au cordon !<br \/>\nDimensions : 11 x 11 cm.<\/p>\n<p>Disponible \u00e9galement en petit format simplement pour y mettre les petites fins de savons et chutes de shampoing (7x9cm)<\/p>\n","protected":false},"featured_media":4893,"comment_status":"closed","ping_status":"closed","template":"","meta":{"advanced_seo_description":"","jetpack_seo_html_title":"","jetpack_seo_noindex":false},"product_cat":[212],"product_tag":[],"class_list":["post-4850","product","type-product","status-publish","has-post-thumbnail","hentry","product_cat-entretien-ecologique-en"],"acf":[],"_links":{"self":[{"href":"http:\/\/preprod.chamarrel.fr\/en\/wp-json\/wp\/v2\/product\/4850","targetHints":{"allow":["GET"]}}],"collection":[{"href":"http:\/\/preprod.chamarrel.fr\/en\/wp-json\/wp\/v2\/product"}],"about":[{"href":"http:\/\/preprod.chamarrel.fr\/en\/wp-json\/wp\/v2\/types\/product"}],"replies":[{"embeddable":true,"href":"http:\/\/preprod.chamarrel.fr\/en\/wp-json\/wp\/v2\/comments?post=4850"}],"wp:featuredmedia":[{"embeddable":true,"href":"http:\/\/preprod.chamarrel.fr\/en\/wp-json\/wp\/v2\/media\/4893"}],"wp:attachment":[{"href":"http:\/\/preprod.chamarrel.fr\/en\/wp-json\/wp\/v2\/media?parent=4850"}],"wp:term":[{"taxonomy":"product_cat","embeddable":true,"href":"http:\/\/preprod.chamarrel.fr\/en\/wp-json\/wp\/v2\/product_cat?post=4850"},{"taxonomy":"product_tag","embeddable":true,"href":"http:\/\/preprod.chamarrel.fr\/en\/wp-json\/wp\/v2\/product_tag?post=4850"}],"curies":[{"name":"wp","href":"https:\/\/api.w.org\/{rel}","templated":true}]}}