{"id":4224,"date":"2024-11-01T00:12:59","date_gmt":"2024-10-31T23:12:59","guid":{"rendered":"https:\/\/preprod.chamarrel.fr\/?post_type=product&#038;p=4224"},"modified":"2024-11-01T16:24:07","modified_gmt":"2024-11-01T15:24:07","slug":"culottes-menstruelles-coton-bio","status":"publish","type":"product","link":"http:\/\/preprod.chamarrel.fr\/en\/nos-produits\/traitement-de-leau-en\/charbon-binchotan-en\/culottes-menstruelles-coton-bio\/","title":{"rendered":"CULOTTE MENSTRUELLE | COTON BIO"},"content":{"rendered":"<div class=\"jetpack-video-wrapper\"><iframe loading=\"lazy\" title=\"La culotte menstruelle ManaMani\" width=\"640\" height=\"360\" src=\"https:\/\/www.youtube.com\/embed\/tfy5Oze2GQM?feature=oembed\" frameborder=\"0\" allow=\"accelerometer; autoplay; clipboard-write; encrypted-media; gyroscope; picture-in-picture; web-share\" referrerpolicy=\"strict-origin-when-cross-origin\" allowfullscreen><\/iframe><\/div>\n<p><em><strong>COMPOSITION<\/strong><\/em><br \/>\nCoton biologique, pour un contact respectueux de votre peau<br \/>\nEponge de bambou certifi\u00e9 Oeko-Tex, pour ses capacit\u00e9s absorbantes.<br \/>\nPUL, comme barri\u00e8re imperm\u00e9able anti fuite.<\/p>\n<p><em><strong>DURABILITE<\/strong><\/em>\u00a05 ans, dans des conditions normales d\u2019utilisation et d\u2019entretien.<br \/>\nUltra pratique : mettez-la le matin et vivez votre journ\u00e9e normalement. Vous l&#8217;enlevez le soir, vous en enfilez une nouvelle pour la nuit, et c&#8217;est tout !<\/p>\n<p><em><strong>ENTRETIEN<\/strong><\/em><br \/>\nApr\u00e8s usage, nous vous recommandons de suivre les deux \u00e9tapes suivantes :<br \/>\nRin\u00e7age abondant \u00e0 l\u2019eau froide, pour retirer le sang, jusqu\u2019\u00e0 ce que l\u2019eau soit claire.<br \/>\nLavage en machine \u00e0 30\u00b0 C. en cycle d\u00e9licat, avec des couleurs similaires.<\/p>\n<p><em><strong>PRECAUTIONS<\/strong><\/em><br \/>\nN\u2019utilisez pas de savon ou lessive contenant de la glyc\u00e9rine. Ils laissent des r\u00e9sidus susceptibles d\u2019obstruer les couches absorbantes de la culotte, r\u00e9duisant ainsi sa capacit\u00e9 d\u2019absorption.<\/p>\n<p>Disponible du 2XS au 2XL<\/p>\n<p><em><strong>CORRESPONDANCE avec les\u00a0TAILLES fran\u00e7aises\u00a0<\/strong><\/em><\/p>\n<p>2XS &#8211; 32\/34<br \/>\nXS &#8211; 34\/36<br \/>\nS &#8211; 36\/38<br \/>\nM &#8211; 38\/40<br \/>\nL &#8211; 40\/42<br \/>\nXL &#8211; 42\/44<br \/>\n2XL &#8211; 46<\/p>\n","protected":false},"excerpt":{"rendered":"<p>Culottes menstruelles fran\u00e7aises en coton biologique.<br \/>\nCon\u00e7ues pour un flux normal \u00e0 abondant.<br \/>\nId\u00e9ales pour le confort et pour vivre ses r\u00e8gles en mode z\u00e9ro d\u00e9chet !<br \/>\nLabellis\u00e9es Origine France Garantie.<br \/>\nConfortables gr\u00e2ce \u00e0 leur taille mi-haute, elles n&#8217;en sont pas moins chics avec leur magnifique \u00e9lastique en dentelle, sobre et intemporel.<br \/>\nZ\u00e9ro fuite ! restez au moins 8h bien au sec.<br \/>\nColoris : noir.<br \/>\nTailles : du XXS au XXL<\/p>\n","protected":false},"featured_media":4239,"comment_status":"closed","ping_status":"closed","template":"","meta":{"advanced_seo_description":"","jetpack_seo_html_title":"","jetpack_seo_noindex":false},"product_cat":[312,150,245,266],"product_tag":[],"class_list":["post-4224","product","type-product","status-publish","has-post-thumbnail","hentry","product_cat-culottes-menstruelles-en","product_cat-accessoires-maison-en","product_cat-traitement-de-leau-en","product_cat-charbon-binchotan-en"],"acf":[],"_links":{"self":[{"href":"http:\/\/preprod.chamarrel.fr\/en\/wp-json\/wp\/v2\/product\/4224","targetHints":{"allow":["GET"]}}],"collection":[{"href":"http:\/\/preprod.chamarrel.fr\/en\/wp-json\/wp\/v2\/product"}],"about":[{"href":"http:\/\/preprod.chamarrel.fr\/en\/wp-json\/wp\/v2\/types\/product"}],"replies":[{"embeddable":true,"href":"http:\/\/preprod.chamarrel.fr\/en\/wp-json\/wp\/v2\/comments?post=4224"}],"wp:featuredmedia":[{"embeddable":true,"href":"http:\/\/preprod.chamarrel.fr\/en\/wp-json\/wp\/v2\/media\/4239"}],"wp:attachment":[{"href":"http:\/\/preprod.chamarrel.fr\/en\/wp-json\/wp\/v2\/media?parent=4224"}],"wp:term":[{"taxonomy":"product_cat","embeddable":true,"href":"http:\/\/preprod.chamarrel.fr\/en\/wp-json\/wp\/v2\/product_cat?post=4224"},{"taxonomy":"product_tag","embeddable":true,"href":"http:\/\/preprod.chamarrel.fr\/en\/wp-json\/wp\/v2\/product_tag?post=4224"}],"curies":[{"name":"wp","href":"https:\/\/api.w.org\/{rel}","templated":true}]}}