{"id":3981,"date":"2024-10-30T21:37:49","date_gmt":"2024-10-30T20:37:49","guid":{"rendered":"https:\/\/preprod.chamarrel.fr\/?post_type=product&#038;p=3981"},"modified":"2025-10-26T14:36:12","modified_gmt":"2025-10-26T13:36:12","slug":"savon-lait-danesse-bio-40-vrac","status":"publish","type":"product","link":"http:\/\/preprod.chamarrel.fr\/en\/nos-produits\/cosmetique-solide-en\/savons-solides-en\/savon-lait-danesse-bio-40-vrac\/","title":{"rendered":"SAVON LAIT D&#8217;\u00c2NESSE BIO 40% | VRAC"},"content":{"rendered":"<p><span style=\"color: #486b00; font-family: Times New Roman, serif;\"><b>DESCRIPTION<\/b><\/span><\/p>\n<p><strong>Saponifi\u00e9 \u00e0 froid<\/strong>\u00a0(40\u00b0) pour ne pas alt\u00e9rer les<strong>\u00a0huiles v\u00e9g\u00e9tales biologiques<\/strong>, et pour respecter les qualit\u00e9s cosm\u00e9tiques du<strong>\u00a0lait d&#8217;\u00e2nesse frais<\/strong>.<\/p>\n<p><strong>100% des ingr\u00e9dients v\u00e9g\u00e9taux et 100% du lait d&#8217;\u00e2nesse sont issus de l&#8217;agriculture biologique.<\/strong><\/p>\n<p>&nbsp;<\/p>\n<p>Savons r\u00e9alis\u00e9s exclusivement \u00e0 partir de\u00a0<strong>lait frais, cru et biologique certifi\u00e9 Ecocert<\/strong>. La mention\u00a0\u00ab lait d\u2019\u00e2nesse&#8221; n\u2019est pas un simple argument marketing puisque celui-ci est int\u00e9gr\u00e9 au savon \u00e0 hauteur de 40%, une proportion exceptionnellement \u00e9lev\u00e9e, pour une douceur et des propri\u00e9t\u00e9s sans pareille.<\/p>\n<p>&nbsp;<\/p>\n<p>Une attention particuli\u00e8re est apport\u00e9e aux autres ingr\u00e9dients du savon, constitu\u00e9 d\u2019huiles v\u00e9g\u00e9tales biologiques et r\u00e9alis\u00e9\u00a0\u00e0 l\u2019aide d\u2019une\u00a0<strong>saponification \u00e0 froid\u00a0<\/strong>dans laquelle la glyc\u00e9rine obtenue lors de la fabrication est conserv\u00e9e. Le\u00a0savon\u00a0lait d&#8217;\u00e2nesse biologique 40% offre\u00a0une mousse cr\u00e9meuse et laisse\u00a0la peau nourrie, hydrat\u00e9e, douce et purifi\u00e9e.\u00a0<strong>Lorsqu&#8217;il est sans ajout d\u2019huiles essentielles sur certaines vari\u00e9t\u00e9s (alo\u00e9 vera et\u00a0<\/strong>, il convient \u00e0 tous, m\u00eame aux\u00a0femmes enceintes et aux\u00a0b\u00e9b\u00e9s.<\/p>\n<p>&nbsp;<\/p>\n<p>Pourquoi le lait d\u2019\u00e2nesse est si bon pour\u00a0la peau ?<\/p>\n<p>&nbsp;<\/p>\n<p>Sa composition biochimique proche du lait maternel en fait un produit excellent pour les\u00a0<strong>peaux s\u00e8ches et m\u00eame tr\u00e8s s\u00e8ches et sensibles<\/strong>. De plus, les immunoglobulines et les alkyl glyc\u00e9rols pr\u00e9sents dans ce lait permettent un\u00a0<strong>bon renouvellement cellulaire<\/strong>\u00a0et un renforcement de la barri\u00e8re cutan\u00e9e en faisant ainsi un produit de choix face aux maladies de peaux telles que l\u2019<strong>ecz\u00e9ma,\u00a0le psoriasis et l&#8217;acn\u00e9.<\/strong><\/p>\n<p>&nbsp;<\/p>\n<p>Hydratant, apaisant et hypoallerg\u00e9nique. Recommand\u00e9 pour les peaux s\u00e8ches et tr\u00e8s s\u00e8ches, il est \u00e9galement adapt\u00e9 pour les peaux sensibles et \u00e0 probl\u00e8mes. Le lait d\u2019\u00e2nesse contient des\u00a0<strong>acides gras essentiels<\/strong>, des\u00a0<strong>vitamines<\/strong>\u00a0(A, B1, B2, B6, D, C et E), des\u00a0<strong>min\u00e9raux<\/strong>\u00a0et des\u00a0<strong>oligo-\u00e9l\u00e9ments\u00a0<\/strong>qui en font un produit excellent dans la\u00a0<strong>lutte contre le vieillissement<\/strong>, notamment.<\/p>\n<p class=\"Paragraphestandard\"><strong>RECOMMANDATIONS<\/strong><\/p>\n<p class=\"Paragraphestandard\">Conservez votre savon\u00a0<b>au sec en permanence<\/b>\u00a0en utilisant le\u00a0<a class=\"lien_editeur\" href=\"https:\/\/www.chamarrel.com\/incontournables-nouveautes-portesavon-minimaliste-xsl-514_562.html\"><b>porte-savon minimaliste<\/b><\/a>. Le savon ne repose sur aucune surface ce qui lui\u00a0<b>\u00e9vite de devenir mou et visqueux<\/b>. L\u2019air circule librement tout autour et\u00a0<b>il s\u00e8che rapidement<\/b>\u00a0entre chaque usage. Une\u00a0<strong>astuce \u00e9conomique et tr\u00e8s esth\u00e9tique<\/strong>. Votre savon dure beaucoup plus longtemps et son usage est nettement plus agr\u00e9able.<\/p>\n<p class=\"Paragraphestandard\">Particuli\u00e8rement\u00a0<strong>recommand\u00e9 pour les savons saponifi\u00e9s \u00e0 froid<\/strong>\u00a0qui ont tendance \u00e0 ramollir plus facilement. Nos savons de qualit\u00e9 sont pr\u00e9cieux, \u00e9conomisons-les !<\/p>\n<p class=\"Paragraphestandard\">\n<p class=\"Paragraphestandard\">\n<p class=\"Paragraphestandard\">Pour profiter pleinement du\u00a0<strong>Savon lait d&#8217;\u00e2nesse biologique 40%<\/strong>\u00a0et de sa douceur, nous vous recommandons de l&#8217;appliquer\u00a0directement sur peau humide, plut\u00f4t que de le frotter sur une fleur de douche, un loofah ou autre gant de toilette. Vous profiterez pleinement de sa mousse onctueuse et de ce lait d\u00e9licat.<\/p>\n<p>&nbsp;<\/p>\n<p>Le<strong>\u00a0savon lait d&#8217;\u00e2nesse biologique 40% &#8211; En vrac<\/strong>\u00a0de d\u00e9cline en plusieurs versions.<\/p>\n<p>Retrouvez toutes leurs\u00a0caract\u00e9ritiques, leurs propri\u00e9t\u00e9s et leur\u00a0<strong>composition<\/strong>\u00a0INCI ci-dessous.<\/p>\n<p>&nbsp;<\/p>\n<p>&nbsp;<\/p>\n<p>&nbsp;<\/p>\n<p><strong>Aloe vera<\/strong>\u00a0:<\/p>\n<p>Sodium Olivate**, Sodium Shea Butterate**, Sodium cocoate**, Donkey Milk*, Glycerin**, Helianthus Annuus Seed Oil*, Aloe Vera Extract*<\/p>\n<p>Huile d&#8217;olive saponifi\u00e9e**, beurre de\u00a0karit\u00e9 saponifi\u00e9**, huile de coco saponifi\u00e9e**, lait\u00a0d&#8217;\u00e2nesse*, glyc\u00e9rine**, huile de tournesol*, extrait d&#8217;aloe vera*<\/p>\n<p>* ingr\u00e9dients issus de l\u2019agriculture biologique<\/p>\n<p>** transform\u00e9s \u00e0 partir d\u2019ingr\u00e9dients biologiques<\/p>\n<p>100 % du total est d\u2019origine naturelle<\/p>\n<p>91 % du total des ingr\u00e9dients sont issus de l\u2019Agriculture Biologique<\/p>\n<p>COSMOS ORGANIC certifi\u00e9 par Ecocert Greenlife selon le r\u00e9f\u00e9rentiel COSMOS.<\/p>\n<p>&nbsp;<\/p>\n<p><strong>Avocat &amp; Amande douce<\/strong>\u00a0: Sodium Shea Butterate**, Sodium cocoate**, Donkey Milk*, Sodium Avocadoate**, Sodium Sweet Almondate**, Glycerin**, Butyrospermum Parkii Butter*, Cocos Nucifera Oil*, Persea Gratissima Oil*, Prunus Amygdalus Dulcis Oil*<\/p>\n<p>Beurre de karit\u00e9 saponifi\u00e9e**, huile de coco saponifi\u00e9e**, lait d&#8217;anesse*, huile d&#8217;avocat saponifi\u00e9e**, huile d&#8217;amande douce**, glyc\u00e9rine**, beurre de karit\u00e9**, huile de coco*, huile d&#8217;avocat*, huile d&#8217;amande douce*<\/p>\n<p>* ingr\u00e9dients issus de l\u2019agriculture biologique<\/p>\n<p>** transform\u00e9s \u00e0 partir d\u2019ingr\u00e9dients biologiques<\/p>\n<p>100 % du total est d\u2019origine naturelle<\/p>\n<p>90 % du total des ingr\u00e9dients sont issus de l\u2019Agriculture Biologique<\/p>\n<p>COSMOS ORGANIC certifi\u00e9 par Ecocert Greenlife selon le r\u00e9f\u00e9rentiel COSMOS.<\/p>\n<p>&nbsp;<\/p>\n<p><strong>Exfoliant | Graines de pavot\u00a0<\/strong>: Sodium Cocoate**, Sodium Shea Butterate**, Sodium Cocoa Butterate**, Donkey Milk*, Sodium Linseedate**, Glycerin**, Cocos Nucifera Oil*, Butyrospermum Parkii Butter*, Theobroma Cacao Butter*, Papaver Somniferum Seed*, Linum Usitatissimum Seed Oil*, Pelargonium Graveolens Flower Oil*, Cananga Odorata Flower Oil*, Citronellol, Geraniol, Linalool, Benzyl Benzoate<\/p>\n<p>Huile de coco saponifi\u00e9e**, beurre de karit\u00e9 saponifi\u00e9**, beurre de cacao saponifi\u00e9**, lait d&#8217;\u00e2nesse*, huile de lin saponifi\u00e9e**, glyc\u00e9rine**, huile de coco*, beurre de karit\u00e9*, beurre de cacao*, graines de pavot*, huile de graine de lin*,\u00a0 huile essentielle de g\u00e9ranium*, huile essentielle d&#8217;ylang-ylang*, agents parfumants (citronellol, geraniol, linalol), benzoate de benzyle (mol\u00e9cule odorante)<\/p>\n<p>* ingr\u00e9dients issus de l\u2019agriculture biologique<\/p>\n<p>** transform\u00e9s \u00e0 partir d\u2019ingr\u00e9dients biologiques<\/p>\n<p>100 % du total est d\u2019origine naturelle<\/p>\n<p>91 % du total des ingr\u00e9dients sont issus de l\u2019Agriculture Biologique<\/p>\n<p>COSMOS ORGANIC certifi\u00e9 par Ecocert Greenlife selon le r\u00e9f\u00e9rentiel COSMOS.<\/p>\n<p>Contient des\u2009<a class=\"linking\" title=\"Une gamme d'huiles essentielles\u2009\u00e0 votre disposition.\" href=\"https:\/\/www.chamarrel.com\/huiles-essentielles-huile-essentielle-hebbd-xsl-361_362.html\" rel=\"nofollow\">huiles essentielles<\/a>. D\u00e9conseill\u00e9 aux enfants en bas \u00e2ge, femmes enceintes ou allaitantes.<\/p>\n<p>&nbsp;<\/p>\n<p><strong>D\u00e9tox Charbon<\/strong>\u00a0: Sodium Shea Butterate**, Sodium Cocoate**, Sodium Olivate**, Donkey Milk*, Glycerin**, Simmondsia Chinensis Seed Oil*, Charcoal Powder, Citrus Limon Peel Oil*, Eucalyptus Radiata Leef\/Stem Oil*, Cedrus Atlantica Bark Oil*, Citral,\u00a0Limonene<\/p>\n<p>Beurre de karit\u00e9 saponifi\u00e9**, huile de coco saponifi\u00e9e**, huile d&#8217;olive saponifi\u00e9e**, lait d&#8217;\u00e2nesse*, glyc\u00e9rine**, huile de jojoba*, poudre de charbon, huile essentielle de citron*, huile essentielle d&#8217;eucalyptus radi\u00e9*, huile essentielle de c\u00e8dre atlas, agents parfumants (citral, limon\u00e8ne)<\/p>\n<p>* ingr\u00e9dients issus de l\u2019agriculture biologique<\/p>\n<p>** transform\u00e9s \u00e0 partir d\u2019ingr\u00e9dients biologiques<\/p>\n<p>100 % du total est d\u2019origine naturelle<\/p>\n<p>91 % du total des ingr\u00e9dients sont issus de l\u2019Agriculture Biologique<\/p>\n<p>COSMOS ORGANIC certifi\u00e9 par Ecocert Greenlife selon le r\u00e9f\u00e9rentiel COSMOS.<\/p>\n<p>Contient des\u2009<a class=\"linking\" title=\"Une gamme d'huiles essentielles\u2009\u00e0 votre disposition.\" href=\"https:\/\/www.chamarrel.com\/huiles-essentielles-huile-essentielle-hebbd-xsl-361_362.html\" rel=\"nofollow\">huiles essentielles<\/a>. D\u00e9conseill\u00e9 aux enfants en bas \u00e2ge, femmes enceintes ou allaitantes.<\/p>\n<p>&nbsp;<\/p>\n<ul>\n<li>Le\u00a0<strong>lait d&#8217;\u00e2nesse<\/strong>\u00a0est utilis\u00e9 pour son pouvoir anti-vieillissement et r\u00e9g\u00e9n\u00e9rant.<\/li>\n<li>Des savons fabriqu\u00e9s avec une\u00a0<strong>saponification \u00e0 froid<\/strong>\u00a0(40\u00b0)\u00a0pour ne pas alt\u00e9rer les ingr\u00e9dients.<\/li>\n<li>La glyc\u00e9rine cr\u00e9\u00e9e au cours de la fabrication est int\u00e9gralement conserv\u00e9e.<\/li>\n<li>Savon de\u00a0<strong>90g \u00e0 l&#8217;emballage\u00a0<\/strong>sujet \u00e0 dessiccation.<\/li>\n<\/ul>\n","protected":false},"excerpt":{"rendered":"<p>Savon de qualit\u00e9 exceptionnelle. Saponification \u00e0 froid \u00e0 partir de 40% de lait d\u2019\u00e2nesse frais, cru et biologique, certifi\u00e9 Ecocert.<br \/>\nHydratant, apaisant et hypoallerg\u00e9nique. Recommand\u00e9 pour les peaux s\u00e8ches et tr\u00e8s s\u00e8ches, il est \u00e9galement adapt\u00e9 pour les peaux sensibles et \u00e0 probl\u00e8mes.<br \/>\n<strong>Vendu en vrac par lot de 5 savons de m\u00eame cat\u00e9gorie.<\/strong><br \/>\nGaranti sans conservateur, sans parfum de synth\u00e8se, sans colorant<\/p>\n","protected":false},"featured_media":3992,"comment_status":"open","ping_status":"closed","template":"","meta":{"advanced_seo_description":"","jetpack_seo_html_title":"","jetpack_seo_noindex":false},"product_cat":[306,185,198],"product_tag":[],"class_list":["post-3981","product","type-product","status-publish","has-post-thumbnail","hentry","product_cat-savon-lait-danesse-en","product_cat-cosmetique-solide-en","product_cat-savons-solides-en"],"acf":[],"_links":{"self":[{"href":"http:\/\/preprod.chamarrel.fr\/en\/wp-json\/wp\/v2\/product\/3981","targetHints":{"allow":["GET"]}}],"collection":[{"href":"http:\/\/preprod.chamarrel.fr\/en\/wp-json\/wp\/v2\/product"}],"about":[{"href":"http:\/\/preprod.chamarrel.fr\/en\/wp-json\/wp\/v2\/types\/product"}],"replies":[{"embeddable":true,"href":"http:\/\/preprod.chamarrel.fr\/en\/wp-json\/wp\/v2\/comments?post=3981"}],"wp:featuredmedia":[{"embeddable":true,"href":"http:\/\/preprod.chamarrel.fr\/en\/wp-json\/wp\/v2\/media\/3992"}],"wp:attachment":[{"href":"http:\/\/preprod.chamarrel.fr\/en\/wp-json\/wp\/v2\/media?parent=3981"}],"wp:term":[{"taxonomy":"product_cat","embeddable":true,"href":"http:\/\/preprod.chamarrel.fr\/en\/wp-json\/wp\/v2\/product_cat?post=3981"},{"taxonomy":"product_tag","embeddable":true,"href":"http:\/\/preprod.chamarrel.fr\/en\/wp-json\/wp\/v2\/product_tag?post=3981"}],"curies":[{"name":"wp","href":"https:\/\/api.w.org\/{rel}","templated":true}]}}