{"id":3890,"date":"2024-10-30T20:54:10","date_gmt":"2024-10-30T19:54:10","guid":{"rendered":"https:\/\/preprod.chamarrel.fr\/?post_type=product&#038;p=3890"},"modified":"2024-12-27T23:13:37","modified_gmt":"2024-12-27T22:13:37","slug":"savon-lait-danesse-bio-40","status":"publish","type":"product","link":"http:\/\/preprod.chamarrel.fr\/en\/nos-produits\/cosmetique-solide-en\/savons-solides-en\/savon-lait-danesse-bio-40\/","title":{"rendered":"SAVON LAIT D&#8217;\u00c2NESSE BIO 40%"},"content":{"rendered":"<p><strong>Comment choisir mon savon au lait d\u2019\u00e2nesse ?<\/strong><br \/>\nChoisissez votre savon selon votre type de peau et vos pr\u00e9f\u00e9rences.<\/p>\n<p><strong>Aloe Vera<\/strong>\u00a0\u2013\u00a0<em>Tout type de peau<\/em>\u00a0(sans huile essentielle)<br \/>\n<strong>Avocat &amp; Amande douce<\/strong>\u00a0\u2013\u00a0<em>Peau s\u00e8che?\u00a0sensible<\/em>\u00a0(sans huile essentielle)<br \/>\n<strong>Exfoliant | Graines de pavot\u00a0<\/strong>\u2013\u00a0<em>Tout type de peau<\/em>\u00a0(contient des huiles essentielles)<br \/>\n<strong>Detox | Charbon<\/strong>\u00a0\u2013\u00a0<em>Peau grasse, \u00e0 probl\u00e8mes<\/em>\u00a0(contient des huiles essentielles)<\/p>\n<p>&nbsp;<\/p>\n<p><img decoding=\"async\" src=\"https:\/\/i0.wp.com\/www.chamarrel.com\/images\/imagecache\/150x150\/png\/Image_Cosmos%20organic%20Chamarrel%20150.webp?w=640&#038;ssl=1\" alt=\"\" data-recalc-dims=\"1\" \/><\/p>\n<p><strong>DESCRIPTION<\/strong><br \/>\nSaponifi\u00e9 \u00e0 froid (40\u00b0) pour ne pas alt\u00e9rer les huiles v\u00e9g\u00e9tales biologiques, et pour respecter les qualit\u00e9s cosm\u00e9tiques du lait d&#8217;\u00e2nesse frais.<\/p>\n<p>Savons r\u00e9alis\u00e9s exclusivement \u00e0 partir de lait frais, cru et biologique certifi\u00e9 Ecocert. La mention \u00ab lait d\u2019\u00e2nesse \u00bb n\u2019est pas un simple argument marketing puisque celui-ci est int\u00e9gr\u00e9 au savon \u00e0 hauteur de 40%, une proportion exceptionnellement \u00e9lev\u00e9e, pour une douceur et des propri\u00e9t\u00e9s sans pareille.<\/p>\n<p>C\u2019est bien triste de le pr\u00e9ciser, mais dans la grande majorit\u00e9 des savons et cosm\u00e9tiques au lait d&#8217;\u00e2nesse que l\u2019on trouve en boutique, sur internet ou sur les march\u00e9s, en plus de ne contenir qu&#8217;une tr\u00e8s faible teneur en lait d&#8217;\u00e2nesse, la provenance du lait et son \u00e9tat avant transformation sont sujet \u00e0 interrogations.<\/p>\n<p>Une attention particuli\u00e8re est apport\u00e9e aux autres ingr\u00e9dients du savon, constitu\u00e9 d\u2019huiles v\u00e9g\u00e9tales biologiques et r\u00e9alis\u00e9 \u00e0 l\u2019aide d\u2019une saponification \u00e0 froid dans laquelle la glyc\u00e9rine obtenue lors de la fabrication est conserv\u00e9e. Le savon lait d&#8217;\u00e2nesse biologique 40% offre une mousse cr\u00e9meuse et laisse la peau nourrie, hydrat\u00e9e, douce et purifi\u00e9e.<\/p>\n<p>Pourquoi le lait d\u2019\u00e2nesse est si bon pour la peau ?<\/p>\n<p>Sa composition biochimique proche du lait maternel en fait un produit excellent pour les peaux s\u00e8ches et m\u00eame tr\u00e8s s\u00e8ches et sensibles. De plus, les immunoglobulines et les alkyl glyc\u00e9rols pr\u00e9sents dans ce lait permettent un bon renouvellement cellulaire et un renforcement de la barri\u00e8re cutan\u00e9e en faisant ainsi un produit de choix face aux maladies de peaux telles que l\u2019ecz\u00e9ma, le psoriasis et l&#8217;acn\u00e9.<\/p>\n<p>Hydratant, apaisant et hypoallerg\u00e9nique. Recommand\u00e9 pour les peaux s\u00e8ches et tr\u00e8s s\u00e8ches, il est \u00e9galement adapt\u00e9 pour les peaux sensibles et \u00e0 probl\u00e8mes. Le lait d\u2019\u00e2nesse contient des acides gras essentiels, des vitamines (A, B1, B2, B6, D, C et E), des min\u00e9raux et des oligo-\u00e9l\u00e9ments qui en font un produit excellent dans la lutte contre le vieillissement, notamment.<\/p>\n<p>&nbsp;<\/p>\n<p><strong>Recommandations<\/strong><br \/>\nNos savons de qualit\u00e9 sont pr\u00e9cieux, \u00e9conomisons-les !<br \/>\nConservez votre savon au sec en permanence en utilisant le porte-savon aimant\u00e9. Le savon ne repose sur aucune surface ce qui lui \u00e9vite de devenir mou et visqueux. L\u2019air circule librement tout autour et il s\u00e8che rapidement entre chaque usage. Une astuce \u00e9conomique et tr\u00e8s esth\u00e9tique. Votre savon dure beaucoup plus longtemps et son usage est nettement plus agr\u00e9able.<br \/>\nParticuli\u00e8rement recommand\u00e9 pour les savons saponifi\u00e9s \u00e0 froid qui ont tendance \u00e0 ramollir plus facilement.<br \/>\nPour profiter pleinement du Savon lait d&#8217;\u00e2nesse biologique 40% et de sa douceur, nous vous recommandons de l&#8217;appliquer directement sur peau humide, plut\u00f4t que de le frotter sur une fleur de douche, un loofah ou autre gant de toilette. Vous profiterez pleinement de sa mousse onctueuse et de ce lait d\u00e9licat.<\/p>\n<p>&nbsp;<\/p>\n<p><strong>Quid du bien-\u00eatre animal ?<\/strong><br \/>\nLes \u00e2nesses sont \u00e9lev\u00e9es dans le respect des animaux et de l\u2019environnement dans une ferme certifi\u00e9e agriculture biologique par Ecocert. Pas de traite quotidienne. Le processus de traite est enti\u00e8rement trac\u00e9 et respect\u00e9 et le lait frais transform\u00e9 sur place. Il n\u2019est jamais vendu pour l\u2019industrie cosm\u00e9tique.<\/p>\n<p>&nbsp;<\/p>\n<p>Le savon lait d&#8217;\u00e2nesse biologique 40% se d\u00e9cline en plusieurs versions.<\/p>\n<p>Retrouvez toutes leurs caract\u00e9ristiques, leurs propri\u00e9t\u00e9s et leur composition INCI ci-dessous.<\/p>\n<p>&nbsp;<\/p>\n<p><strong>ALOE VERA<\/strong><br \/>\nComposition INCI: Sodium Olivate**, Sodium Shea Butterate**, Sodium cocoate**, Donkey Milk*, Glycerin**, Helianthus Annuus Seed Oil*, Aloe Vera Extract*<br \/>\nEn clair : Huile d&#8217;olive saponifi\u00e9e**, beurre de karit\u00e9 saponifi\u00e9**, huile de coco saponifi\u00e9e**, lait de d&#8217;\u00e2nesse*, glyc\u00e9rine**, huile de tournesol*, extrait d&#8217;aloe vera*<br \/>\n* ingr\u00e9dients issus de l\u2019agriculture biologique<br \/>\n** transform\u00e9s \u00e0 partir d\u2019ingr\u00e9dients biologiques<br \/>\n100 % du total est d\u2019origine naturelle<br \/>\n91 % du total des ingr\u00e9dients sont issus de l\u2019Agriculture Biologique<br \/>\nCOSMOS ORGANIC certifi\u00e9 par Ecocert Greenlife selon le r\u00e9f\u00e9rentiel COSMOS.<\/p>\n<p>&nbsp;<\/p>\n<p><strong>AVOCAT &amp; AMANDE DOUCE<\/strong><br \/>\nComposition INCI: Sodium Shea Butterate**, Sodium cocoate**, Donkey Milk*, Sodium Avocadoate**, Sodium Sweet Almondate**, Glycerin**, Butyrospermum Parkii Butter*, Cocos Nucifera Oil*, Persea Gratissima Oil*, Prunus Amygdalus Dulcis Oil*<br \/>\nEn clair : Beurre de karit\u00e9 saponifi\u00e9**, huile de coco saponifi\u00e9e**, lait d&#8217;anesse*, huile d&#8217;avocat saponifi\u00e9e**, huile d&#8217;amande douce**, glyc\u00e9rine**, beurre de karit\u00e9**, huile de coco*, huile d&#8217;avocat*, huile d&#8217;amande douce*<br \/>\n* ingr\u00e9dients issus de l\u2019agriculture biologique<br \/>\n** transform\u00e9s \u00e0 partir d\u2019ingr\u00e9dients biologiques<br \/>\n100 % du total est d\u2019origine naturelle<br \/>\n90 % du total des ingr\u00e9dients sont issus de l\u2019Agriculture Biologique<br \/>\nCOSMOS ORGANIC certifi\u00e9 par Ecocert Greenlife selon le r\u00e9f\u00e9rentiel COSMOS.<\/p>\n<p>&nbsp;<\/p>\n<p><strong>EXFOLIANT | GRAINES DE PAVOT<\/strong><br \/>\nComposition INCI : Sodium Cocoate**, Sodium Shea Butterate**, Sodium Cocoa Butterate**, Donkey Milk*, Sodium Linseedate**, Glycerin**, Cocos Nucifera Oil*, Butyrospermum Parkii Butter*, Theobroma Cacao Butter*, Papaver Somniferum Seed*, Linum Usitatissimum Seed Oil*, Pelargonium Graveolens Flower Oil*, Cananga Odorata Flower Oil*, Citronellol, Geraniol, Linalool, Benzyl Benzoate<br \/>\nEn clair : Huile de coco saponifi\u00e9e**, beurre de karit\u00e9 saponifi\u00e9**, beurre de cacao saponifi\u00e9**, lait d&#8217;\u00e2nesse*, huile de lin saponifi\u00e9e**, glyc\u00e9rine**, huile de coco*, beurre de karit\u00e9*, beurre de cacao*, graines de pavot*, huile de graine de lin*, huile essentielle de g\u00e9ranium*, huile essentielle d&#8217;ylang-ylang*, agents parfumants (citronellol, geraniol, linalol), benzoate de benzyle (mol\u00e9cule odorante)<br \/>\n* ingr\u00e9dients issus de l\u2019agriculture biologique<br \/>\n** transform\u00e9s \u00e0 partir d\u2019ingr\u00e9dients biologiques<br \/>\n100 % du total est d\u2019origine naturelle<br \/>\n91 % du total des ingr\u00e9dients sont issus de l\u2019Agriculture Biologique<br \/>\nCOSMOS ORGANIC certifi\u00e9 par Ecocert Greenlife selon le r\u00e9f\u00e9rentiel COSMOS.<br \/>\nContient des huiles essentielles. D\u00e9conseill\u00e9 aux enfants en bas \u00e2ge, femmes enceintes ou allaitantes.<\/p>\n<p>&nbsp;<\/p>\n<p><strong>DETOX | CHARBON<\/strong><br \/>\nComposition INCI: Sodium Shea Butterate**, Sodium Cocoate**, Sodium Olivate**, Donkey Milk*, Glycerin**, Simmondsia Chinensis Seed Oil*, Charcoal Powder, Citrus Limon Peel Oil*, Eucalyptus Radiata Leef\/Stem Oil*, Cedrus Atlantica Bark Oil*, Citral, Limonene<br \/>\nEn clair : Beurre de karit\u00e9 saponifi\u00e9**, huile de coco saponifi\u00e9e**, huile d&#8217;olive saponifi\u00e9e**, lait d&#8217;\u00e2nesse*, glyc\u00e9rine**, huile de jojoba*, poudre de charbon, huile essentielle de citron*, huile essentielle d&#8217;eucalyptus radi\u00e9*, huile essentielle de c\u00e8dre atlas, agents parfumants (citral, limon\u00e8ne)<br \/>\n* ingr\u00e9dients issus de l\u2019agriculture biologique<br \/>\n** transform\u00e9s \u00e0 partir d\u2019ingr\u00e9dients biologiques<br \/>\n100 % du total est d\u2019origine naturelle<br \/>\n90 % du total des ingr\u00e9dients sont issus de l\u2019Agriculture Biologique<br \/>\nCOSMOS ORGANIC certifi\u00e9 par Ecocert Greenlife selon le r\u00e9f\u00e9rentiel COSMOS.<br \/>\nContient des huiles essentielles.<br \/>\nD\u00e9conseill\u00e9 aux enfants en bas \u00e2ge, femmes enceintes ou allaitantes.<\/p>\n","protected":false},"excerpt":{"rendered":"<p>Savon de qualit\u00e9 exceptionnelle.<br \/>\nFabriqu\u00e9 en France \u00e0 partir de 40% de lait frais et biologique.<br \/>\nHydratant, apaisant et hypoallerg\u00e9nique. Saponification \u00e0 froid.<br \/>\nSavons certifi\u00e9s bio COSMOS ORGANIC par Ecocert Greenlife selon le r\u00e9f\u00e9rentiel Cosmos.<br \/>\n100% des ingr\u00e9dients v\u00e9g\u00e9taux et 100% du lait d&#8217;\u00e2nesse sont issus de l&#8217;agriculture biologique.<br \/>\n90 g.<br \/>\nDDM 12 mois.<br \/>\nGaranti sans conservateur et sans colorant<br \/>\nVendu en \u00e9tui individuel en carton recyclable.<\/p>\n<p>Saponifi\u00e9 \u00e0 froid en France.<\/p>\n","protected":false},"featured_media":3928,"comment_status":"open","ping_status":"closed","template":"","meta":{"advanced_seo_description":"","jetpack_seo_html_title":"","jetpack_seo_noindex":false},"product_cat":[306,185,198],"product_tag":[],"class_list":["post-3890","product","type-product","status-publish","has-post-thumbnail","hentry","product_cat-savon-lait-danesse-en","product_cat-cosmetique-solide-en","product_cat-savons-solides-en"],"acf":[],"_links":{"self":[{"href":"http:\/\/preprod.chamarrel.fr\/en\/wp-json\/wp\/v2\/product\/3890","targetHints":{"allow":["GET"]}}],"collection":[{"href":"http:\/\/preprod.chamarrel.fr\/en\/wp-json\/wp\/v2\/product"}],"about":[{"href":"http:\/\/preprod.chamarrel.fr\/en\/wp-json\/wp\/v2\/types\/product"}],"replies":[{"embeddable":true,"href":"http:\/\/preprod.chamarrel.fr\/en\/wp-json\/wp\/v2\/comments?post=3890"}],"wp:featuredmedia":[{"embeddable":true,"href":"http:\/\/preprod.chamarrel.fr\/en\/wp-json\/wp\/v2\/media\/3928"}],"wp:attachment":[{"href":"http:\/\/preprod.chamarrel.fr\/en\/wp-json\/wp\/v2\/media?parent=3890"}],"wp:term":[{"taxonomy":"product_cat","embeddable":true,"href":"http:\/\/preprod.chamarrel.fr\/en\/wp-json\/wp\/v2\/product_cat?post=3890"},{"taxonomy":"product_tag","embeddable":true,"href":"http:\/\/preprod.chamarrel.fr\/en\/wp-json\/wp\/v2\/product_tag?post=3890"}],"curies":[{"name":"wp","href":"https:\/\/api.w.org\/{rel}","templated":true}]}}