{"id":3811,"date":"2024-10-30T00:08:47","date_gmt":"2024-10-29T23:08:47","guid":{"rendered":"https:\/\/preprod.chamarrel.fr\/?post_type=product&#038;p=3811"},"modified":"2025-10-11T23:43:46","modified_gmt":"2025-10-11T21:43:46","slug":"savon-solide-zero-dechet","status":"publish","type":"product","link":"http:\/\/preprod.chamarrel.fr\/en\/nos-produits\/cosmetique-solide-en\/savons-solides-en\/savon-solide-zero-dechet\/","title":{"rendered":"SAVON SOLIDE SURGRAS"},"content":{"rendered":"<p>Savon solide saponifi\u00e9 \u00e0 froid<\/p>\n<p>Savon\u00a0surgras artisanal<\/p>\n<p><em>COMPOSITION <img loading=\"lazy\" decoding=\"async\" class=\"alignleft wp-image-6035 size-full\" src=\"https:\/\/i0.wp.com\/preprod.chamarrel.fr\/wp-content\/uploads\/2024\/10\/Savons-surgras-Fabrique-en-France.gif?resize=435%2C575\" alt=\"\" width=\"435\" height=\"575\" data-recalc-dims=\"1\" \/><\/em><\/p>\n<div><strong>Belle \u00eele<\/strong>: Huile d\u2019olive*, huile de coco*, eau, beurre de karit\u00e9*, hydroxyde de sodium, parfum, argile blanche, oxyde min\u00e9ral.INCI : Olea europaea fruit oil*, cocos nucifera oil*, aqua, butyrospermum parkii butter*, sodium hydroxide, parfum, kaolin, CI 77007, linalool**, geraniol**, citral**, limonene**<\/div>\n<div><\/div>\n<div><\/div>\n<div><strong>Matin Calme<\/strong>: Huile d\u2019olive*, huile de coco*, eau, beurre de karit\u00e9*, hydroxyde de sodium, huile essentielle de verveine citronn\u00e9e*, huile de ricin*, argile verte, argile blanche, huile essentielle de cannelle*, oxyde min\u00e9ral.INCI : Olea europaea fruit oil*, cocos nucifera oil*, aqua, butyrospermum parkii butter*, sodium hydroxide, litsea cubeba fruit oil*, ricinus communis seed oil*, citral**, illite, montmorillonite, kaolin, cinnamomum zeylanicum leaf oil*, CI 77288, limonene**, eugenol**, citronellol**, geraniol**<\/div>\n<div><\/div>\n<div><\/div>\n<div><strong>Tout Simplement:<\/strong>\u00a0Huile d\u2019olive*, huile de coco*, eau, hydroxyde de sodium, beurre de karit\u00e9*, huile de noyau d\u2019abricot*, argile blanche.INCI : Olea europaea fruit oil*, cocos nucifera oil*, aqua, sodium hydroxide, butyrospermum parkii butter*, prunus armeniaca kernel oil*, kaolin* ingr\u00e9dients issus de l\u2019agriculture biologique<\/div>\n<div><\/div>\n<div><\/div>\n<div><\/div>\n<div><\/div>\n<div><\/div>\n<div><\/div>\n<div><\/div>\n<div><\/div>\n<div><\/div>\n<div><\/div>\n<div><\/div>\n","protected":false},"excerpt":{"rendered":"<p>Des savons doux, une mousse onctueuse et hydratante pour toute la famille.<br \/>\nA vous de chosir vos pr\u00e9f\u00e9r\u00e9s parmi les 3 suivants :<br \/>\n&#8211; Le &#8220;Tout Simplement&#8221;, neutre, sans huile essentielle ni parfum, et adapt\u00e9 m\u00eame \u00e0 la peau de b\u00e9b\u00e9.<br \/>\n&#8211; Le &#8220;Belle \u00eele&#8221; aux notes parfum\u00e9es de sapin, menthe et romarin.<br \/>\n&#8211; Le &#8220;Matin Calme&#8221; aux notes d\u00e9licates de citron et verveine.<br \/>\nSavon 100 grammes.<br \/>\nSaponifi\u00e9 \u00e0 froid en France.<\/p>\n","protected":false},"featured_media":3839,"comment_status":"open","ping_status":"closed","template":"","meta":{"advanced_seo_description":"","jetpack_seo_html_title":"","jetpack_seo_noindex":false},"product_cat":[333,185,198],"product_tag":[],"class_list":["post-3811","product","type-product","status-publish","has-post-thumbnail","hentry","product_cat-savon-surgras-en","product_cat-cosmetique-solide-en","product_cat-savons-solides-en"],"acf":[],"_links":{"self":[{"href":"http:\/\/preprod.chamarrel.fr\/en\/wp-json\/wp\/v2\/product\/3811","targetHints":{"allow":["GET"]}}],"collection":[{"href":"http:\/\/preprod.chamarrel.fr\/en\/wp-json\/wp\/v2\/product"}],"about":[{"href":"http:\/\/preprod.chamarrel.fr\/en\/wp-json\/wp\/v2\/types\/product"}],"replies":[{"embeddable":true,"href":"http:\/\/preprod.chamarrel.fr\/en\/wp-json\/wp\/v2\/comments?post=3811"}],"wp:featuredmedia":[{"embeddable":true,"href":"http:\/\/preprod.chamarrel.fr\/en\/wp-json\/wp\/v2\/media\/3839"}],"wp:attachment":[{"href":"http:\/\/preprod.chamarrel.fr\/en\/wp-json\/wp\/v2\/media?parent=3811"}],"wp:term":[{"taxonomy":"product_cat","embeddable":true,"href":"http:\/\/preprod.chamarrel.fr\/en\/wp-json\/wp\/v2\/product_cat?post=3811"},{"taxonomy":"product_tag","embeddable":true,"href":"http:\/\/preprod.chamarrel.fr\/en\/wp-json\/wp\/v2\/product_tag?post=3811"}],"curies":[{"name":"wp","href":"https:\/\/api.w.org\/{rel}","templated":true}]}}