{"id":3251,"date":"2023-05-25T21:33:36","date_gmt":"2023-05-25T19:33:36","guid":{"rendered":"https:\/\/chamarrel.live\/?post_type=product&#038;p=3251"},"modified":"2023-05-25T21:55:06","modified_gmt":"2023-05-25T19:55:06","slug":"capsule-pour-porte-savon-aimante-inox","status":"publish","type":"product","link":"http:\/\/preprod.chamarrel.fr\/en\/nos-produits\/porte-savon-aimante-en\/porte-savon-aimante-en-bois-en\/capsule-pour-porte-savon-aimante-inox\/","title":{"rendered":"CAPSULE POUR PORTE-SAVON AIMANT\u00c9 | INOX"},"content":{"rendered":"<p>KIT D\u00c9MAQUILLANT| BREVET\u00c9<\/p>\n<p>Fabrication :<br \/>\nCotons d\u00e9maquillants : Tencel (une face molleton et une face micro-\u00e9ponge).<br \/>\nPochon : lin fran\u00e7ais.<br \/>\nFilet : coton bio.<\/p>\n<p>Dimensions :<br \/>\nCotons d\u00e9maquillants : 80 x 80 mm.<br \/>\nPochon : largeur x hauteur: 90 x 130 mm.<br \/>\nFilet de lavage int\u00e9gr\u00e9 : largeur x hauteur: 85 x 160 mm.<\/p>\n<p>Conseils d\u2019utilisation :<br \/>\nConservez votre routine d\u00e9maquillante habituelle ! Notre kit d\u00e9maquillant brevet\u00e9 s&#8217;adapte sans probl\u00e8me \u00e0 votre lotion d\u00e9maquillante habituelle.<br \/>\nEau micellaire, lait d\u00e9maquillant, d\u00e9maquillant solide, huile ou hydrolat, nos carr\u00e9s d\u00e9maquillants sont tout-terrain et prennent soin en douceur de votre grain de peau et n&#8217;absorbent pas plus de produit que les cotons jetables.<br \/>\nLa douceur de nos cotons d\u00e9maquillants est compatible avec les peaux sensibles.<\/p>\n<p>Avant la 1\u00e8re utilisation, laissez tremper vos carr\u00e9s d\u00e9maquillants 24h dans l\u2019eau chaude, puis lavez-les.Cela \u00e9vite qu\u2019ils peluchent trop au d\u00e9but. Cet effet \u201cpeluche\u201d est normal et dispara\u00eet d\u00e8s le premier lavage.<\/p>\n<p>Entretien :<br \/>\nVos carr\u00e9s d\u00e9maquillants se lavent en machine \u00e0 30\u00b0C ou 40\u00b0C. Un lavage ocasionnel \u00e0 60\u00b0 est possible.<br \/>\nComment se d\u00e9barrasser des t\u00e2ches tenaces de maquillage sur les carr\u00e9s ?<br \/>\nNettoyez d\u00e9licatement vos carr\u00e9s d\u00e9maquillants au vrai savon de Marseille. M\u00eame les t\u00e2ches de maquillage waterproof en prendront un coup.<br \/>\nComment garder vos cotons lavables \u00e9clatants, immacul\u00e9s et doux pendant des ann\u00e9es ?<br \/>\nTrempez-les de temps en temps dans l&#8217;eau ti\u00e8de avec 2 cuill\u00e8res \u00e0 soupe de percarbonate de soude, puis lvez-les en machine.<\/p>\n","protected":false},"excerpt":{"rendered":"<p>Carr\u00e9s en Tencel : 1 face en molleton et 1 en micro-\u00e9ponge<br \/>\nCr\u00e9\u00e9 et fabriqu\u00e9 en France.<\/p>\n<p>Marque : Manamani.<\/p>\n","protected":false},"featured_media":3272,"comment_status":"open","ping_status":"closed","template":"","meta":{"advanced_seo_description":"","jetpack_seo_html_title":"","jetpack_seo_noindex":false},"product_cat":[255,253,248],"product_tag":[],"class_list":["post-3251","product","type-product","status-publish","has-post-thumbnail","hentry","product_cat-porte-savon-aimante-en","product_cat-porte-savon-aimante-avec-ventouse-en","product_cat-porte-savon-aimante-en-bois-en"],"acf":[],"_links":{"self":[{"href":"http:\/\/preprod.chamarrel.fr\/en\/wp-json\/wp\/v2\/product\/3251","targetHints":{"allow":["GET"]}}],"collection":[{"href":"http:\/\/preprod.chamarrel.fr\/en\/wp-json\/wp\/v2\/product"}],"about":[{"href":"http:\/\/preprod.chamarrel.fr\/en\/wp-json\/wp\/v2\/types\/product"}],"replies":[{"embeddable":true,"href":"http:\/\/preprod.chamarrel.fr\/en\/wp-json\/wp\/v2\/comments?post=3251"}],"wp:featuredmedia":[{"embeddable":true,"href":"http:\/\/preprod.chamarrel.fr\/en\/wp-json\/wp\/v2\/media\/3272"}],"wp:attachment":[{"href":"http:\/\/preprod.chamarrel.fr\/en\/wp-json\/wp\/v2\/media?parent=3251"}],"wp:term":[{"taxonomy":"product_cat","embeddable":true,"href":"http:\/\/preprod.chamarrel.fr\/en\/wp-json\/wp\/v2\/product_cat?post=3251"},{"taxonomy":"product_tag","embeddable":true,"href":"http:\/\/preprod.chamarrel.fr\/en\/wp-json\/wp\/v2\/product_tag?post=3251"}],"curies":[{"name":"wp","href":"https:\/\/api.w.org\/{rel}","templated":true}]}}