{"id":2914,"date":"2023-05-17T23:59:24","date_gmt":"2023-05-17T21:59:24","guid":{"rendered":"https:\/\/chamarrel.live\/?post_type=product&#038;p=2914"},"modified":"2023-05-23T23:03:56","modified_gmt":"2023-05-23T21:03:56","slug":"noix-de-lavage","status":"publish","type":"product","link":"http:\/\/preprod.chamarrel.fr\/en\/nos-produits\/en-vrac-sans-emballage-en\/entretien-ecologique-en\/noix-de-lavage\/","title":{"rendered":"NOIX DE LAVAGE"},"content":{"rendered":"<h1>Noix de lavage | 1 kg<\/h1>\n<h1>Noix seules &#8211; Sachets en coton non fournis<\/h1>\n<p>&nbsp;<\/p>\n<h2>Les informations techniques des noix de lavage traditionnelles<\/h2>\n<p>Les noix de lavage sont des coquilles de fruits provenant du Sapindus Mukorossis, plus connu sous le nom d\u2019arbre \u00e0 savon. Il s\u2019agit d\u2019un arbre poussant jusqu\u2019\u00e0 1\u2009500 m d\u2019altitude en Inde, au Pakistan ou\u00a0au N\u00e9pal. Si ses fruits ne sont pas comestibles, en revanche leurs coques contiennent de la saponine, un d\u00e9tergent naturel. C\u2019est pour cette raison qu\u2019elles sont utilis\u00e9es comme alternative z\u00e9ro d\u00e9chet \u00e0 la lessive traditionnelle. Ces coques de\u00a0<b>noix de lavage sont 100 % biod\u00e9gradables et compostables<\/b>. Elles ne polluent pas, ne sont pas allerg\u00e8nes et peuvent \u00eatre utilis\u00e9es pour toute la famille.<\/p>\n<p>Chamarrel vous propose des\u00a0<b>noix de lavage traditionnelles<\/b>\u00a0provenant de l\u2019Himalaya et conditionn\u00e9es en sachet d\u2019un kilo.<\/p>\n<p>Contenu : coques de noix de lavage provenant de l\u2019Himalaya Poids : 1 kg Conditionnement : sac en toile + pochette de lavage offerte<\/p>\n<p>&nbsp;<\/p>\n<h2>Fonctionnement et utilisation des noix de lavage<\/h2>\n<p>Au contact de l\u2019eau ti\u00e8de ou chaude, la saponine contenue dans les coques de l\u2019arbre \u00e0 savon va \u00eatre lib\u00e9r\u00e9e et former une solution savonneuse. Par le mouvement du tambour de la machine, et le frottement des noix avec l\u2019eau et les v\u00eatements, le linge sera alors proprement lav\u00e9.<\/p>\n<p>Cette<b>\u00a0solution z\u00e9ro d\u00e9chet traditionnelle<\/b>\u00a0est utilis\u00e9e depuis des si\u00e8cles par les particuliers, mais \u00e9galement dans l\u2019industrie textile pour l\u2019entretien du linge en g\u00e9n\u00e9ral, mais aussi pour laver la laine et les tissus d\u00e9licats (soie par exemple). Les noix de lavage sont r\u00e9utilisables selon ces indications :<\/p>\n<ul>\n<li>jusqu\u2019\u00e0 3 fois pour les machines \u00e0 40 \u00b0C<\/li>\n<li>jusqu\u2019\u00e0 2 fois pour les machines \u00e0 60 \u00b0C<\/li>\n<li>1 seule fois pour les machines \u00e0 90 \u00b0C<\/li>\n<\/ul>\n<p>&nbsp;<\/p>\n<p>\u00c0 titre de r\u00e9f\u00e9rence, 1 kg de noix de lavage correspond aux besoins d\u2019une famille de 4 personnes, \u00e0 hauteur de 3 \u00e0 4 lessives par semaine durant une ann\u00e9e.<\/p>\n<p>&nbsp;<\/p>\n<h3>Comment utiliser les noix de lavage en machine<\/h3>\n<p>Il vous suffit d\u2019introduire 4 \u00e0 5 noix dans la pochette pr\u00e9vue \u00e0 cet effet (ou un gant de toilette, une chaussette ou un filet \u00e0 linge\u2026). Placez-la directement au c\u0153ur du linge et lancez votre programme habituel. Pour un linge tr\u00e8s sale, vous pouvez aussi ajouter des balles de lavage.<\/p>\n<p>Petite astuce : l\u2019odeur du linge \u00e9tant totalement neutre, si vous souhaitez le parfumer, vous pouvez soit ajouter de l\u2019huile essentielle directement sur la pochette, soit en rajouter quelques gouttes \u00e0 de l\u2019eau que vous utiliserez \u00e0 la place de l\u2019assouplissant. Attention, pour les machines \u00e0 40 degr\u00e9s et plus, celles-ci perdent leur odeur\u2026<\/p>\n<p>&nbsp;<\/p>\n<h3>Peut-on utiliser les noix de lavage pour une lessive \u00e0 la main ?<\/h3>\n<p>Oui, mais pour cela, il vaut mieux pr\u00e9parer\u00a0<b>une d\u00e9coction et l\u2019utiliser comme lessive liquide<\/b>. Pour ce faire, apr\u00e8s avoir utilis\u00e9 100 g de noix, laissez-les infuser 10 minutes dans 1 litre d\u2019eau bouillante. Filtrez l\u2019eau, pressez les noix dans vos mains et vous obtiendrez alors une lessive liquide.<\/p>\n<p>&nbsp;<\/p>\n<h2>Les points forts des noix de lavage \u00e9cologiques<\/h2>\n<p>Il s\u2019agit d\u2019une\u00a0<b>alternative naturelle et v\u00e9g\u00e9tale \u00e0 la lessive<\/b>. Les noix de lavage nettoient parfaitement et en profondeur la fibre textile, gr\u00e2ce \u00e0 la saponine qu\u2019elles contiennent naturellement.<\/p>\n<p>Elles ne poss\u00e8dent pas d\u2019agents blanchissants ni azurants optiques qui peuvent ab\u00eemer certains tissus. Le linge ressort doux, totalement propre et vous pouvez ces noix avec n\u2019importe quel type de textile sans distinction, m\u00eame les plus fragiles (laine, soie, lin, angora, etc.).<\/p>\n<p>Les noix de lavage sont aussi id\u00e9ales pour le linge des nourrissons et des personnes ayant une peau atopique (ecz\u00e9ma, psoriasis, dermatites, etc.).<\/p>\n<p>Il s\u2019agit enfin d\u2019une\u00a0<b>alternative z\u00e9ro d\u00e9chet \u00e0 la lessive conventionnelle<\/b>, bien plus \u00e9conomique et saine. Apr\u00e8s utilisation, les coques de noix de lavage peuvent \u00eatre jet\u00e9es au compost ou directement dans votre jardin afin de cr\u00e9er du terreau naturel et v\u00e9g\u00e9tal.<\/p>\n<p>&nbsp;<\/p>\n<h3>Conseils pratiques<\/h3>\n<p>Il est recommand\u00e9 de faire tourner sa machine \u00e0 vide avec un verre de vinaigre blanc une fois par trimestre, car les noix de lavage ne contiennent pas de catalyseur d\u2019ions et n\u2019emp\u00eachent pas le calcaire de se d\u00e9poser sur les r\u00e9sistances de la machine. Vous pouvez aussi utiliser des boules anticalcaires ou des c\u00e9ramiques EM.<\/p>\n<p>Vous pouvez utiliser la d\u00e9coction pour laver le linge \u00e0 la main, mais aussi pour laver votre peau et vos cheveux, notamment si vous avez tendance \u00e0 avoir des pellicules. Elle conviendra aussi pour laver vos animaux de compagnie, son pH \u00e9tant neutre. Le savon obtenu peut \u00e9galement \u00eatre utilis\u00e9 sur tous types de surfaces (plan de travail, sol, etc.).<\/p>\n","protected":false},"excerpt":{"rendered":"<p>Noix de lavage du Pakistan (coquilles seules) : sachet de 1kg.<br \/>\nPour un lavage \u00e9cologique du linge, sans rejet nocif pour l&#8217;environnement, qui vous donnera un linge frais, propre et doux !<\/p>\n","protected":false},"featured_media":2917,"comment_status":"closed","ping_status":"closed","template":"","meta":{"advanced_seo_description":"","jetpack_seo_html_title":"","jetpack_seo_noindex":false},"product_cat":[150,212,165],"product_tag":[],"class_list":["post-2914","product","type-product","status-publish","has-post-thumbnail","hentry","product_cat-accessoires-maison-en","product_cat-entretien-ecologique-en","product_cat-noix-de-lavage-en"],"acf":[],"_links":{"self":[{"href":"http:\/\/preprod.chamarrel.fr\/en\/wp-json\/wp\/v2\/product\/2914","targetHints":{"allow":["GET"]}}],"collection":[{"href":"http:\/\/preprod.chamarrel.fr\/en\/wp-json\/wp\/v2\/product"}],"about":[{"href":"http:\/\/preprod.chamarrel.fr\/en\/wp-json\/wp\/v2\/types\/product"}],"replies":[{"embeddable":true,"href":"http:\/\/preprod.chamarrel.fr\/en\/wp-json\/wp\/v2\/comments?post=2914"}],"wp:featuredmedia":[{"embeddable":true,"href":"http:\/\/preprod.chamarrel.fr\/en\/wp-json\/wp\/v2\/media\/2917"}],"wp:attachment":[{"href":"http:\/\/preprod.chamarrel.fr\/en\/wp-json\/wp\/v2\/media?parent=2914"}],"wp:term":[{"taxonomy":"product_cat","embeddable":true,"href":"http:\/\/preprod.chamarrel.fr\/en\/wp-json\/wp\/v2\/product_cat?post=2914"},{"taxonomy":"product_tag","embeddable":true,"href":"http:\/\/preprod.chamarrel.fr\/en\/wp-json\/wp\/v2\/product_tag?post=2914"}],"curies":[{"name":"wp","href":"https:\/\/api.w.org\/{rel}","templated":true}]}}