{"id":2760,"date":"2023-05-17T22:25:24","date_gmt":"2023-05-17T20:25:24","guid":{"rendered":"https:\/\/chamarrel.live\/?post_type=product&#038;p=2760"},"modified":"2024-10-31T23:41:51","modified_gmt":"2024-10-31T22:41:51","slug":"balles-battoirs-de-lavage","status":"publish","type":"product","link":"http:\/\/preprod.chamarrel.fr\/en\/nos-produits\/en-vrac-sans-emballage-en\/entretien-ecologique-en\/balles-battoirs-de-lavage\/","title":{"rendered":"BALLES &#038; BATTOIRS DE LAVAGE"},"content":{"rendered":"<p>Pour battre et brasser le linge.<\/p>\n<p>R\u00e9alisez des \u00e9conomies sur vos co\u00fbts de nettoyage et d&#8217;entretien du linge et acc\u00e9l\u00e9rez le s\u00e9chage.<br \/>\nCes balles ou ces battoirs de lavage sont fabriqu\u00e9s:<br \/>\npour r\u00e9sister aux produits.<br \/>\npour tenir en temp\u00e9rature.<br \/>\ninusable pour un particulier.<br \/>\nPour acc\u00e9l\u00e9rer le s\u00e9chage.<\/p>\n<p>Action : Tout comme la lavandi\u00e8re, elles battent et brassent le linge, diffusent mieux la lessive, et acc\u00e9l\u00e8rent le s\u00e9chage.<\/p>\n<p>Utilisation blanc ou couleurs, avec ou sans pr\u00e9lavage.<\/p>\n<p>Mettre 6 balles et 4 battoirs dans la machine<br \/>\nR\u00e9duire la dose de lessive\u2013 r\u00e9duire le dose d\u2019assouplissant ou ne pas en mettre\u2013 laver aux temp\u00e9ratures habituelles.<br \/>\nLes balles ou les battoirs restent dans la machine sans risque.<br \/>\nPour 2\/3 kg de linge r\u00e9duire le nombre de balles de moiti\u00e9<\/p>\n<p>Lainages :<br \/>\nMettre 4\/5 balles<br \/>\nNe pas le faire syst\u00e9matiquement<\/p>\n","protected":false},"excerpt":{"rendered":"<p>R\u00e9alisez des \u00e9conomies sur vos co\u00fbts de nettoyage et d&#8217;entretien du linge et acc\u00e9l\u00e9rez le s\u00e9chage.<br \/>\nBalles et battoirs en caoutchouc. Dur\u00e9e de vie illimit\u00e9e.<br \/>\nFabriqu\u00e9 en France.<\/p>\n","protected":false},"featured_media":4198,"comment_status":"closed","ping_status":"closed","template":"","meta":{"advanced_seo_description":"","jetpack_seo_html_title":"","jetpack_seo_noindex":false},"product_cat":[212,153],"product_tag":[],"class_list":["post-2760","product","type-product","status-publish","has-post-thumbnail","hentry","product_cat-entretien-ecologique-en","product_cat-balles-de-lavage-en"],"acf":[],"_links":{"self":[{"href":"http:\/\/preprod.chamarrel.fr\/en\/wp-json\/wp\/v2\/product\/2760","targetHints":{"allow":["GET"]}}],"collection":[{"href":"http:\/\/preprod.chamarrel.fr\/en\/wp-json\/wp\/v2\/product"}],"about":[{"href":"http:\/\/preprod.chamarrel.fr\/en\/wp-json\/wp\/v2\/types\/product"}],"replies":[{"embeddable":true,"href":"http:\/\/preprod.chamarrel.fr\/en\/wp-json\/wp\/v2\/comments?post=2760"}],"wp:featuredmedia":[{"embeddable":true,"href":"http:\/\/preprod.chamarrel.fr\/en\/wp-json\/wp\/v2\/media\/4198"}],"wp:attachment":[{"href":"http:\/\/preprod.chamarrel.fr\/en\/wp-json\/wp\/v2\/media?parent=2760"}],"wp:term":[{"taxonomy":"product_cat","embeddable":true,"href":"http:\/\/preprod.chamarrel.fr\/en\/wp-json\/wp\/v2\/product_cat?post=2760"},{"taxonomy":"product_tag","embeddable":true,"href":"http:\/\/preprod.chamarrel.fr\/en\/wp-json\/wp\/v2\/product_tag?post=2760"}],"curies":[{"name":"wp","href":"https:\/\/api.w.org\/{rel}","templated":true}]}}