{"id":2724,"date":"2023-05-16T23:00:41","date_gmt":"2023-05-16T21:00:41","guid":{"rendered":"https:\/\/chamarrel.live\/?post_type=product&#038;p=2724"},"modified":"2024-11-02T11:43:49","modified_gmt":"2024-11-02T10:43:49","slug":"brosse-a-bocaux","status":"publish","type":"product","link":"http:\/\/preprod.chamarrel.fr\/en\/nos-produits\/accessoires-maison-en\/brosses-ecologiques-en\/brosse-a-bocaux\/","title":{"rendered":"BROSSE \u00c0 BOCAUX"},"content":{"rendered":"<p>Brosse ton bocal r\u00e9guli\u00e8rement pour y conserver tes aliments en vrac de fa\u00e7on hygi\u00e9nique et sans risque !<\/p>\n<p><strong>Dimensions<\/strong>\u00a0: Longueur 350 mm. Poils \u00d8 270 mm<\/p>\n<p><strong>Pr\u00e9cautions<\/strong>\u00a0:<br \/>\nApr\u00e8s usage, placez les poils de la brosse vers le bas pour faciliter son s\u00e9chage et sa durabilit\u00e9. Le bois de h\u00eatre peut \u00eatre huil\u00e9 de temps en temps.<\/p>\n<p><strong>Composition\u00a0<\/strong>:<br \/>\nManche en bois de h\u00eatre. Poils en fibre v\u00e9g\u00e9tales tampico. Il s\u2019agit d\u2019une fibre issue de l\u2019agave.<\/p>\n","protected":false},"excerpt":{"rendered":"<p>Vous \u00eates pass\u00e9s au vrac ?! F\u00e9licitations !!!<br \/>\nN\u2019oubliez pas de nettoyer r\u00e9guli\u00e8rement vos bocaux ou autres contenants r\u00e9employables ou r\u00e9utilisables. Cette brosse en bois de h\u00eatre et son long manche permet un nettoyage efficace des bocaux en verre et autres contenants de l\u00e9gumineuses et autres fruits secs.<br \/>\nUn ustensile de nettoyage z\u00e9ro plastique pour les amateurs de vrac et de produits z\u00e9ro d\u00e9chet.<\/p>\n","protected":false},"featured_media":2731,"comment_status":"closed","ping_status":"closed","template":"","meta":{"advanced_seo_description":"","jetpack_seo_html_title":"","jetpack_seo_noindex":false},"product_cat":[150,156],"product_tag":[],"class_list":["post-2724","product","type-product","status-publish","has-post-thumbnail","hentry","product_cat-accessoires-maison-en","product_cat-brosses-ecologiques-en"],"acf":[],"_links":{"self":[{"href":"http:\/\/preprod.chamarrel.fr\/en\/wp-json\/wp\/v2\/product\/2724","targetHints":{"allow":["GET"]}}],"collection":[{"href":"http:\/\/preprod.chamarrel.fr\/en\/wp-json\/wp\/v2\/product"}],"about":[{"href":"http:\/\/preprod.chamarrel.fr\/en\/wp-json\/wp\/v2\/types\/product"}],"replies":[{"embeddable":true,"href":"http:\/\/preprod.chamarrel.fr\/en\/wp-json\/wp\/v2\/comments?post=2724"}],"wp:featuredmedia":[{"embeddable":true,"href":"http:\/\/preprod.chamarrel.fr\/en\/wp-json\/wp\/v2\/media\/2731"}],"wp:attachment":[{"href":"http:\/\/preprod.chamarrel.fr\/en\/wp-json\/wp\/v2\/media?parent=2724"}],"wp:term":[{"taxonomy":"product_cat","embeddable":true,"href":"http:\/\/preprod.chamarrel.fr\/en\/wp-json\/wp\/v2\/product_cat?post=2724"},{"taxonomy":"product_tag","embeddable":true,"href":"http:\/\/preprod.chamarrel.fr\/en\/wp-json\/wp\/v2\/product_tag?post=2724"}],"curies":[{"name":"wp","href":"https:\/\/api.w.org\/{rel}","templated":true}]}}