{"id":2619,"date":"2023-05-16T22:17:43","date_gmt":"2023-05-16T20:17:43","guid":{"rendered":"https:\/\/chamarrel.live\/?post_type=product&#038;p=2619"},"modified":"2024-12-27T23:17:38","modified_gmt":"2024-12-27T22:17:38","slug":"eponge-lavable-coton-bio","status":"publish","type":"product","link":"http:\/\/preprod.chamarrel.fr\/en\/nos-produits\/en-vrac-sans-emballage-en\/entretien-ecologique-en\/eponge-lavable-coton-bio\/","title":{"rendered":"\u00c9PONGE LAVABLE | COTON BIO"},"content":{"rendered":"<div class=\"jetpack-video-wrapper\"><iframe loading=\"lazy\" title=\"Eponge lavable - Entretien \u00e9cologique\" width=\"640\" height=\"480\" src=\"https:\/\/www.youtube.com\/embed\/gmS54j4B5A4?feature=oembed\" frameborder=\"0\" allow=\"accelerometer; autoplay; clipboard-write; encrypted-media; gyroscope; picture-in-picture; web-share\" referrerpolicy=\"strict-origin-when-cross-origin\" allowfullscreen><\/iframe><\/div>\n<p style=\"font-weight: 400;\">\u00c9ponge lavable en tissu de coton biologique pour faire la vaisselle ou pour le m\u00e9nage.<\/p>\n<p style=\"font-weight: 400;\">Elle s\u2019adapte \u00e0 toutes les surfaces avec au choix :<\/p>\n<ul style=\"font-weight: 400;\">\n<li aria-level=\"1\">une face en coton nid d\u2019abeille, et une autre en micro \u00e9ponge de coton (Douce)<\/li>\n<li aria-level=\"1\">une face en coton nid d\u2019abeille, et une autre en toile de jute naturelle (Grattante).<\/li>\n<\/ul>\n<p style=\"font-weight: 400;\">Fabriqu\u00e9 en France en ESAT (\u00e9tablissement et service d&#8217;aide par le travail : \u00e9conomie sociale et solidaire).<\/p>\n<p style=\"font-weight: 400;\">Pourquoi une \u00e9ponge lavable ?<\/p>\n<p style=\"font-weight: 400;\">Vous jetez l\u2019\u00e9ponge ? Pas si vite, il existe des alternatives \u00e9cologiques \u00e0 la traditionnelle \u00e9ponge synth\u00e9tique, non recyclable, ou \u00e0 celle en cellulose (d\u00e9j\u00e0 mieux si l\u2019on oublie les produits chimiques utilis\u00e9s pour la transformation du bois). Une \u00e9ponge en mati\u00e8re naturelle, durable et qui se lave voil\u00e0 ce qu\u2019il nous faut. C\u2019est avec ces objectifs en t\u00eate et celui de la facilit\u00e9 d\u2019utilisation que nous avons con\u00e7u cette \u00e9ponge en tissu.<\/p>\n<p style=\"font-weight: 400;\">Afin qu\u2019elle soit \u00e9cologique et pratique, nous avons choisi un coton biologique ainsi qu\u2019un rembourrage en ouate recycl\u00e9e 100% v\u00e9gane et hypoallerg\u00e9nique. Neutre en \u00e9nergie, elle r\u00e9pond \u00e0 la norme O\u00ebko-Tex 100.\u00a0Ainsi, vous retrouvez les v\u00e9ritables sensations de l&#8217;\u00e9ponge traditionnelle, tout en permettant le recyclage des d\u00e9chets.<\/p>\n<p style=\"font-weight: 400;\">Les 2 faces \u00e9tant constitu\u00e9es d\u2019un tissu diff\u00e9rent, vous pourrez choisir la face la plus adapt\u00e9e en fonction de la t\u00e2che \u00e0 effectuer. L&#8217;\u00e9ponge douce est id\u00e9ale pour essuyer les surfaces (plan de travail etc)<\/p>\n<p style=\"font-weight: 400;\">Caract\u00e9ristiques techniques :<\/p>\n<p style=\"font-weight: 400;\">Pour l\u2019\u00e9ponge douce :<\/p>\n<ul>\n<li style=\"font-weight: 400;\">\u00a0 \u00a0 \u00a0Une face en coton nid d\u2019abeille biologique<\/li>\n<li style=\"font-weight: 400;\">\u00a0 \u00a0 \u00a0Une face micro \u00e9ponge de coton biologique<\/li>\n<li style=\"font-weight: 400;\">\u00a0 \u00a0 \u00a0Rembourrage en ouate recycl\u00e9e 100% v\u00e9gane et hypoallerg\u00e9nique. Neutre en \u00e9nergie, elle r\u00e9pond \u00e0 la norme O\u00ebko-Tex 100.<\/li>\n<\/ul>\n<p style=\"font-weight: 400;\">Pour l\u2019\u00e9ponge grattante :<\/p>\n<ul>\n<li style=\"font-weight: 400;\">\u00a0 \u00a0 \u00a0Une face en coton nid d\u2019abeille biologique<\/li>\n<li style=\"font-weight: 400;\">\u00a0 \u00a0 \u00a0Une face en toile de jute naturelle.<\/li>\n<li style=\"font-weight: 400;\">\u00a0 \u00a0 \u00a0Rembourrage en ouate recycl\u00e9e 100% v\u00e9gane et hypoallerg\u00e9nique. Neutre en \u00e9nergie, elle r\u00e9pond \u00e0 la norme O\u00ebko-Tex 100.<\/li>\n<\/ul>\n<p style=\"font-weight: 400;\">\u00a0Dimensions 12cm par 8cm<\/p>\n<p style=\"font-weight: 400;\">Utilisations<\/p>\n<p style=\"font-weight: 400;\">Choisissez l\u2019\u00e9ponge et sa face selon que vous souhaitez qu\u2019elle soit plus grattante ou plus absorbante. Vous pouvez utiliser l\u2019\u00e9ponge avec ou sans produit.<\/p>\n<p style=\"font-weight: 400;\">Apr\u00e8s utilisation il est bien de la rincer correctement puis de l\u2019essorer en la pressant dans la main et de la laisser s\u00e9cher \u00e0 l\u2019air libre.<\/p>\n<p style=\"font-weight: 400;\">Recommandations<\/p>\n<p style=\"font-weight: 400;\">Laver l\u2019\u00e9ponge \u00e0 40\u00b0. Lavable en machine.<\/p>\n<p style=\"font-weight: 400;\">Des \u00e9ponges vraiment \u00e9cologiques ?<\/p>\n<p style=\"font-weight: 400;\">Si vous passez aux \u00e9ponges lavables c\u2019est que vous vous pr\u00e9occupez de l\u2019impact que nos habitudes ont sur la plan\u00e8te. Bravo ! Mais saviez-vous que certaines \u00e9ponges lavables ne sont pas \u00e9cologiques ? C\u2019est le cas par exemple des \u00e9ponges en microfibre. Bien que tr\u00e8s pratiques, les tissus microfibre sont fabriqu\u00e9s \u00e0 l\u2019aide d\u2019une fibre synth\u00e9tique (d\u00e9riv\u00e9e du p\u00e9trole). Pour vous assurer de l\u2019aspect \u00e9cologique de votre \u00e9ponge, v\u00e9rifiez sa composition.<\/p>\n<p style=\"font-weight: 400;\">Toujours dans l\u2019optique de garantir la composition la plus naturelle possible, nous avons choisi de confectionner ces \u00e9ponges en coton biologique.<\/p>\n<p style=\"font-weight: 400;\">Pourquoi le choix de la ouate recycl\u00e9e ?<\/p>\n<p style=\"font-weight: 400;\">La r\u00e9ponse est un peu dans la question, puisque ce choix permet le recyclage des bouteilles en PET (poly\u00e9thyl\u00e8ne t\u00e9r\u00e9phtalate) usag\u00e9es qui sont transform\u00e9es en fibres. Neutre en \u00e9nergie, la ouate recycl\u00e9e r\u00e9pond \u00e0 la norme O\u00ebko-Tex 100,\u00a0est hypoallerg\u00e9nique et permet un excellent rebond de l&#8217;\u00e9ponge, ce qui est tr\u00e8s agr\u00e9able \u00e0 l&#8217;usage.<\/p>\n<p style=\"font-weight: 400;\">\n","protected":false},"excerpt":{"rendered":"<p>Eponge lavable et durable en coton biologique.<br \/>\nPensez durable pour l&#8217;entretien de la maison !<br \/>\n100% naturelle et biod\u00e9gradable.<br \/>\nEn vrac &#8211; Sans emballage.<br \/>\nChoisissez l&#8217;une des d\u00e9clinaisons suivantes:<br \/>\n&#8211; Eponge &#8220;Grattante&#8221; (1 face en jute, l&#8217;autre en coton nid d&#8217;abeille biologique)<br \/>\n&#8211; Eponge &#8220;Douce&#8221; (2 faces en coton biologique)<\/p>\n<p>Produit \u00e9cologique et solidaire.<\/p>\n","protected":false},"featured_media":5089,"comment_status":"open","ping_status":"closed","template":"","meta":{"advanced_seo_description":"","jetpack_seo_html_title":"","jetpack_seo_noindex":false},"product_cat":[150,212,160],"product_tag":[],"class_list":["post-2619","product","type-product","status-publish","has-post-thumbnail","hentry","product_cat-accessoires-maison-en","product_cat-entretien-ecologique-en","product_cat-eponge-lavable-en"],"acf":[],"_links":{"self":[{"href":"http:\/\/preprod.chamarrel.fr\/en\/wp-json\/wp\/v2\/product\/2619","targetHints":{"allow":["GET"]}}],"collection":[{"href":"http:\/\/preprod.chamarrel.fr\/en\/wp-json\/wp\/v2\/product"}],"about":[{"href":"http:\/\/preprod.chamarrel.fr\/en\/wp-json\/wp\/v2\/types\/product"}],"replies":[{"embeddable":true,"href":"http:\/\/preprod.chamarrel.fr\/en\/wp-json\/wp\/v2\/comments?post=2619"}],"wp:featuredmedia":[{"embeddable":true,"href":"http:\/\/preprod.chamarrel.fr\/en\/wp-json\/wp\/v2\/media\/5089"}],"wp:attachment":[{"href":"http:\/\/preprod.chamarrel.fr\/en\/wp-json\/wp\/v2\/media?parent=2619"}],"wp:term":[{"taxonomy":"product_cat","embeddable":true,"href":"http:\/\/preprod.chamarrel.fr\/en\/wp-json\/wp\/v2\/product_cat?post=2619"},{"taxonomy":"product_tag","embeddable":true,"href":"http:\/\/preprod.chamarrel.fr\/en\/wp-json\/wp\/v2\/product_tag?post=2619"}],"curies":[{"name":"wp","href":"https:\/\/api.w.org\/{rel}","templated":true}]}}