{"id":2400,"date":"2023-05-16T00:35:09","date_gmt":"2023-05-15T22:35:09","guid":{"rendered":"https:\/\/chamarrel.live\/?post_type=product&#038;p=2400"},"modified":"2023-05-22T23:57:41","modified_gmt":"2023-05-22T21:57:41","slug":"recharge-tete-pour-brosse-a-dents-en-bois-2","status":"publish","type":"product","link":"http:\/\/preprod.chamarrel.fr\/en\/nos-produits\/uncategorized\/recharge-tete-pour-brosse-a-dents-en-bois-2\/","title":{"rendered":"RECHARGE | T\u00caTE POUR BROSSE \u00c0 DENTS EN BOIS"},"content":{"rendered":"<p>Comment ins\u00e9rer ou retirer la recharge de brosse \u00e0 dents ?<br \/>\nMontage de la recharge : Par temps sec, humidifiez le haut de la brosse 2 min. avant l\u2019op\u00e9ration. Glisser la recharge dans le haut du manche, maintenez-la avec un pouce et clipsez-la par un mouvement de levier.<br \/>\nFaites une pression sur l\u2019arri\u00e8re de la t\u00eate pour la d\u00e9clipser. Astuce : utilisez la nouvelle t\u00eate pour sortir l\u2019ancienne (Voir vid\u00e9o).<\/p>\n","protected":false},"excerpt":{"rendered":"<p>Termin\u00e9 le gaspillage ! Cette petite t\u00eate de rechange vous permet de garder le manche de votre brosse et de faire des \u00e9conomies d&#8217;\u00e9nergie et de mani\u00e8re. Une belle astuce z\u00e9ro d\u00e9chet.<br \/>\n100% recyclable et sans colle chimique, elle est compos\u00e9e d&#8217;un socle en ABS et de poils en nylon-612.<br \/>\nChangez de t\u00eate, rien d\u2019autre !<br \/>\nPoils souples.<br \/>\nT\u00eate bicolore : transparent et vert.<br \/>\nCompatible avec les brosses en bois &#8220;T\u00eate \u00e0 Clac&#8221; My Boo Company.<\/p>\n","protected":false},"featured_media":2259,"comment_status":"open","ping_status":"closed","template":"","meta":{"advanced_seo_description":"","jetpack_seo_html_title":"","jetpack_seo_noindex":false},"product_cat":[167,49],"product_tag":[],"class_list":["post-2400","product","type-product","status-publish","has-post-thumbnail","hentry","product_cat-accessoires-beaute-en","product_cat-uncategorized"],"acf":[],"_links":{"self":[{"href":"http:\/\/preprod.chamarrel.fr\/en\/wp-json\/wp\/v2\/product\/2400","targetHints":{"allow":["GET"]}}],"collection":[{"href":"http:\/\/preprod.chamarrel.fr\/en\/wp-json\/wp\/v2\/product"}],"about":[{"href":"http:\/\/preprod.chamarrel.fr\/en\/wp-json\/wp\/v2\/types\/product"}],"replies":[{"embeddable":true,"href":"http:\/\/preprod.chamarrel.fr\/en\/wp-json\/wp\/v2\/comments?post=2400"}],"wp:featuredmedia":[{"embeddable":true,"href":"http:\/\/preprod.chamarrel.fr\/en\/wp-json\/wp\/v2\/media\/2259"}],"wp:attachment":[{"href":"http:\/\/preprod.chamarrel.fr\/en\/wp-json\/wp\/v2\/media?parent=2400"}],"wp:term":[{"taxonomy":"product_cat","embeddable":true,"href":"http:\/\/preprod.chamarrel.fr\/en\/wp-json\/wp\/v2\/product_cat?post=2400"},{"taxonomy":"product_tag","embeddable":true,"href":"http:\/\/preprod.chamarrel.fr\/en\/wp-json\/wp\/v2\/product_tag?post=2400"}],"curies":[{"name":"wp","href":"https:\/\/api.w.org\/{rel}","templated":true}]}}