{"id":2381,"date":"2023-05-16T00:06:53","date_gmt":"2023-05-15T22:06:53","guid":{"rendered":"https:\/\/chamarrel.live\/?post_type=product&#038;p=2381"},"modified":"2023-05-23T00:03:25","modified_gmt":"2023-05-22T22:03:25","slug":"ventouse-a-clip-mini","status":"publish","type":"product","link":"http:\/\/preprod.chamarrel.fr\/en\/nos-produits\/accessoires-beaute-en\/ventouse-a-clip-mini\/","title":{"rendered":"VENTOUSE \u00c0 CLIP | MINI"},"content":{"rendered":"<p>L&#8217;alternative pour assurer le bon agencement de vos accessoires z\u00e9ro-d\u00e9chet dans la salle de bain. Rasoirs de s\u00fbret\u00e9 et brosses \u00e0 dents durables s&#8217;y fixeront pour un rendu vertical et optimal.<\/p>\n<p>Couleur de la ventouse : translucide<br \/>\nDiam\u00e8tre de la ventouse coll\u00e9e : 3 cm<br \/>\nHauteur de la ventouse \u00e0 clip : 2.5 cm<br \/>\nCouleur du clip : vert fonc\u00e9 ou translucide<\/p>\n<p>Poids net :5 grammes<\/p>\n","protected":false},"excerpt":{"rendered":"<p>Mini ventouse \u00e0 clip pour fixer brosse \u00e0 dent o\u00f9 rasoir de s\u00fbret\u00e9 o\u00f9 vous voulez.<br \/>\nUn accessoire mobile et malin pour la salle de bain.<br \/>\nLivr\u00e9e en vrac (sans emballage ni blister).<br \/>\nVentouse translucide.<br \/>\nCouleur du clip : vert fonc\u00e9 ou translucide.<\/p>\n","protected":false},"featured_media":2360,"comment_status":"open","ping_status":"closed","template":"","meta":{"advanced_seo_description":"","jetpack_seo_html_title":"","jetpack_seo_noindex":false},"product_cat":[167],"product_tag":[],"class_list":["post-2381","product","type-product","status-publish","has-post-thumbnail","hentry","product_cat-accessoires-beaute-en"],"acf":[],"_links":{"self":[{"href":"http:\/\/preprod.chamarrel.fr\/en\/wp-json\/wp\/v2\/product\/2381","targetHints":{"allow":["GET"]}}],"collection":[{"href":"http:\/\/preprod.chamarrel.fr\/en\/wp-json\/wp\/v2\/product"}],"about":[{"href":"http:\/\/preprod.chamarrel.fr\/en\/wp-json\/wp\/v2\/types\/product"}],"replies":[{"embeddable":true,"href":"http:\/\/preprod.chamarrel.fr\/en\/wp-json\/wp\/v2\/comments?post=2381"}],"wp:featuredmedia":[{"embeddable":true,"href":"http:\/\/preprod.chamarrel.fr\/en\/wp-json\/wp\/v2\/media\/2360"}],"wp:attachment":[{"href":"http:\/\/preprod.chamarrel.fr\/en\/wp-json\/wp\/v2\/media?parent=2381"}],"wp:term":[{"taxonomy":"product_cat","embeddable":true,"href":"http:\/\/preprod.chamarrel.fr\/en\/wp-json\/wp\/v2\/product_cat?post=2381"},{"taxonomy":"product_tag","embeddable":true,"href":"http:\/\/preprod.chamarrel.fr\/en\/wp-json\/wp\/v2\/product_tag?post=2381"}],"curies":[{"name":"wp","href":"https:\/\/api.w.org\/{rel}","templated":true}]}}