{"id":2344,"date":"2023-05-15T23:56:59","date_gmt":"2023-05-15T21:56:59","guid":{"rendered":"https:\/\/chamarrel.live\/?post_type=product&#038;p=2344"},"modified":"2023-05-23T00:04:45","modified_gmt":"2023-05-22T22:04:45","slug":"recharge-tete-pour-brosse-a-dents-en-bois","status":"publish","type":"product","link":"http:\/\/preprod.chamarrel.fr\/en\/nos-produits\/accessoires-beaute-en\/recharge-tete-pour-brosse-a-dents-en-bois\/","title":{"rendered":"VENTOUSE \u00c0 CROCHET | MINI"},"content":{"rendered":"<p>Faites s\u00e9chez vos accessoires biod\u00e9gradables \u00e0 l&#8217;air libre gr\u00e2ce \u00e0 cette petite ventouse munie d&#8217;un discret crochet m\u00e9tallique.<br \/>\nId\u00e9ale pour suspendre une \u00e9ponge v\u00e9g\u00e9tale telle qu&#8217;une \u00e9ponge konjac ou un loofah dans la salle de bain.<\/p>\n<p>Une fa\u00e7on simple de rendre ses \u00e9ponges v\u00e9g\u00e9tales plus durables en les maintenant bien au sec entre deux usages !<br \/>\nUn accessoire mobile, facile \u00e0 installer.<\/p>\n<p>Diam\u00e8tre de la ventouse coll\u00e9e : 3 cm<br \/>\nPoids net :5 grammes<\/p>\n","protected":false},"excerpt":{"rendered":"<p>Mini ventouse munie d&#8217;un crochet discret pour favoriser le s\u00e9chage de votre \u00e9ponge konjac ou de votre loofah.<br \/>\nConservez plus longtemps vos \u00e9ponges biod\u00e9gradables gr\u00e2ce \u00e0 cet accessoire mobile.<br \/>\nLivr\u00e9e en vrac (sans emballage ni blister).<\/p>\n","protected":false},"featured_media":2348,"comment_status":"open","ping_status":"closed","template":"","meta":{"advanced_seo_description":"","jetpack_seo_html_title":"","jetpack_seo_noindex":false},"product_cat":[167],"product_tag":[],"class_list":["post-2344","product","type-product","status-publish","has-post-thumbnail","hentry","product_cat-accessoires-beaute-en"],"acf":[],"_links":{"self":[{"href":"http:\/\/preprod.chamarrel.fr\/en\/wp-json\/wp\/v2\/product\/2344","targetHints":{"allow":["GET"]}}],"collection":[{"href":"http:\/\/preprod.chamarrel.fr\/en\/wp-json\/wp\/v2\/product"}],"about":[{"href":"http:\/\/preprod.chamarrel.fr\/en\/wp-json\/wp\/v2\/types\/product"}],"replies":[{"embeddable":true,"href":"http:\/\/preprod.chamarrel.fr\/en\/wp-json\/wp\/v2\/comments?post=2344"}],"wp:featuredmedia":[{"embeddable":true,"href":"http:\/\/preprod.chamarrel.fr\/en\/wp-json\/wp\/v2\/media\/2348"}],"wp:attachment":[{"href":"http:\/\/preprod.chamarrel.fr\/en\/wp-json\/wp\/v2\/media?parent=2344"}],"wp:term":[{"taxonomy":"product_cat","embeddable":true,"href":"http:\/\/preprod.chamarrel.fr\/en\/wp-json\/wp\/v2\/product_cat?post=2344"},{"taxonomy":"product_tag","embeddable":true,"href":"http:\/\/preprod.chamarrel.fr\/en\/wp-json\/wp\/v2\/product_tag?post=2344"}],"curies":[{"name":"wp","href":"https:\/\/api.w.org\/{rel}","templated":true}]}}