{"id":2202,"date":"2023-05-15T23:09:33","date_gmt":"2023-05-15T21:09:33","guid":{"rendered":"https:\/\/chamarrel.live\/?post_type=product&#038;p=2202"},"modified":"2023-05-22T23:55:55","modified_gmt":"2023-05-22T21:55:55","slug":"brosse-a-dents-recyclee-tete-amovible","status":"publish","type":"product","link":"http:\/\/preprod.chamarrel.fr\/en\/nos-produits\/uncategorized\/brosse-a-dents-recyclee-tete-amovible\/","title":{"rendered":"BROSSE \u00c0 DENTS RECYCL\u00c9E | T\u00caTE AMOVIBLE"},"content":{"rendered":"<p>Brosse \u00e0 dents recycl\u00e9e | T\u00eate amovible<\/p>\n<p>Une d\u00e9marche engag\u00e9e et engageante<br \/>\n\u00ab Rien ne se perd, tout se transforme \u00bb. Nos bouchons de bouteilles deviennent nos manches de brosses \u00e0 dents \u00e9cologiques.<\/p>\n<p>Entrez dans le cercle vertueux ! Nos d\u00e9chets deviennent des produits d&#8217;hygi\u00e8ne ! Manche en plastique 100% recycl\u00e9 et recyclable. Un accessoire de salle de bain qui s\u2019inscrit dans une d\u00e9marche responsable et durable.<\/p>\n<p>R\u00e9sultat : tr\u00e8s peu de pr\u00e9l\u00e8vement de mati\u00e8re premi\u00e8re et r\u00e9duction des d\u00e9chets. Sa fabrication demande une faible quantit\u00e9 de mati\u00e8re et d\u2019\u00e9nergie et a une empreinte carbone r\u00e9duite.<\/p>\n<p>Fabriqu\u00e9 en France uniquement \u00e0 partir de d\u00e9chets plastiques (bouchons de bouteille), r\u00e9colt\u00e9s en circuit ultra-court.<br \/>\nManche rechargeable en plastique 100% recycl\u00e9, fabriqu\u00e9 en France en Low-Tech. Machines de production, design et processus de fabrication des manches en Low-Tech.<br \/>\nToutes les chutes de production sont recycl\u00e9es et r\u00e9introduites dans la boucle.<\/p>\n<p>Une belle initiative dans la d\u00e9marche de l\u2019\u00e9conomie circulaire et de d\u00e9pollution !<\/p>\n<p>T\u00eates \/ Recharges de brosse \u00e0 dents<br \/>\nUne t\u00eate maline et amovible en bambou moso responsable, sans traitement et recyclable.<\/p>\n<p>Poils arrondis pour un brossage respectueux des gencives.<br \/>\nChangez la t\u00eate r\u00e9guli\u00e8rement et conservez le manche durablement.<\/p>\n<p>Changement de t\u00eate<br \/>\nEnfoncez la recharge en la faisant tourner sur le manche jusqu\u2019\u00e0 la bloquer. Si le trou semble petit, ne forcez pas, au risque de casser la t\u00eate. Faites-la tourner en exer\u00e7ant une l\u00e9g\u00e8re pression.<\/p>\n<p>D\u00e9tails techniques<br \/>\nComposition du manche : 100% d\u00e9chets en polypropyl\u00e8ne (bouchons de bouteilles). Fabriqu\u00e9 en France en Low Tech. Machines, design, mati\u00e8re premi\u00e8re et fabrication sont fran\u00e7aises.<br \/>\nComposition de la t\u00eate rechargeable : bambou moso responsable sans traitement, fa\u00e7onnage artisanal, enduit de cire v\u00e9g\u00e9tale<br \/>\nPoils en nylon-610, fabriqu\u00e9s \u00e0 partir d\u2019huile de ricin (62%), fix\u00e9s sans colle chimique, gr\u00e2ce \u00e0 des agrafes en inox m\u00e9dical. Fabriqu\u00e9e en Chine, lieu de culture du bambou moso.<\/p>\n<p>Un produit My Boo Company<\/p>\n","protected":false},"excerpt":{"rendered":"<p>La brosse \u00e0 dents astucieuse pour se laver les dents de fa\u00e7on responsable.<br \/>\nFabriqu\u00e9 en France dans une d\u00e9marche engag\u00e9e, avec des bouchons de bouteilles, le manche est 100% recycl\u00e9, durable et recyclable. Changez de t\u00eate, rien d\u2019autre ! Sa t\u00eate amovible en bambou responsable vous permet de suivre les recommandations des dentistes sans multiplier les d\u00e9chets.<br \/>\n3 couleurs de manche disponibles : vert, rouge ou bleu.<br \/>\nLa couleur peut l\u00e9g\u00e8rement varier au gr\u00e9 des mat\u00e9riaux recycl\u00e9s. 100% d\u00e9chets en polypropyl\u00e8ne (bouchons de bouteilles)<br \/>\nFixation des poils sans colle chimique.<\/p>\n<p>Vendue en vrac (sans emballage)<\/p>\n","protected":false},"featured_media":2219,"comment_status":"open","ping_status":"closed","template":"","meta":{"advanced_seo_description":"","jetpack_seo_html_title":"","jetpack_seo_noindex":false},"product_cat":[167,49],"product_tag":[],"class_list":["post-2202","product","type-product","status-publish","has-post-thumbnail","hentry","product_cat-accessoires-beaute-en","product_cat-uncategorized"],"acf":[],"_links":{"self":[{"href":"http:\/\/preprod.chamarrel.fr\/en\/wp-json\/wp\/v2\/product\/2202","targetHints":{"allow":["GET"]}}],"collection":[{"href":"http:\/\/preprod.chamarrel.fr\/en\/wp-json\/wp\/v2\/product"}],"about":[{"href":"http:\/\/preprod.chamarrel.fr\/en\/wp-json\/wp\/v2\/types\/product"}],"replies":[{"embeddable":true,"href":"http:\/\/preprod.chamarrel.fr\/en\/wp-json\/wp\/v2\/comments?post=2202"}],"wp:featuredmedia":[{"embeddable":true,"href":"http:\/\/preprod.chamarrel.fr\/en\/wp-json\/wp\/v2\/media\/2219"}],"wp:attachment":[{"href":"http:\/\/preprod.chamarrel.fr\/en\/wp-json\/wp\/v2\/media?parent=2202"}],"wp:term":[{"taxonomy":"product_cat","embeddable":true,"href":"http:\/\/preprod.chamarrel.fr\/en\/wp-json\/wp\/v2\/product_cat?post=2202"},{"taxonomy":"product_tag","embeddable":true,"href":"http:\/\/preprod.chamarrel.fr\/en\/wp-json\/wp\/v2\/product_tag?post=2202"}],"curies":[{"name":"wp","href":"https:\/\/api.w.org\/{rel}","templated":true}]}}