{"id":815,"date":"2023-04-23T18:20:57","date_gmt":"2023-04-23T16:20:57","guid":{"rendered":"https:\/\/chamarrel.live\/mentions-legales\/"},"modified":"2023-04-25T02:54:32","modified_gmt":"2023-04-25T00:54:32","slug":"mentions-legales","status":"publish","type":"page","link":"http:\/\/preprod.chamarrel.fr\/en\/mentions-legales\/","title":{"rendered":"Mentions l\u00e9gales"},"content":{"rendered":"\n<p>Notre site (www.chamarrel.com) est administr\u00e9 par M. Moun\u00e9<\/p>\n\n\n\n<p>&#8211; Soci\u00e9t\u00e9 : MERCATERRA,&nbsp;SARL au capital de 10.000,00\u20ac<br>&#8211; Siren : 837 938 604 RCS de Paris<br>&#8211; Num\u00e9ro de TVA Intracommunautaire: FR 05 837938604<br>&#8211; Adresse : 42 rue de Maubeuge, 75009 PARIS,&nbsp;France<br>&#8211; T\u00e9l\u00e9phone : +33 (0)4 86 688 799<br>&#8211; Adresse email : contact@chamarrel.com<\/p>\n\n\n\n<p>H\u00e9bergeur:<\/p>\n\n\n\n<p>OVH 2 rue Kellermann &#8211; 59100 Roubaix &#8211; France.<\/p>\n","protected":false},"excerpt":{"rendered":"<p>Notre site (www.chamarrel.com) est administr\u00e9 par M. Moun\u00e9 &#8211; Soci\u00e9t\u00e9 : MERCATERRA,&nbsp;SARL au capital de 10.000,00\u20ac&#8211; Siren : 837 938 604 RCS de Paris&#8211; Num\u00e9ro de TVA Intracommunautaire: FR 05 837938604&#8211; Adresse : 42 rue de Maubeuge, 75009 PARIS,&nbsp;France&#8211; T\u00e9l\u00e9phone : +33 (0)4 86 688 799&#8211; Adresse email : contact@chamarrel.com H\u00e9bergeur: OVH 2 rue Kellermann [&hellip;]<\/p>\n","protected":false},"author":2,"featured_media":0,"parent":0,"menu_order":0,"comment_status":"closed","ping_status":"closed","template":"","meta":{"advanced_seo_description":"","jetpack_seo_html_title":"","jetpack_seo_noindex":false,"footnotes":""},"class_list":["post-815","page","type-page","status-publish","hentry"],"acf":[],"_links":{"self":[{"href":"http:\/\/preprod.chamarrel.fr\/en\/wp-json\/wp\/v2\/pages\/815","targetHints":{"allow":["GET"]}}],"collection":[{"href":"http:\/\/preprod.chamarrel.fr\/en\/wp-json\/wp\/v2\/pages"}],"about":[{"href":"http:\/\/preprod.chamarrel.fr\/en\/wp-json\/wp\/v2\/types\/page"}],"author":[{"embeddable":true,"href":"http:\/\/preprod.chamarrel.fr\/en\/wp-json\/wp\/v2\/users\/2"}],"replies":[{"embeddable":true,"href":"http:\/\/preprod.chamarrel.fr\/en\/wp-json\/wp\/v2\/comments?post=815"}],"version-history":[{"count":1,"href":"http:\/\/preprod.chamarrel.fr\/en\/wp-json\/wp\/v2\/pages\/815\/revisions"}],"predecessor-version":[{"id":818,"href":"http:\/\/preprod.chamarrel.fr\/en\/wp-json\/wp\/v2\/pages\/815\/revisions\/818"}],"wp:attachment":[{"href":"http:\/\/preprod.chamarrel.fr\/en\/wp-json\/wp\/v2\/media?parent=815"}],"curies":[{"name":"wp","href":"https:\/\/api.w.org\/{rel}","templated":true}]}}