{"id":801,"date":"2023-03-27T13:10:33","date_gmt":"2023-03-27T11:10:33","guid":{"rendered":"https:\/\/chamarrel.live\/nos-produits\/unkategorisiert\/porte-savon-aimante-en-bois-funambulle\/"},"modified":"2023-05-19T18:30:08","modified_gmt":"2023-05-19T16:30:08","slug":"porte-savon-aimante-en-bois-funambulle","status":"publish","type":"product","link":"http:\/\/preprod.chamarrel.fr\/de\/unsere-produkte\/accessoires-beaute-de\/porte-savon-aimante-en-bois-funambulle\/","title":{"rendered":"PORTE-SAVON AIMANT\u00c9 EN BOIS | FUNAMBULLE"},"content":{"rendered":"<p>FUNAMBULLE | PORTE-SAVON AIMANT\u00c9 EN BOIS FRANCAIS<\/p>\n<p>FUNAMBULLE PORTE-SAVON AIMANT\u00c9 Z\u00c9RO-COMPROMIS<\/p>\n<p>Un porte-savon esth\u00e9tique et pratique z\u00e9ro-d\u00e9chet et sans plastique.<\/p>\n<p>On aime l\u2019\u00e9l\u00e9gance et la douceur du bois, de ses courbes harmonieuses. Discret, la plupart du temps, il s\u2019efface derri\u00e8re le savon. Le savon en l\u00e9vitation s\u00e8che rapidement, s\u2019\u00e9conomise et la surface reste propre.<\/p>\n<p>Les caract\u00e9ristiques du porte-savon aimant\u00e9 en bref<br \/>\nAdaptable : le porte savon \u00ab Funambulle \u00bb peut \u00eatre coll\u00e9 sur tout support propre : mosa\u00efque, fa\u00efence, miroir, vitre\u2026<br \/>\n\u00c9cologique et durable : il contribue \u00e0 r\u00e9duire les emballages plastique dans la salle de bain. Son usage est durable.<br \/>\n\u00c9conomique : le savon s\u00e8che sur toutes ses surfaces simultan\u00e9ment. Ton savon subi moins de pertes r\u00e9siduelles et dure plus longtemps donc tu en ach\u00e8tes moins.<br \/>\nMinimaliste : ton savon est comme en l\u00e9vitation, dans la douche, le lavabo ou la baignoire. Le porte-savon \u00ab Funambulle \u00bb, d\u00e9j\u00e0 tr\u00e8s petit, s\u2019efface et tu ne vois que le savon.<br \/>\nEsth\u00e9tique : en bois, 3 formes douces et discr\u00e8tes au choix. Il s\u2019adapte \u00e0 tous les univers.<\/p>\n<p>Fabriqu\u00e9 en France<br \/>\nChamarrel\u00ae Fabrique en France et en local le porte-savon aimant\u00e9 \u00ab Funambulle \u00bb. Chaque pi\u00e8ce fait l&#8217;objet d&#8217;un travail minutieux effectu\u00e9 \u00e0 la main.<\/p>\n<p>Mati\u00e8res premi\u00e8res s\u00e9lectionn\u00e9es.<br \/>\nNous avons choisi du h\u00eatre massif pour notre porte savon magn\u00e9tique \u00ab Funambulle \u00bb. Le h\u00eatre pr\u00e9sente l\u2019avantage d\u2019\u00eatre issu de for\u00eats fran\u00e7aises, g\u00e9r\u00e9es durablement, mais aussi d\u2019\u00eatre un bois dur qui r\u00e9siste aux chocs. Enfin, il poss\u00e8de des propri\u00e9t\u00e9s bact\u00e9ricides. Il est donc tout indiqu\u00e9 pour ce type d\u2019usage.<br \/>\nIl est prot\u00e9g\u00e9 par un vernis \u00e0 l\u2019eau \u00e9cologique.<\/p>\n<p>Comment utiliser cet accessoire \u00e9l\u00e9gant de la salle de bains ?<\/p>\n<p>Vous avez le choix de le placer sur n\u2019importe quelle surface propre (vitre, lavabo, miroir, fa\u00cfence, baignoire).<br \/>\nIndispensable dans la salle de bains z\u00e9ro d\u00e9chet, il sera aussi tr\u00e8s utile dans la cuisine pour tenir votre savon m\u00e9nager ou votre savon de Marseille pour la vaisselle.<\/p>\n<p>RECOMMANDATIONS<\/p>\n<p>PREMI\u00c8RE UTILISATION<br \/>\n1. Ins\u00e9rer la capsule au centre du savon, \u00e0 la main, et faites mousser autour.<br \/>\n2. Laissez s\u00e9cher 8 heures avant la 1\u00e8re utilisation.<br \/>\n3. A l\u2019aide de l\u2019adh\u00e9sif au dos du &#8222;funambulle&#8220;, coller le porte-savon magn\u00e9tique sur la surface souhait\u00e9e.<br \/>\n4. Placez le savon sur le support.<\/p>\n<p>Astuces : Au quotidien, pour d\u00e9crocher le savon, faites-le glisser (plut\u00f4t que de le tirer) afin de ne pas d\u00e9solidariser la capsule du savon.<br \/>\nSur savon tr\u00e8s sec, op\u00e9rer d\u00e9licatement en mouillant le savon au pr\u00e9alable et\/ou en enfon\u00e7ant la capsule sous un filet d\u2019eau.<\/p>\n<p>PR\u00c9CAUTIONS<br \/>\nLe porte-savon aimant\u00e9 &#8222;Funambulle&#8220; n\u2019est pas un jouet ; ne laissez pas la capsule m\u00e9tallique \u00e0 la port\u00e9e des enfants en bas-\u00e2ge. Risque d\u2019ingestion des petites pi\u00e8ces.<\/p>\n<p>Tenir \u00e0 l\u2019\u00e9cart des objets \u00e9lectroniques. Son aimant est puissant.<\/p>\n<p>ENTRETIEN<br \/>\nLe bois \u00e9tant une mati\u00e8re naturelle, son aspect peut se modifier avec le temps. Au cours de sa vie, apportez lui les soins n\u00e9cessaires afin de conserver un rendu satisfaisant (huiler, poncer, vernir\u2026).<\/p>\n<p>D\u00c9TAILS TECHNIQUES<br \/>\nSupport en H\u00eatre massif contenant un aimant puissant et une capsule \u00e0 enfoncer dans le savon.<br \/>\nAimant n\u00e9odyme avec scellage \u00e9poxy antirouille.<br \/>\nCapsule en acier inoxydable.<br \/>\nPoids net : 40 grammes.<br \/>\nSupport \u00ab goutte \u00bb en h\u00eatre : \u00e9paisseur 16 mm, diam\u00e8tre : 40 mm<br \/>\nSupport \u00ab c\u0153ur \u00bb en h\u00eatre : \u00e9paisseur 16 mm, diam\u00e8tre : 40 mm<br \/>\nSupport \u00ab bulle \u00bb : \u00e9paisseur 16 mm, diam\u00e8tre : 40 mm<\/p>\n<p>Poids maximum support\u00e9 : 200 grammes \u00e0 la verticale.<br \/>\nFabriqu\u00e9 en France.<\/p>\n","protected":false},"excerpt":{"rendered":"<p>Le porte-savon aimant\u00e9 agile qui fait tenir vos savons sur un fil, en l\u00e9vitation.<br \/>\nZ\u00e9ro d\u00e9chet et sans plastique, il sublime le savon qui s\u00e8che rapidement, int\u00e9gralement, et qui dure plus longtemps.<br \/>\nFabriqu\u00e9 en France \u00e0 partir de h\u00eatre fran\u00e7ais de for\u00eats labellis\u00e9es PEFC.<br \/>\nSe fixe sur tous types de surfaces, y compris non-lisses de type mosa\u00efque ou fa\u00efence irr\u00e9guli\u00e8re gr\u00e2ce \u00e0 son adh\u00e9sif puissant.<br \/>\nSupporte jusqu\u2019\u00e0 200 grammes \u00e0 la verticale.<br \/>\nVendu en vrac, au d\u00e9tail. Compatible avec tous types de soins solides (savons, shampoings), sauf produits friables.<br \/>\nFabriqu\u00e9 en France par Chamarrel\u00ae<br \/>\n3 formes au choix : Goutte, bulle ou coeur.<\/p>\n","protected":false},"featured_media":406,"comment_status":"closed","ping_status":"closed","template":"","meta":{"advanced_seo_description":"","jetpack_seo_html_title":"","jetpack_seo_noindex":false},"product_cat":[254,168],"product_tag":[],"class_list":["post-801","product","type-product","status-publish","has-post-thumbnail","hentry","product_cat-porte-savon-aimante-de","product_cat-accessoires-beaute-de"],"acf":[],"_links":{"self":[{"href":"http:\/\/preprod.chamarrel.fr\/de\/wp-json\/wp\/v2\/product\/801","targetHints":{"allow":["GET"]}}],"collection":[{"href":"http:\/\/preprod.chamarrel.fr\/de\/wp-json\/wp\/v2\/product"}],"about":[{"href":"http:\/\/preprod.chamarrel.fr\/de\/wp-json\/wp\/v2\/types\/product"}],"replies":[{"embeddable":true,"href":"http:\/\/preprod.chamarrel.fr\/de\/wp-json\/wp\/v2\/comments?post=801"}],"wp:featuredmedia":[{"embeddable":true,"href":"http:\/\/preprod.chamarrel.fr\/de\/wp-json\/wp\/v2\/media\/406"}],"wp:attachment":[{"href":"http:\/\/preprod.chamarrel.fr\/de\/wp-json\/wp\/v2\/media?parent=801"}],"wp:term":[{"taxonomy":"product_cat","embeddable":true,"href":"http:\/\/preprod.chamarrel.fr\/de\/wp-json\/wp\/v2\/product_cat?post=801"},{"taxonomy":"product_tag","embeddable":true,"href":"http:\/\/preprod.chamarrel.fr\/de\/wp-json\/wp\/v2\/product_tag?post=801"}],"curies":[{"name":"wp","href":"https:\/\/api.w.org\/{rel}","templated":true}]}}