{"id":6239,"date":"2025-10-26T20:36:48","date_gmt":"2025-10-26T19:36:48","guid":{"rendered":"https:\/\/preprod.chamarrel.fr\/?post_type=product&#038;p=6239"},"modified":"2026-02-03T12:04:18","modified_gmt":"2026-02-03T11:04:18","slug":"pochette-impermeable-pour-culotte-menstruelle","status":"publish","type":"product","link":"http:\/\/preprod.chamarrel.fr\/de\/unsere-produkte\/cosmetique-solide-de\/shampoing-solide-de\/pochette-impermeable-pour-culotte-menstruelle\/","title":{"rendered":"DE &#8211; POCHETTE IMPERM\u00c9ABLE | CULOTTE MENSTRUELLE"},"content":{"rendered":"<p>Composition :<\/p>\n<p>Ext\u00e9rieur : 85% coton et 15% lin<br \/>\nInt\u00e9rieur : PUL<\/p>\n<p>Munie d&#8217;un zip de fermeture.<\/p>\n<p>&nbsp;<\/p>\n<p>Dimensions:<\/p>\n<p>22 cm x 27 cm<\/p>\n","protected":false},"excerpt":{"rendered":"<p>Le shampoing qui r\u00e9concilie d\u00e9finitivement avec le solide. Fabriqu\u00e9 en France <strong>sans aucun sulfate, ni silicone, ni colorant, ni conservateur<\/strong>. Formule simple et exigeante respectueuse de la sant\u00e9 et de l\u2019environnement. Juste quantit\u00e9 de mousse et application facile.<br \/>\nConvient aux femmes enceintes, allaitantes et aux enfants. Forme ergonomique. Laisse les cheveux soyeux sans apr\u00e8s-shampoing.<br \/>\nShampoing conditionneur 70 g.<br \/>\nMarque : ManaMani<\/p>\n","protected":false},"featured_media":6277,"comment_status":"open","ping_status":"closed","template":"","meta":{"advanced_seo_description":"","jetpack_seo_html_title":"","jetpack_seo_noindex":false},"product_cat":[186,200],"product_tag":[],"class_list":["post-6239","product","type-product","status-publish","has-post-thumbnail","hentry","product_cat-cosmetique-solide-de","product_cat-shampoing-solide-de"],"acf":[],"_links":{"self":[{"href":"http:\/\/preprod.chamarrel.fr\/de\/wp-json\/wp\/v2\/product\/6239","targetHints":{"allow":["GET"]}}],"collection":[{"href":"http:\/\/preprod.chamarrel.fr\/de\/wp-json\/wp\/v2\/product"}],"about":[{"href":"http:\/\/preprod.chamarrel.fr\/de\/wp-json\/wp\/v2\/types\/product"}],"replies":[{"embeddable":true,"href":"http:\/\/preprod.chamarrel.fr\/de\/wp-json\/wp\/v2\/comments?post=6239"}],"wp:featuredmedia":[{"embeddable":true,"href":"http:\/\/preprod.chamarrel.fr\/de\/wp-json\/wp\/v2\/media\/6277"}],"wp:attachment":[{"href":"http:\/\/preprod.chamarrel.fr\/de\/wp-json\/wp\/v2\/media?parent=6239"}],"wp:term":[{"taxonomy":"product_cat","embeddable":true,"href":"http:\/\/preprod.chamarrel.fr\/de\/wp-json\/wp\/v2\/product_cat?post=6239"},{"taxonomy":"product_tag","embeddable":true,"href":"http:\/\/preprod.chamarrel.fr\/de\/wp-json\/wp\/v2\/product_tag?post=6239"}],"curies":[{"name":"wp","href":"https:\/\/api.w.org\/{rel}","templated":true}]}}