{"id":5053,"date":"2024-12-08T22:50:57","date_gmt":"2024-12-08T21:50:57","guid":{"rendered":"https:\/\/preprod.chamarrel.fr\/?post_type=product&#038;p=5053"},"modified":"2025-01-18T11:58:41","modified_gmt":"2025-01-18T10:58:41","slug":"pierre-dargile-nettoyant-universel","status":"publish","type":"product","link":"http:\/\/preprod.chamarrel.fr\/de\/unsere-produkte\/pierre-dargile-blanche-de\/pierre-dargile-nettoyant-universel\/","title":{"rendered":"PIERRE D&#8217;ARGILE | NETTOYANT UNIVERSEL"},"content":{"rendered":"<h1>Pierre d&#8217;argile blanche | 300g.<\/h1>\n<p class=\"Corps\">La pierre d&#8217;argile est un\u00a0<strong>produit incontournable de l&#8217;entretien \u00e9cologique<\/strong>.<\/p>\n<p><strong>EFFICACE<\/strong><\/p>\n<p>La pierre d&#8217;argile blanche est reconnue pour sa\u00a0capacit\u00e9\u00a0\u00e0\u00a0<strong>nettoyer, d\u00e9graisser, polir et faire briller sans rayer les surfaces<\/strong>. Anticalcaire, elle fait des miracles contre les d\u00e9p\u00f4ts de tartre.<\/p>\n<p>A la salle de bain, comme en cuisine, elle vient \u00e0 bout des t\u00e2ches tenaces, y compris des graisses cuites.<\/p>\n<p>&nbsp;<\/p>\n<p><strong>POLYVALENTE<\/strong><\/p>\n<p>La pierre d&#8217;argile\u00a0convient parfaitement \u00e0 la majorit\u00e9 des surfaces lavables \u00e0 l\u2019eau. De la\u00a0<strong>plaque de cuisson<\/strong>\u00a0vitroc\u00e9ramique, au p<strong>lan de travail<\/strong>\u00a0en passant par la\u00a0<strong>fa\u00efence<\/strong>, le\u00a0<strong>carrelage<\/strong>, les\u00a0<strong>sanitaires<\/strong>, le\u00a0<strong>mobilier de jardin<\/strong>, l&#8216;<strong>\u00e9vier<\/strong>\u00a0et la\u00a0<strong>robinetterie<\/strong>\u00a0et jusqu&#8217;aux\u00a0<strong>baskets<\/strong>, la pierre blanche nettoie presque tout avec brio et sans polluer. Elle fait des merveilles \u00e9galement sur les\u00a0<strong>joints de carrelage<\/strong>, les\u00a0<strong>m\u00e9taux<\/strong>\u00a0et le\u00a0<strong>gr\u00e8s<\/strong>.<\/p>\n<p>Un seul pot de pierre d&#8217;argile\u00a0<strong>remplace un grand nombre de produits d&#8217;entretien conventionnel<\/strong>s.<\/p>\n<p>&nbsp;<\/p>\n<p><strong>NATURELLE<\/strong><\/p>\n<p>Les composants de la pierre blanche sont\u00a0<strong>100% naturels<\/strong>\u00a0et biod\u00e9gradables, ce qui en fait un choix\u00a0<strong>respectueux de l\u2019environnement<\/strong>.\u00a0<strong>Sans produits chimiques\u00a0<\/strong>agressifs, elle est\u00a0<strong>non toxique<\/strong>\u00a0et sans danger.<\/p>\n<p>Ne cherchez\u00a0<strong>pas les pictogrammes de danger<\/strong>\u00a0que l&#8217;on trouve commun\u00e9ment sur les produits de m\u00e9nage classiques, il n&#8217;y en a pas !!! Tout simplement parce que c&#8217;est un\u00a0<strong>produit \u00e9cologique, simple et sain<\/strong>.<\/p>\n<p>&nbsp;<\/p>\n<p><strong>ECONOMIQUE &amp; DURABLE<\/strong><\/p>\n<p>La texture semi-dure de la pierre d&#8217;argile permet d&#8217;utiliser\u00a0<strong>tr\u00e8s peu de produit pour nettoyer de grandes surfaces<\/strong>. Par cons\u00e9quent, le produit\u00a0<strong>dure tr\u00e8s longtemps<\/strong>\u00a0et s&#8217;utilise avec parcimonie. Un seul pot de\u00a0pierre d&#8217;argile se conserve plusieurs mois. C&#8217;est aussi tr\u00e8s \u00e9conomique parce que la pierre d&#8217;argile vous \u00e9vite d&#8217;acheter une kyrielle de produits d&#8217;entretien classiques et sp\u00e9cifiques, co\u00fbteux et pas plus efficaces.<\/p>\n<p class=\"Corps\"><b>COMPOSITION<\/b><\/p>\n<p class=\"Corps\"><b><\/b>100 % d&#8217;ingr\u00e9dients d&#8217;origine naturelle.<\/p>\n<p class=\"Corps\">D\u00e9tergent certifi\u00e9 par Ecocert Greenlife selon le r\u00e9f\u00e9rentiel ECOCERT \u00ab\u00a0Ecod\u00e9tergent\u00a0\u00bb disponible sur\u00a0<span class=\"Hyperlink1\"><a href=\"http:\/\/detergents.ecocert.com\/\">http:\/\/detergents.ecocert.com<\/a><\/span><\/p>\n<p class=\"Corps\">Carbonate de calcium &gt; 30%<\/p>\n<p class=\"Corps\">Savon 5-15%<\/p>\n<p class=\"Corps\">Huiles essentielles &lt; 5%<\/p>\n<p class=\"Corps\">Contient aussi : Eau, pin\u00e8de, limon\u00e8ne<\/p>\n<p class=\"Corps\">Pot de 300 g.<\/p>\n<p class=\"Corps\">Livr\u00e9e avec une \u00e9ponge blanche synth\u00e9tique.<\/p>\n<p class=\"Corps\"><a class=\"lien_editeur\" href=\"https:\/\/www.chamarrel.com\/pierre-dargile-la-creme-de-la-creme-de-lentretien-ecologique-pxl-40_70.html\"><strong>En savoir plus sur la pierre d&#8217;argile l&#8217;homme de M\u00e9nage<\/strong><\/a><\/p>\n<p class=\"Corps\">\n","protected":false},"excerpt":{"rendered":"<p><em><strong>La cr\u00e8me de la cr\u00e8me de l\u2019entretien \u00e9cologique.<\/strong><\/em><br \/>\nUn produit nettoyant POLYVALENT, NATUREL, DURABLE ET ECONOMIQUE<br \/>\nLa pierre d\u2019argile <em>nettoie, d\u00e9tartre et d\u00e9graisse<\/em>.<br \/>\n<em>100 % d&#8217;ingr\u00e9dients d&#8217;origine naturelle.<\/em><br \/>\nD\u00e9tergent certifi\u00e9 par Ecocert Greenlife selon le r\u00e9f\u00e9rentiel ECOCERT \u00ab Ecod\u00e9tergent \u00bb disponible sur http:\/\/detergents.ecocert.com<br \/>\n<strong>Fabriqu\u00e9e en France.<\/strong><br \/>\nPot de 300 g.<\/p>\n","protected":false},"featured_media":5058,"comment_status":"closed","ping_status":"closed","template":"","meta":{"advanced_seo_description":"","jetpack_seo_html_title":"","jetpack_seo_noindex":false},"product_cat":[326,327],"product_tag":[299],"class_list":["post-5053","product","type-product","status-publish","has-post-thumbnail","hentry","product_cat-pierre-dargile-blanche-de","product_cat-produits-dentretien-ecologique-de","product_tag-en-vrac-de"],"acf":[],"_links":{"self":[{"href":"http:\/\/preprod.chamarrel.fr\/de\/wp-json\/wp\/v2\/product\/5053","targetHints":{"allow":["GET"]}}],"collection":[{"href":"http:\/\/preprod.chamarrel.fr\/de\/wp-json\/wp\/v2\/product"}],"about":[{"href":"http:\/\/preprod.chamarrel.fr\/de\/wp-json\/wp\/v2\/types\/product"}],"replies":[{"embeddable":true,"href":"http:\/\/preprod.chamarrel.fr\/de\/wp-json\/wp\/v2\/comments?post=5053"}],"wp:featuredmedia":[{"embeddable":true,"href":"http:\/\/preprod.chamarrel.fr\/de\/wp-json\/wp\/v2\/media\/5058"}],"wp:attachment":[{"href":"http:\/\/preprod.chamarrel.fr\/de\/wp-json\/wp\/v2\/media?parent=5053"}],"wp:term":[{"taxonomy":"product_cat","embeddable":true,"href":"http:\/\/preprod.chamarrel.fr\/de\/wp-json\/wp\/v2\/product_cat?post=5053"},{"taxonomy":"product_tag","embeddable":true,"href":"http:\/\/preprod.chamarrel.fr\/de\/wp-json\/wp\/v2\/product_tag?post=5053"}],"curies":[{"name":"wp","href":"https:\/\/api.w.org\/{rel}","templated":true}]}}