{"id":4733,"date":"2024-11-01T21:10:11","date_gmt":"2024-11-01T20:10:11","guid":{"rendered":"https:\/\/preprod.chamarrel.fr\/?post_type=product&#038;p=4733"},"modified":"2024-11-01T21:16:12","modified_gmt":"2024-11-01T20:16:12","slug":"savon-lait-de-chevre","status":"publish","type":"product","link":"http:\/\/preprod.chamarrel.fr\/de\/unsere-produkte\/cosmetique-solide-de\/savons-solides-de\/savon-lait-de-chevre\/","title":{"rendered":"SAVON LAIT DE CHEVRE"},"content":{"rendered":"<p>Savon de toilette enrichi au lait de ch\u00e8vre bio.\u00a0Sans colorant ni conservateur.<br \/>\nVendu en vrac, sans emballage.<\/p>\n<p>Fait \u00e0 Marseille, \u00e0 chaud, selon les proc\u00e9d\u00e9s ancestraux, par une savonnerie artisanale et traditionnelle labellis\u00e9e Entreprise du Patrimoine Vivant (EPV).<br \/>\nCe savon, \u00e9labor\u00e9 \u00e0 partir de copeaux de savon de Marseille, est enrichi au lait de ch\u00e8vre biologique.<\/p>\n<p>Particuli\u00e8rement adapt\u00e9 aux peaux s\u00e8ches et sensibles, le lait de ch\u00e8vre riche en vitamine A et antioxydants, favorise l\u2019hydratation de la peau et aide \u00e0 lutter contre le vieillissement.<\/p>\n<p>Format : savonnette<\/p>\n<p>Poids : 100g<\/p>\n<p><strong>INCI\u00a0<\/strong><br \/>\nSodium palmate, Sodium cocoate, Aqua, Sodium palm kernelate, Parfum, Caprae lac, Palm kernel acid, Sodium chloride, Glycerin, Sodium hydroxide, Tetrasodium etidronate, Amyl cinnamal, Benzyl salicylate, Citronellol, alpha-isomethylionone, Linalool<br \/>\n(huile de palme saponifi\u00e9e, huile de coco saponifi\u00e9e, eau, huile de palmiste saponifi\u00e9e, parfum, lait de ch\u00e8vre, huile de palme, sel, glyc\u00e9rine, soude caustique, tetrasodium etidronate, Ald\u00e9hyde alpha-amylcinnamique, salicylate de Benzyle, Citronellol, alpha-isomethylionone, Linalool)<br \/>\n<strong>Huile de palme certifi\u00e9e RSPO (production durable).<\/strong><\/p>\n","protected":false},"excerpt":{"rendered":"<p>Savon de Marseille au lait de ch\u00e8vre. Savonette de 100 grammes.<\/p>\n<p>Fabriqu\u00e9 en France, \u00e0 Marseille.<br \/>\nVendu sans emballage (en vrac).<\/p>\n","protected":false},"featured_media":4747,"comment_status":"open","ping_status":"closed","template":"","meta":{"advanced_seo_description":"","jetpack_seo_html_title":"","jetpack_seo_noindex":false},"product_cat":[186,197],"product_tag":[],"class_list":["post-4733","product","type-product","status-publish","has-post-thumbnail","hentry","product_cat-cosmetique-solide-de","product_cat-savons-solides-de"],"acf":[],"_links":{"self":[{"href":"http:\/\/preprod.chamarrel.fr\/de\/wp-json\/wp\/v2\/product\/4733","targetHints":{"allow":["GET"]}}],"collection":[{"href":"http:\/\/preprod.chamarrel.fr\/de\/wp-json\/wp\/v2\/product"}],"about":[{"href":"http:\/\/preprod.chamarrel.fr\/de\/wp-json\/wp\/v2\/types\/product"}],"replies":[{"embeddable":true,"href":"http:\/\/preprod.chamarrel.fr\/de\/wp-json\/wp\/v2\/comments?post=4733"}],"wp:featuredmedia":[{"embeddable":true,"href":"http:\/\/preprod.chamarrel.fr\/de\/wp-json\/wp\/v2\/media\/4747"}],"wp:attachment":[{"href":"http:\/\/preprod.chamarrel.fr\/de\/wp-json\/wp\/v2\/media?parent=4733"}],"wp:term":[{"taxonomy":"product_cat","embeddable":true,"href":"http:\/\/preprod.chamarrel.fr\/de\/wp-json\/wp\/v2\/product_cat?post=4733"},{"taxonomy":"product_tag","embeddable":true,"href":"http:\/\/preprod.chamarrel.fr\/de\/wp-json\/wp\/v2\/product_tag?post=4733"}],"curies":[{"name":"wp","href":"https:\/\/api.w.org\/{rel}","templated":true}]}}