{"id":4669,"date":"2024-11-01T20:49:03","date_gmt":"2024-11-01T19:49:03","guid":{"rendered":"https:\/\/preprod.chamarrel.fr\/?post_type=product&#038;p=4669"},"modified":"2024-12-03T12:08:19","modified_gmt":"2024-12-03T11:08:19","slug":"fleur-de-douche-coton-bio","status":"publish","type":"product","link":"http:\/\/preprod.chamarrel.fr\/de\/unsere-produkte\/accessoires-beaute-de\/fleur-de-douche-coton-bio\/","title":{"rendered":"FLEUR DE DOUCHE | COTON BIO"},"content":{"rendered":"<div>\n<p>Fleur de douche en filet de coton bio.<br \/>\nFabriqu\u00e9e en France.<br \/>\nVendue sans emballage ni blister.<br \/>\nDisponible en plusieurs coloris.<\/p>\n<p>&nbsp;<\/p>\n<p>Offre une mousse onctueuse pour un lavage en douceur.<br \/>\nPas de plastique ni de r\u00e9sidus de p\u00e9trochimie !<br \/>\nDiam\u00e8tre : env. 15\u00a0cm<\/p>\n<h3><strong>Pourquoi opter pour du coton bio ?<\/strong><\/h3>\n<p>Parce que la douche quotidienne m\u00e9rite une mati\u00e8re douce pour la peau et pour la plan\u00e8te.Fini le\u00a0plastique sous la douche !Le filet permet \u00e0 votre savon (solide, on esp\u00e8re !) de mousser pour un lavage efficace mais doux.<\/p>\n<h3><strong>Comment l&#8217;entretenir ?<\/strong><\/h3>\n<p>Au moins une fois par semaine : lavage \u00e0 la main, ou en machine \u00e0 30 ou 40 degr\u00e9s. Un l\u00e9ger r\u00e9tr\u00e9cissement peut \u00eatre constat\u00e9 au premier lavage, la fleur de douche \u00e9tant constitu\u00e9e uniquement de coton.<br \/>\nEntre 2 utilisations : la rincer, bien l&#8217;essorer, la secouer puis la laisser s\u00e9cher (id\u00e9alement \u00e0 l&#8217;air libre)<br \/>\n<strong>Vendue en vrac, sans emballage ni blister.<\/strong><\/p>\n<\/div>\n<div>\n<p>&nbsp;<\/p>\n<\/div>\n","protected":false},"excerpt":{"rendered":"<p>Fleur de douche en filet de coton bio.<br \/>\nFabriqu\u00e9e en France<br \/>\nVendue sans emballage ni blister.<br \/>\nDisponible en plusieurs coloris.<\/p>\n<p>Offre une mousse onctueuse pour un lavage en douceur.<br \/>\nPas de plastique ni de r\u00e9sidus de p\u00e9trochimie !<\/p>\n","protected":false},"featured_media":4984,"comment_status":"open","ping_status":"closed","template":"","meta":{"advanced_seo_description":"","jetpack_seo_html_title":"","jetpack_seo_noindex":false},"product_cat":[168],"product_tag":[],"class_list":["post-4669","product","type-product","status-publish","has-post-thumbnail","hentry","product_cat-accessoires-beaute-de"],"acf":[],"_links":{"self":[{"href":"http:\/\/preprod.chamarrel.fr\/de\/wp-json\/wp\/v2\/product\/4669","targetHints":{"allow":["GET"]}}],"collection":[{"href":"http:\/\/preprod.chamarrel.fr\/de\/wp-json\/wp\/v2\/product"}],"about":[{"href":"http:\/\/preprod.chamarrel.fr\/de\/wp-json\/wp\/v2\/types\/product"}],"replies":[{"embeddable":true,"href":"http:\/\/preprod.chamarrel.fr\/de\/wp-json\/wp\/v2\/comments?post=4669"}],"wp:featuredmedia":[{"embeddable":true,"href":"http:\/\/preprod.chamarrel.fr\/de\/wp-json\/wp\/v2\/media\/4984"}],"wp:attachment":[{"href":"http:\/\/preprod.chamarrel.fr\/de\/wp-json\/wp\/v2\/media?parent=4669"}],"wp:term":[{"taxonomy":"product_cat","embeddable":true,"href":"http:\/\/preprod.chamarrel.fr\/de\/wp-json\/wp\/v2\/product_cat?post=4669"},{"taxonomy":"product_tag","embeddable":true,"href":"http:\/\/preprod.chamarrel.fr\/de\/wp-json\/wp\/v2\/product_tag?post=4669"}],"curies":[{"name":"wp","href":"https:\/\/api.w.org\/{rel}","templated":true}]}}