{"id":4315,"date":"2024-11-01T10:41:09","date_gmt":"2024-11-01T09:41:09","guid":{"rendered":"https:\/\/preprod.chamarrel.fr\/?post_type=product&#038;p=4315"},"modified":"2024-12-27T22:47:41","modified_gmt":"2024-12-27T21:47:41","slug":"serviette-cheveux-absorbante-bambou","status":"publish","type":"product","link":"http:\/\/preprod.chamarrel.fr\/de\/unsere-produkte\/accessoires-beaute-de\/serviette-cheveux-absorbante-bambou\/","title":{"rendered":"SERVIETTE CHEVEUX ABSORBANTE | BAMBOU"},"content":{"rendered":"<div>\n<p>Fabriqu\u00e9e en France, notre serviette \u00e0 cheveux en bambou certifi\u00e9 Oeko-Tex respecte vos cheveux et votre cuir chevelu.<\/p>\n<p>Elle vous permet d&#8217;en prendre soin tout en douceur.<\/p>\n<p><strong>*Produit disponible en personnalisation \u00e0 votre marque sur demande.<\/strong><\/p>\n<p>&nbsp;<\/p>\n<p>Comment l&#8217;utiliser ?<br \/>\n&#8211; Apr\u00e8s le shampoing, elle vous permettra de bien vous s\u00e9cher les cheveux gr\u00e2ce \u00e0 son absorption 3 fois plus grande que celle du coton.<br \/>\n&#8211; Apr\u00e8s avoir appliqu\u00e9 votre soin cheveux, elle enveloppera vos cheveux et renforcera l&#8217;effet de votre soin ou de votre apr\u00e8s-shampoing.<\/p>\n<p>Gardez-la pos\u00e9e facilement sur votre t\u00eate gr\u00e2ce \u00e0 son bouton d&#8217;attache.<\/p>\n<p>&nbsp;<\/p>\n<p>Comment entretenir votre serviette \u00e0 cheveux en bambou?<br \/>\n&#8211; Votre serviette \u00e0 cheveux supporte tr\u00e8s bien le lavage \u00e0 60\u00b0C en machine.<\/p>\n<p>&nbsp;<\/p>\n<\/div>\n<div>\n<p>Longueur env. 67 cm<\/p>\n<p>Largeur min\/max : 7 cm \/ 27 cm<\/p>\n<p>La d\u00e9coupe \u00e9tant faite \u00e0 la main, la taille peut varier de plus ou moins 1 centim\u00e8tre.<\/p>\n<p>&nbsp;<\/p>\n<ul>\n<li>Fabrication Fran\u00e7aise<\/li>\n<li>Taille id\u00e9ale<\/li>\n<li>Ultra absorbante<\/li>\n<li>Pas de microfibres, donc pas de microparticules de plastique !<\/li>\n<\/ul>\n<p>Lavage en machine \u00e0 60 \u00b0C. S\u00e8che-linge autoris\u00e9 m\u00eame si elle s\u00e8chera tr\u00e8s bien\u00a0\u00e0 l&#8217;air libre (de notre bonne plan\u00e8te).<\/p>\n<p>&nbsp;<\/p>\n<\/div>\n","protected":false},"excerpt":{"rendered":"<p>Fabriqu\u00e9e en France, notre serviette \u00e0 cheveux en bambou certifi\u00e9 Oeko-Tex respecte vos cheveux et votre cuir chevelu.<br \/>\nTr\u00e8s absorbante, elle est id\u00e9ale pour s\u00e9cher les cheveux ou laisser poser un soin. Un accessoire doux et durable indispensable dans la salle de bain.<br \/>\nServiette munie d&#8217;un bouton d&#8217;attache.<\/p>\n<p>*Produit disponible en personnalisation \u00e0 votre marque sur demande.<\/p>\n","protected":false},"featured_media":4335,"comment_status":"open","ping_status":"closed","template":"","meta":{"advanced_seo_description":"","jetpack_seo_html_title":"","jetpack_seo_noindex":false},"product_cat":[308,168],"product_tag":[],"class_list":["post-4315","product","type-product","status-publish","has-post-thumbnail","hentry","product_cat-bestsellers-de","product_cat-accessoires-beaute-de"],"acf":[],"_links":{"self":[{"href":"http:\/\/preprod.chamarrel.fr\/de\/wp-json\/wp\/v2\/product\/4315","targetHints":{"allow":["GET"]}}],"collection":[{"href":"http:\/\/preprod.chamarrel.fr\/de\/wp-json\/wp\/v2\/product"}],"about":[{"href":"http:\/\/preprod.chamarrel.fr\/de\/wp-json\/wp\/v2\/types\/product"}],"replies":[{"embeddable":true,"href":"http:\/\/preprod.chamarrel.fr\/de\/wp-json\/wp\/v2\/comments?post=4315"}],"wp:featuredmedia":[{"embeddable":true,"href":"http:\/\/preprod.chamarrel.fr\/de\/wp-json\/wp\/v2\/media\/4335"}],"wp:attachment":[{"href":"http:\/\/preprod.chamarrel.fr\/de\/wp-json\/wp\/v2\/media?parent=4315"}],"wp:term":[{"taxonomy":"product_cat","embeddable":true,"href":"http:\/\/preprod.chamarrel.fr\/de\/wp-json\/wp\/v2\/product_cat?post=4315"},{"taxonomy":"product_tag","embeddable":true,"href":"http:\/\/preprod.chamarrel.fr\/de\/wp-json\/wp\/v2\/product_tag?post=4315"}],"curies":[{"name":"wp","href":"https:\/\/api.w.org\/{rel}","templated":true}]}}