{"id":3346,"date":"2023-05-26T15:59:33","date_gmt":"2023-05-26T13:59:33","guid":{"rendered":"https:\/\/chamarrel.live\/?post_type=product&#038;p=3346"},"modified":"2023-05-26T16:03:52","modified_gmt":"2023-05-26T14:03:52","slug":"filet-de-50-perles-special-lave-linge","status":"publish","type":"product","link":"http:\/\/preprod.chamarrel.fr\/de\/unsere-produkte\/traitement-de-leau-de\/perles-de-ceramique-de\/filet-de-50-perles-special-lave-linge\/","title":{"rendered":"FILET DE 50 PERLES | SP\u00c9CIAL LAVE-LINGE"},"content":{"rendered":"<p>Placez\u00a0 le filet dans le tambour de la machine \u00e0 laver. Les perles de c\u00e9ramique\u00a0prennent part au processus de lavage et de rin\u00e7age et peuvent \u00eatre r\u00e9utilis\u00e9es lors d&#8217;un prochain cycle.\u00a0Moins de d\u00e9p\u00f4t calcaire. Pouvoir lavant renforc\u00e9 et quantit\u00e9 de lessive r\u00e9duite.<\/p>\n<p><em><strong>Pr\u00e9cautions<\/strong>\u00a0<\/em>: Avant chaque lavage en machine, assurez-vous de la bonne tenue du filet en coton biologique doubl\u00e9. En cas d&#8217;usure tr\u00e8s avanc\u00e9e, conservez le contenu,\u00a0les 50 perles qui sont efficaces durant plus de 10 ans, et placez-les dans un nouveau contenant.<\/p>\n<p>Fabriqu\u00e9 en France de fa\u00e7on solidaire, en ESAT.<\/p>\n<p>&nbsp;<\/p>\n","protected":false},"excerpt":{"rendered":"<p>Coussinet de 50 perles de c\u00e9ramique \u00e0 placer dans le tambour de la machine \u00e0 laver.<br \/>\nFilet de coton biologique certifi\u00e9 GOTS, cousu et doubl\u00e9 pour une r\u00e9sistance optimale.<br \/>\nLes interactions entre l&#8217;eau et les perles de c\u00e9ramique \u00e9vitent le d\u00e9p\u00f4t calcaire et favorisent un lavage et un rin\u00e7age id\u00e9al.<br \/>\nAlternative z\u00e9ro d\u00e9chet.<br \/>\nProduit fabriqu\u00e9 en France de fa\u00e7on solidaire, en ESAT.<br \/>\nDimensions : 8 x 8 cm. 3 cm d&#8217;\u00e9paisseur.<\/p>\n","protected":false},"featured_media":3351,"comment_status":"open","ping_status":"closed","template":"","meta":{"advanced_seo_description":"","jetpack_seo_html_title":"","jetpack_seo_noindex":false},"product_cat":[149,247,271],"product_tag":[],"class_list":["post-3346","product","type-product","status-publish","has-post-thumbnail","hentry","product_cat-accessoires-maison-de","product_cat-traitement-de-leau-de","product_cat-perles-de-ceramique-de"],"acf":[],"_links":{"self":[{"href":"http:\/\/preprod.chamarrel.fr\/de\/wp-json\/wp\/v2\/product\/3346","targetHints":{"allow":["GET"]}}],"collection":[{"href":"http:\/\/preprod.chamarrel.fr\/de\/wp-json\/wp\/v2\/product"}],"about":[{"href":"http:\/\/preprod.chamarrel.fr\/de\/wp-json\/wp\/v2\/types\/product"}],"replies":[{"embeddable":true,"href":"http:\/\/preprod.chamarrel.fr\/de\/wp-json\/wp\/v2\/comments?post=3346"}],"wp:featuredmedia":[{"embeddable":true,"href":"http:\/\/preprod.chamarrel.fr\/de\/wp-json\/wp\/v2\/media\/3351"}],"wp:attachment":[{"href":"http:\/\/preprod.chamarrel.fr\/de\/wp-json\/wp\/v2\/media?parent=3346"}],"wp:term":[{"taxonomy":"product_cat","embeddable":true,"href":"http:\/\/preprod.chamarrel.fr\/de\/wp-json\/wp\/v2\/product_cat?post=3346"},{"taxonomy":"product_tag","embeddable":true,"href":"http:\/\/preprod.chamarrel.fr\/de\/wp-json\/wp\/v2\/product_tag?post=3346"}],"curies":[{"name":"wp","href":"https:\/\/api.w.org\/{rel}","templated":true}]}}