{"id":3334,"date":"2023-05-26T15:52:13","date_gmt":"2023-05-26T13:52:13","guid":{"rendered":"https:\/\/chamarrel.live\/?post_type=product&#038;p=3334"},"modified":"2023-05-26T15:57:06","modified_gmt":"2023-05-26T13:57:06","slug":"mega-perle-de-ceramique-48-g","status":"publish","type":"product","link":"http:\/\/preprod.chamarrel.fr\/de\/unsere-produkte\/traitement-de-leau-de\/perles-de-ceramique-de\/mega-perle-de-ceramique-48-g\/","title":{"rendered":"M\u00c9GA PERLE DE C\u00c9RAMIQUE | 48 G."},"content":{"rendered":"<p>USAGES ET B\u00c9N\u00c9FICES<br \/>\nDans la carafe, 10 \u00e0 15 perles. L\u2019eau du robinet est plus l\u00e9g\u00e8re et \u00e0 meilleur go\u00fbt (attendre 30 min \u00e0 la 1\u00e8re utilisation, puis remplir la carafe au fur et \u00e0 mesure.<br \/>\nDans la bouilloire, 12 \u00e0 25 perles. Diminue radicalement le d\u00e9p\u00f4t calcaire.<br \/>\nDans le lave-linge. 50 perles (dans une pochette en coton, ou une chaussette, bien nou\u00e9s). Moins de d\u00e9p\u00f4t calcaire. Pouvoir lavant renforc\u00e9 (quantit\u00e9 de lessive r\u00e9duite)<br \/>\nDans la corbeille \u00e0 fruit ou le bac \u00e0 l\u00e9gumes du r\u00e9frig\u00e9rateur. Une douzaine de perles. Conservation plus longue, moins d\u2019odeurs, moins de pourrissement.<br \/>\nDans le lave-vaisselle. 15 \u00e0 30 perles dans une pochette en coton ou dans le bac \u00e0 couverts. R\u00e9sultat impeccable en termes de lavage, de rin\u00e7age et de brillance, avec moins de produit.<br \/>\nDans les pots de fleurs et les vases. Conservation plus longue. Eau chang\u00e9e moins souvent.<br \/>\nDans le placard \u00e0 chaussures, une poign\u00e9e de perles contribue \u00e0 neutraliser les odeurs<br \/>\nDans le r\u00e9servoir de la chasse d\u2019eau des toilettes, contre le d\u00e9p\u00f4t calcaire. Une poign\u00e9e (ou une m\u00e9ga-perle).<\/p>\n<p>COMPOSITION<br \/>\nLa c\u00e9ramique EM se compose d\u2019argile ferment\u00e9e \u00e0 l\u2019aide de micro-organismes efficaces naturels non modifi\u00e9s et cuite \u00e0 1200\u00b0 C. Les multiples caract\u00e9ristiques des EM se conservent dans l\u2019argile. Au contact de l\u2019eau, les informations (fr\u00e9quences) de la c\u00e9ramique sont transmises \u00e0 l\u2019eau. La qualit\u00e9 de l\u2019eau s\u2019am\u00e9liore et reste plus fra\u00eeche.<\/p>\n<p>IMPACT \u00c9COLOGIQUE DES PERLES DE C\u00c9RAMIQUE<br \/>\nConstitu\u00e9es d\u2019argile, les perles de c\u00e9ramique sont 100 % naturelles et biod\u00e9gradables. Elles permettent de consommer l\u2019eau du robinet sans supporter le go\u00fbt d\u00e9sagr\u00e9able chlor\u00e9 ou autre.<\/p>\n<p>Potable et de bonne qualit\u00e9 en France, l&#8217;eau du robinet, bien que moins ch\u00e8re est parfois boud\u00e9e par les enfants comme par les adultes \u00e0 cause de son go\u00fbt jug\u00e9 d\u00e9sagr\u00e9able selon les r\u00e9gions et les sensations de chacun. Les perles de c\u00e9ramique am\u00e9liorent la qualit\u00e9 et le go\u00fbt de l&#8217;eau qui devient agr\u00e9able \u00e0 boire, et sans surco\u00fbt.<\/p>\n<p>Cela contribue \u00e0 lutter contre la prolif\u00e9ration des d\u00e9chets plastiques caus\u00e9e en partie par l\u2019achat d\u2019eau en bouteilles. Elles r\u00e9duisent consid\u00e9rablement le budget par la m\u00eame occasion, l\u2019eau en bouteille \u00e9tant excessivement ch\u00e8re en plus d\u2019\u00eatre extr\u00eamement polluante.<\/p>\n<p>POURQUOI EN VRAC ?<br \/>\nLes perles de c\u00e9ramique ont un int\u00e9r\u00eat \u00e9cologique certain, et sont synonymes d&#8217;\u00e9conomies r\u00e9alis\u00e9es. Sans emballage, elles \u00e9vitent la production de d\u00e9chets inutiles. La vente en vrac des perles de c\u00e9ramique ne les rend pas moins hygi\u00e9niques puisqu\u2019elles doivent, en premier lieu, \u00eatre st\u00e9rilis\u00e9es avant la premi\u00e8re utilisation.<\/p>\n<p>POURQUOI EN D\u00c9TAIL ?<br \/>\nLe nombre de perles de c\u00e9ramique dont vous avez besoin d\u00e9pend de votre usage. Il serait donc inutile d\u2019en acheter 30 alors que 25 vous suffisent.<\/p>\n<p>Achet\u00e9es au d\u00e9tail, les perles de c\u00e9ramique vous permettent d\u2019ajuster votre achat \u00e0 vos besoins.<\/p>\n<p>Par exemple, selon la duret\u00e9 (pr\u00e9sence plus ou moins importante de calcaire) dans votre eau du robinet, vous pouvez avoir besoin d\u2019ajouter quelques perles de c\u00e9ramique de plus que les pr\u00e9conisations moyennes. C\u2019est un jeu d\u2019enfant avec les perles au d\u00e9tail, et c\u2019est aussi plus \u00e9conomique !<\/p>\n<p>RECOMMANDATIONS<br \/>\nDosage<br \/>\nLes quantit\u00e9s ci-dessus sont donn\u00e9es \u00e0 titre indicatif et doivent \u00eatre adapt\u00e9es \u00e0 votre usage, et \u00e0 la qualit\u00e9 de votre eau du robinet, notamment.<\/p>\n<p>Elles peuvent \u00eatre augment\u00e9es ou diminu\u00e9es \u00e0 votre convenance.<\/p>\n<p>N\u2019h\u00e9sitez pas \u00e0 les associer aux perles de c\u00e9ramique roses ou au charbon binchotan, sans risque d\u2019effets ind\u00e9sirables.<\/p>\n<p>Entretien<br \/>\nAvant la premi\u00e8re utilisation, plongez les perles de c\u00e9ramique 10 minutes dans l\u2019eau bouillante, puis laissez-les s\u00e9cher. Vous pouvez renouveler cette op\u00e9ration une fois par mois environ, ou lorsque vous avez l&#8217;impression que l&#8217;effet des perles de c\u00e9ramique est moins perceptible.<\/p>\n<p>Vous pouvez \u00e9galement les frotter d\u00e9licatement avec une petite brosse ou un loofah, si vous le souhaitez.<\/p>\n<p>ORIGINE<br \/>\nProduits originaux &#8211; Fabriqu\u00e9s au Japon selon les travaux du Professeur Teruo Higa<\/p>\n<p>LA GARANTIE CHAMARREL<br \/>\nChamarrel\u00ae fait appel aux services d&#8217;un laboratoire fran\u00e7ais ind\u00e9pendant qui r\u00e9alise des tests de radioactivit\u00e9, et atteste de l&#8217;absence de radioactivit\u00e9 des perles de c\u00e9ramique.<\/p>\n<p>POUR ALLER PLUS LOIN<br \/>\nLes perles de c\u00e9ramique EM sont une alternative \u00e9coresponsable qui suscite autant d\u2019enthousiasme que de questions au sujet de leur action, de leur efficacit\u00e9, de leur origine, de leur int\u00e9r\u00eat par rapport \u00e0 d&#8217;autres solutions plus r\u00e9pandues comme le charbon binchotan, notamment. Les r\u00e9ponses aux questions r\u00e9currentes permettent d\u2019aller plus loin.<\/p>\n<p>LES MICRO-ORGANISMES EFFICACES SONT &#8230;<\/p>\n<p>Des bact\u00e9ries photosynth\u00e9tiques :<\/p>\n<p>Les bact\u00e9ries photosynth\u00e9tiques jouent un r\u00f4le capital dans l\u2019action de micro-organismes efficaces. Gr\u00e2ce \u00e0 la lumi\u00e8re du soleil et \u00e0 la chaleur du sol, elles produisent des substances nutritives en transformant les \u00e9manations des racines, les mati\u00e8res organiques et les gaz nocifs (photosynth\u00e8se). Les plantes peuvent assimiler directement leurs produits m\u00e9taboliques. En plus, les bact\u00e9ries photosynth\u00e9tiques stimulent la reproduction des autres bact\u00e9ries et fixent l\u2019azote.<\/p>\n<p>Des bact\u00e9ries d\u2019acide lactique :<\/p>\n<p>Les bact\u00e9ries d\u2019acide lactique ont une puissante action st\u00e9rilisante. Elles r\u00e9duisent les micro-organismes nocifs et facilitent la d\u00e9composition rapide des mati\u00e8res organiques. Elles peuvent, entre autres, pr\u00e9venir la reproduction du Fusarium, une moisissure nocive.<\/p>\n<p>Des levures :<\/p>\n<p>Les levures fabriquent des substances nutritives et antimicrobiennes n\u00e9cessaires \u00e0 la croissance des plantes. Leurs substances m\u00e9taboliques constituent la nourriture d\u2019autres bact\u00e9ries comme les bact\u00e9ries d\u2019acide lactique et les actinomyc\u00e8tes.<\/p>\n<p>Des actinomyc\u00e8tes :<\/p>\n<p>Les actinomyc\u00e8tes r\u00e9duisent les moisissures nocives et peuvent cohabiter avec des bact\u00e9ries photosynth\u00e9tiques.<\/p>\n<p>Des moisissures fermentantes :<\/p>\n<p>Les moisissures fermentantes d\u00e9composent rapidement les substances organiques, r\u00e9duisant ainsi les mauvaises odeurs. Elles pr\u00e9viennent les d\u00e9g\u00e2ts caus\u00e9s par les insectes nocifs.<\/p>\n","protected":false},"excerpt":{"rendered":"<p>M\u00e9ga perle de c\u00e9ramique, \u00e0 l&#8217;unit\u00e9. Perle g\u00e9ante 35mm de diam\u00e8tre \/ 35mm de hauteur et 48 grammes.<br \/>\nPratique et efficace pour les grandes quantit\u00e9s d&#8217;eau. Diminue le d\u00e9p\u00f4t calcaire et dynamise l&#8217;eau.<br \/>\nArgile \u00e0 laquelle a \u00e9t\u00e9 ajout\u00e9 par un processus de cuisson ana\u00e9robie un m\u00e9lange de Micro-organismes b\u00e9n\u00e9fiques &amp; naturels.<br \/>\n1 m\u00e9ga perle de c\u00e9ramique : 35&#215;35 mm pour 48 grammes.<\/p>\n","protected":false},"featured_media":3339,"comment_status":"open","ping_status":"closed","template":"","meta":{"advanced_seo_description":"","jetpack_seo_html_title":"","jetpack_seo_noindex":false},"product_cat":[149,247,271],"product_tag":[],"class_list":["post-3334","product","type-product","status-publish","has-post-thumbnail","hentry","product_cat-accessoires-maison-de","product_cat-traitement-de-leau-de","product_cat-perles-de-ceramique-de"],"acf":[],"_links":{"self":[{"href":"http:\/\/preprod.chamarrel.fr\/de\/wp-json\/wp\/v2\/product\/3334","targetHints":{"allow":["GET"]}}],"collection":[{"href":"http:\/\/preprod.chamarrel.fr\/de\/wp-json\/wp\/v2\/product"}],"about":[{"href":"http:\/\/preprod.chamarrel.fr\/de\/wp-json\/wp\/v2\/types\/product"}],"replies":[{"embeddable":true,"href":"http:\/\/preprod.chamarrel.fr\/de\/wp-json\/wp\/v2\/comments?post=3334"}],"wp:featuredmedia":[{"embeddable":true,"href":"http:\/\/preprod.chamarrel.fr\/de\/wp-json\/wp\/v2\/media\/3339"}],"wp:attachment":[{"href":"http:\/\/preprod.chamarrel.fr\/de\/wp-json\/wp\/v2\/media?parent=3334"}],"wp:term":[{"taxonomy":"product_cat","embeddable":true,"href":"http:\/\/preprod.chamarrel.fr\/de\/wp-json\/wp\/v2\/product_cat?post=3334"},{"taxonomy":"product_tag","embeddable":true,"href":"http:\/\/preprod.chamarrel.fr\/de\/wp-json\/wp\/v2\/product_tag?post=3334"}],"curies":[{"name":"wp","href":"https:\/\/api.w.org\/{rel}","templated":true}]}}