{"id":2845,"date":"2023-05-17T22:47:02","date_gmt":"2023-05-17T20:47:02","guid":{"rendered":"https:\/\/chamarrel.live\/?post_type=product&#038;p=2845"},"modified":"2024-11-02T11:32:02","modified_gmt":"2024-11-02T10:32:02","slug":"macaron-menthol","status":"publish","type":"product","link":"http:\/\/preprod.chamarrel.fr\/de\/unsere-produkte\/prouits-bien-etre-de\/macaron-menthol\/","title":{"rendered":"MACARON MENTHOL"},"content":{"rendered":"<p>Fabriqu\u00e9 en France depuis 1932, \u00a0le\u00a0stick de menthol Le Bienfaiteur (aussi appel\u00e9\u00a0crayon de menthol)\u00a0est compos\u00e9 de 5\u00a0g de\u00a0<strong>menthol<\/strong>\u00a0pur. Produit 100% naturel, le\u00a0<strong>menthol,\u00a0<\/strong>extrait de la\u00a0<strong>menthe,<\/strong>\u00a0soulage des migraines et des douleurs musculaires gr\u00e2ce \u00e0 sa fra\u00eecheur (agr\u00e9able sensation de froid).<\/p>\n<div class=\"bloc_texte\">\n<p class=\"texte_paragraphe\">Pr\u00e9sent\u00e9 dans un \u00e9l\u00e9gant \u00e9tui en bois de buis, il faut l&#8217;appliquer sur le front ou les zones cibl\u00e9es pour obtenir cette sensation de fraicheur. Pour les maux de t\u00eate, appliquer le stick de\u00a0<strong>menthol<\/strong>\u00a0sur\u00a0le front\u00a0et les tempes d\u00e8s les premiers sympt\u00f4mes. Pour les douleurs musculaires et les courbatures, appliquer sur les muscles douloureux.<\/p>\n<p>Usage exclusivement\u00a0 externe, \u00e9viter le contacte avec les yeux et les muqueuses. Stocker le stick de <strong>menthol<\/strong>\u00a0au sec, \u00e9loign\u00e9 des sources de chaleur.<\/p>\n<p class=\"texte_paragraphe\">Ne pas utiliser chez la femme enceinte<\/p>\n<p class=\"texte_paragraphe\">Ce qu&#8217;il faut savoir sur le Menthol :<br \/>\nLe\u00a0<strong>menthol<\/strong>\u00a0est extrait de la\u00a0<strong>menthe<\/strong>. Il est plus connu dans le domaine alimentaire comme le chewing-gum ou les produits cosm\u00e9tiques comme les gels douches \u00e0 effet rafra\u00eechissant. Mais il tient avant tout, une part importante dans la pr\u00e9paration de pommade ou cr\u00e8me \u00e0 but anesth\u00e9siante et relaxante.<br \/>\nLe bois utilis\u00e9 pour l&#8217;\u00e9tui est sous gestion foresti\u00e8re, un arbre abattu \u00e9gal un arbre replant\u00e9.<\/p>\n<p class=\"texte_paragraphe\"><span style=\"color: #000000; font-family: arial, helvetica, sans-serif;\">C&#8217;est \u00e9cologique et \u00e9conomique !<\/span><\/p>\n<\/div>\n","protected":false},"excerpt":{"rendered":"<p>Macaron de menthol pur.<br \/>\nFabriqu\u00e9 en France. R\u00e9serv\u00e9 \u00e0 l\u2019adulte. Ne pas utiliser chez la<br \/>\nfemme enceinte ou allaitante.<\/p>\n","protected":false},"featured_media":2862,"comment_status":"closed","ping_status":"closed","template":"","meta":{"advanced_seo_description":"","jetpack_seo_html_title":"","jetpack_seo_noindex":false},"product_cat":[283,284],"product_tag":[],"class_list":["post-2845","product","type-product","status-publish","has-post-thumbnail","hentry","product_cat-prouits-bien-etre-de","product_cat-stick-menthol-de"],"acf":[],"_links":{"self":[{"href":"http:\/\/preprod.chamarrel.fr\/de\/wp-json\/wp\/v2\/product\/2845","targetHints":{"allow":["GET"]}}],"collection":[{"href":"http:\/\/preprod.chamarrel.fr\/de\/wp-json\/wp\/v2\/product"}],"about":[{"href":"http:\/\/preprod.chamarrel.fr\/de\/wp-json\/wp\/v2\/types\/product"}],"replies":[{"embeddable":true,"href":"http:\/\/preprod.chamarrel.fr\/de\/wp-json\/wp\/v2\/comments?post=2845"}],"wp:featuredmedia":[{"embeddable":true,"href":"http:\/\/preprod.chamarrel.fr\/de\/wp-json\/wp\/v2\/media\/2862"}],"wp:attachment":[{"href":"http:\/\/preprod.chamarrel.fr\/de\/wp-json\/wp\/v2\/media?parent=2845"}],"wp:term":[{"taxonomy":"product_cat","embeddable":true,"href":"http:\/\/preprod.chamarrel.fr\/de\/wp-json\/wp\/v2\/product_cat?post=2845"},{"taxonomy":"product_tag","embeddable":true,"href":"http:\/\/preprod.chamarrel.fr\/de\/wp-json\/wp\/v2\/product_tag?post=2845"}],"curies":[{"name":"wp","href":"https:\/\/api.w.org\/{rel}","templated":true}]}}