{"id":2711,"date":"2023-05-16T22:56:21","date_gmt":"2023-05-16T20:56:21","guid":{"rendered":"https:\/\/chamarrel.live\/?post_type=product&#038;p=2711"},"modified":"2024-11-02T11:48:22","modified_gmt":"2024-11-02T10:48:22","slug":"brosse-vaisselle-a-recurer-laiton","status":"publish","type":"product","link":"http:\/\/preprod.chamarrel.fr\/de\/unsere-produkte\/accessoires-maison-de\/brosses-ecologiques-de\/brosse-vaisselle-a-recurer-laiton\/","title":{"rendered":"BROSSE VAISSELLE \u00c0 R\u00c9CURER | LAITON"},"content":{"rendered":"<p style=\"font-weight: 400;\">Cette brosse vaisselle fonctionnelle permet de venir \u00e0 bout des surfaces robustes encrass\u00e9es, telle que la fonte, sans les abimer. sa poign\u00e9e ergonomique permet une bonne prise en main qui facilite le travail. Avec ses robustes poils en laiton elle assure le travail l\u00e0 ou les autres brosses vaisselle \u00e9cologiques, plus souples, ne vont pas.<\/p>\n<p style=\"font-weight: 400;\">Un excellent accessoire compl\u00e9mentaire pour la maison z\u00e9ro d\u00e9chet.<\/p>\n<p style=\"font-weight: 400;\">Z\u00e9ro plastique et durable, elle est compos\u00e9e de bois de h\u00eatre.<\/p>\n<p style=\"font-weight: 400;\">Polyvalente, elle peut \u00eatre utilis\u00e9e pour nettoyer la vaisselle mais aussi pour l\u2019entretien de la maison en g\u00e9n\u00e9ral.<\/p>\n<h2 style=\"font-weight: inherit;\">Utilisations<\/h2>\n<p style=\"font-weight: 400;\">Apr\u00e8s chaque utilisation laissez la s\u00e9cher \u00e0 l\u2019air libre, les poils vers le bas.<\/p>\n<h2 style=\"font-weight: inherit;\">Recommandations<\/h2>\n<p style=\"font-weight: 400;\">Avant le premier usage, et de temps en temps, huilez le bois de votre brosse afin de favoriser un usage plus durable.<\/p>\n<p style=\"font-weight: 400;\">Ne laissez pas la brosse dans l&#8217;eau apr\u00e8s usage.<\/p>\n<p style=\"font-weight: 400;\">Ne pas mettre la brosse au lave-vaisselle.<\/p>\n<p style=\"font-weight: 400;\"><strong style=\"font-weight: normal !important;\">N\u2019utilisez pas la brosse\u00a0sur des rev\u00eatements antiadh\u00e9sifs ou d\u2019autres supports fragiles.<\/strong><\/p>\n<p style=\"font-weight: 400;\"><strong style=\"font-weight: normal !important;\">Caract\u00e9ristiques techniques :<\/strong><\/p>\n<p style=\"font-weight: 400;\">&#8211; Bois de h\u00eatre<br \/>\n&#8211; Fils de laiton<br \/>\n&#8211; Fabriqu\u00e9e en Europe<\/p>\n<p style=\"font-weight: 400;\">Diam\u00e8tre des fibres : 50 mm<\/p>\n<p style=\"font-weight: 400;\">Diam\u00eatre du manche : 40 mm<\/p>\n<p style=\"font-weight: 400;\">Hauteur : 77 mm<\/p>\n","protected":false},"excerpt":{"rendered":"<p>Vaisselle en fonte, grille de barbecue, aucune salet\u00e9 ne r\u00e9siste \u00e0 l\u2019efficacit\u00e9 de cette brosse \u00e0 r\u00e9curer aux poils m\u00e9talliques.<br \/>\nBois de h\u00eatre et fils de laiton.<br \/>\nVendue \u00e0 l&#8217;unit\u00e9, en vrac (sans emballage).<br \/>\nDimensions : H 77 mm, diam\u00e8tre 50 mm<br \/>\nVendue sans marquage Chamarrel. Photo non-contractuelle.<\/p>\n","protected":false},"featured_media":4935,"comment_status":"closed","ping_status":"closed","template":"","meta":{"advanced_seo_description":"","jetpack_seo_html_title":"","jetpack_seo_noindex":false},"product_cat":[149,157],"product_tag":[],"class_list":["post-2711","product","type-product","status-publish","has-post-thumbnail","hentry","product_cat-accessoires-maison-de","product_cat-brosses-ecologiques-de"],"acf":[],"_links":{"self":[{"href":"http:\/\/preprod.chamarrel.fr\/de\/wp-json\/wp\/v2\/product\/2711","targetHints":{"allow":["GET"]}}],"collection":[{"href":"http:\/\/preprod.chamarrel.fr\/de\/wp-json\/wp\/v2\/product"}],"about":[{"href":"http:\/\/preprod.chamarrel.fr\/de\/wp-json\/wp\/v2\/types\/product"}],"replies":[{"embeddable":true,"href":"http:\/\/preprod.chamarrel.fr\/de\/wp-json\/wp\/v2\/comments?post=2711"}],"wp:featuredmedia":[{"embeddable":true,"href":"http:\/\/preprod.chamarrel.fr\/de\/wp-json\/wp\/v2\/media\/4935"}],"wp:attachment":[{"href":"http:\/\/preprod.chamarrel.fr\/de\/wp-json\/wp\/v2\/media?parent=2711"}],"wp:term":[{"taxonomy":"product_cat","embeddable":true,"href":"http:\/\/preprod.chamarrel.fr\/de\/wp-json\/wp\/v2\/product_cat?post=2711"},{"taxonomy":"product_tag","embeddable":true,"href":"http:\/\/preprod.chamarrel.fr\/de\/wp-json\/wp\/v2\/product_tag?post=2711"}],"curies":[{"name":"wp","href":"https:\/\/api.w.org\/{rel}","templated":true}]}}