{"id":2572,"date":"2023-05-16T22:07:09","date_gmt":"2023-05-16T20:07:09","guid":{"rendered":"https:\/\/chamarrel.live\/?post_type=product&#038;p=2572"},"modified":"2025-02-24T18:26:04","modified_gmt":"2025-02-24T17:26:04","slug":"essuie-tout-lavable","status":"publish","type":"product","link":"http:\/\/preprod.chamarrel.fr\/de\/unsere-produkte\/en-vrac-sans-emballage-de\/entretien-ecologique-de\/essuie-tout-lavable\/","title":{"rendered":"ESSUIE-TOUT LAVABLE"},"content":{"rendered":"<p>*Essuie-tout lavable disponible en personnalisation \u00e0 votre marque sur demande.<\/p>\n<p>&nbsp;<\/p>\n<p>Fabrication :<\/p>\n<p>Essuie-tout lavables : en \u00e9ponge de bambou certifi\u00e9e Oekotex (90 % viscose de bambou, 10 % polyester)<\/p>\n<p>Dimensions\u00a0:<\/p>\n<p>Essuie-tout lavables : 18 x 18 cm.<\/p>\n<p><strong>Conseils d\u2019utilisation :<\/strong><\/p>\n<p>Conservez votre geste habituel !<\/p>\n<p>Nous proposons ces essuie-tout lavables et une solution de stockage :\u00a0des paniers en toile de jute qui prennent peu de place dans votre cuisine.<\/p>\n<p>Ils peuvent \u00eatre pos\u00e9s ou accroch\u00e9s.<\/p>\n<p>Vos essuie-tout propres sont rang\u00e9s dans un des paniers. Les sales sont rang\u00e9s dans le panier qui a un biais noir cousu, avant d&#8217;\u00eatre lav\u00e9s en machine. Cela permet de distinguer le panier pour le propre et le panier pour le sale.<\/p>\n<p>D\u00e9couvrez\u00a0<a class=\"lien_editeur\" href=\"https:\/\/www.chamarrel.com\/kit-essuietout-lavable-complet-avec-10-essuietout-xml-514-1459.html\">nos paniers qui peuvent contenir jusqu&#8217;\u00e0 20 essuie-tout<\/a>.<\/p>\n<p><a class=\"lien_editeur\" href=\"https:\/\/www.chamarrel.com\/kit-essuietout-lavable-sans-essuietout-xml-514-1458.html\">Nos paniers de rangement sont aussi disponibles sans les essuie-tout !<\/a><\/p>\n<p>Qu&#8217;en est-il de l&#8217;entretien ?<br \/>\nNos essuie-tout peuvent se laver en machine \u00e0 30\u00b0C ou 40\u00b0C.<\/p>\n<p>Fabriqu\u00e9 en France.<\/p>\n<p>&nbsp;<\/p>\n","protected":false},"excerpt":{"rendered":"<p>Arr\u00eatez d\u2019acheter et de jeter de l\u2019essuie-tout !<br \/>\nOptez pour un produit pratique et \u00e9conomique : 5 essuie-tout lavables ultra-absorbants.<br \/>\nFabriqu\u00e9 en France en \u00e9ponge de bambou certifi\u00e9 Oeko-Tex.<br \/>\nDisponible en 3 coloris : gris, \u00e9cru ou violet.<br \/>\nTaille : 18 x 18 cm<\/p>\n<p>*Produit disponible en personnalisation \u00e0 votre marque sur demande.<\/p>\n","protected":false},"featured_media":4371,"comment_status":"open","ping_status":"closed","template":"","meta":{"advanced_seo_description":"","jetpack_seo_html_title":"","jetpack_seo_noindex":false},"product_cat":[363,149,213],"product_tag":[359],"class_list":["post-2572","product","type-product","status-publish","has-post-thumbnail","hentry","product_cat-export2lhdm-de","product_cat-accessoires-maison-de","product_cat-entretien-ecologique-de","product_tag-export2lhdm-de"],"acf":[],"_links":{"self":[{"href":"http:\/\/preprod.chamarrel.fr\/de\/wp-json\/wp\/v2\/product\/2572","targetHints":{"allow":["GET"]}}],"collection":[{"href":"http:\/\/preprod.chamarrel.fr\/de\/wp-json\/wp\/v2\/product"}],"about":[{"href":"http:\/\/preprod.chamarrel.fr\/de\/wp-json\/wp\/v2\/types\/product"}],"replies":[{"embeddable":true,"href":"http:\/\/preprod.chamarrel.fr\/de\/wp-json\/wp\/v2\/comments?post=2572"}],"wp:featuredmedia":[{"embeddable":true,"href":"http:\/\/preprod.chamarrel.fr\/de\/wp-json\/wp\/v2\/media\/4371"}],"wp:attachment":[{"href":"http:\/\/preprod.chamarrel.fr\/de\/wp-json\/wp\/v2\/media?parent=2572"}],"wp:term":[{"taxonomy":"product_cat","embeddable":true,"href":"http:\/\/preprod.chamarrel.fr\/de\/wp-json\/wp\/v2\/product_cat?post=2572"},{"taxonomy":"product_tag","embeddable":true,"href":"http:\/\/preprod.chamarrel.fr\/de\/wp-json\/wp\/v2\/product_tag?post=2572"}],"curies":[{"name":"wp","href":"https:\/\/api.w.org\/{rel}","templated":true}]}}