{"id":2463,"date":"2023-05-16T17:17:18","date_gmt":"2023-05-16T15:17:18","guid":{"rendered":"https:\/\/chamarrel.live\/?post_type=product&#038;p=2463"},"modified":"2024-10-29T22:58:10","modified_gmt":"2024-10-29T21:58:10","slug":"15-perles-de-ceramique-roses","status":"publish","type":"product","link":"http:\/\/preprod.chamarrel.fr\/de\/unsere-produkte\/traitement-de-leau-de\/perles-de-ceramique-de\/15-perles-de-ceramique-roses\/","title":{"rendered":"15 PERLES DE C\u00c9RAMIQUE | ROSES"},"content":{"rendered":"<div class=\"jetpack-video-wrapper\"><iframe loading=\"lazy\" title=\"Perles de c\u00e9ramique Chamarrel | Accessoire z\u00e9ro d\u00e9chet\" width=\"640\" height=\"360\" src=\"https:\/\/www.youtube.com\/embed\/iWXkZgu9AYo?feature=oembed\" frameborder=\"0\" allow=\"accelerometer; autoplay; clipboard-write; encrypted-media; gyroscope; picture-in-picture; web-share\" referrerpolicy=\"strict-origin-when-cross-origin\" allowfullscreen><\/iframe><\/div>\n<p>UTILISATION DES C\u00c9RAMIQUES EM<\/p>\n<p>EM c\u00e9ramique n\u2019est pas un d\u00e9tartrant, mais neutralise le d\u00e9p\u00f4t de calcaire.<\/p>\n<p>Les perles de c\u00e9ramique (ou tubes) sont d\u00b4une taille de 10,08 mm. Elles servent notamment au traitement de l\u00b4eau. Leur forme et leur structure permettent un contact optimal avec l\u00b4eau gr\u00e2ce \u00e0 une grande surface de contact (argile).<\/p>\n<p>Utilisation des EM dans les jardins avec Microferm et EM-A+ et EM-1<\/p>\n<p>EMPLOI<\/p>\n<p>Ces quantit\u00e9s sont donn\u00e9es \u00e0 titre indicatif et, selon la qualit\u00e9 de l&#8217;eau notamment, peuvent \u00eatre revues \u00e0 la hausse voire doubl\u00e9es selon l&#8217;efficacit\u00e9 constat\u00e9e.<\/p>\n<p>&#8211; 1 filet de 500g pour 10 000 litres d&#8217;eau courante<br \/>\n&#8211; 12 perles de c\u00e9ramique dans la bouilloire d&#8217;1L<br \/>\n&#8211; 12 perles de c\u00e9ramique dans une carafe d&#8217;eau d&#8217;1L<br \/>\n&#8211; 50 perles de c\u00e9ramique dans un gant de toilette et \u00e0 chaque lavage dans la machine \u00e0 laver. Veillez \u00e0 ce que les perles restent bien enferm\u00e9es dans leur contenant.<br \/>\n&#8211; Placez 12 perles de c\u00e9ramique sur un morceau solide de fil de nylon sur le haut du lave-vaisselle ou dans le bac \u00e0 couverts<br \/>\n&#8211; 12 perles de c\u00e9ramique dans la corbeille \u00e0 fruits<br \/>\n&#8211; Quelques perles de c\u00e9ramiques dans la chasse d&#8217;eau des toilettes, ou de pr\u00e9f\u00e9rence une m\u00e9ga-perle de c\u00e9ramique.<br \/>\n&#8211; Quelques perles de c\u00e9ramique dans chaque pot de fleurs ou vase<br \/>\n&#8211; 350 perles de c\u00e9ramique dans le r\u00e9servoir d&#8217;eau de pluie, dans le filtre ou le r\u00e9servoir d&#8217;eau de l&#8217;aquarium<\/p>\n<p>EAU ET CRUCHE A BOISSONS<\/p>\n<p>Remplir d\u00b4eau du robinet puis ajouter les perles de c\u00e9ramique EM.<\/p>\n<p>Rajouter constamment de l\u00b4eau pour une efficacit\u00e9 plus rapide.<\/p>\n<p>Les perles de c\u00e9ramique se conservent 10 ans et, de ce fait, peuvent \u00eatre r\u00e9employ\u00e9s \u00e0 volont\u00e9. L\u00b4eau se transforme en une excellente eau rafraichisante et pure. Le chlore est pi\u00e9g\u00e9 par les c\u00e9ramiques, les accumulations de mol\u00e9cules dues en grande partie aux impuret\u00e9s se dissocient- ce qui rend l\u00b4eau plus flexible et meilleur porteur pour les substances essentielles pour notre organisme. Les \u00e9l\u00e9ments impurs contenus dans l\u00b4eau sont retenus par les antioxydants de notre organisme et sont successivement \u00e9limin\u00e9s.<\/p>\n<p>BOUILLOIRES, CAFETIERES CASSEROLES<\/p>\n<p>Les perles de c\u00e9ramique grises ne sont pas d\u00e9truites par les hautes temp\u00e9ratures du r\u00e9chaud (argile cuite \u00e0 1200\u00b0C.). En revanche, il ne faut pas y ajouter les perles de c\u00e9ramique roses qui risqueraient de se d\u00e9sagr\u00e9ger rapidement. N&#8217;\u00e9tant cuites qu&#8217;\u00e0 800\u00b0C. , elles sont plus poreuses et plus fragiles.<\/p>\n<p>Vous pouvez \u00e9galement utiliser une figurine sp\u00e9ciale cuisson.<\/p>\n<p>LAVE-VAISSELLE<\/p>\n<p>Mettre des perles de c\u00e9ramique isol\u00e9es (sac tissu) dans le panier \u00e0 couverts. De ce fait, la quantit\u00e9 de produit vaisselle \u00e0 utiliser se r\u00e9duit de moiti\u00e9. Malgr\u00e9 cela, votre vaisselle et vos couverts seront propres et brillants.<\/p>\n<p>LAVE-LINGE<\/p>\n<p>On pourra, par exemple, enfermer les perles de c\u00e9ramiques dans un gant de toilette ou sac tissu, de cette fa\u00e7on, ils prendront automatiquement part au processus de lavage.<\/p>\n<p>BAIGNOIRE<\/p>\n<p>Lors du bain, il suffira de les mettre dans l\u00b4eau de la baignoire, ou bien, de mettre les perles de c\u00e9ramique dans un gant de toilette ou une autre poche de tissu. Le gant de toilette pourra, par la suite, \u00eatre lav\u00e9 en machine. Il existe \u00e9galement la c\u00e9ramique EM en figurine sp\u00e9ciale pour le bain. Munie d&#8217;une ventouse, elle se fixe ais\u00e9ment dans la baignoire.<\/p>\n<p>R\u00c9SERVOIR DE CHASSE D&#8217;EAU &#8211; WC<\/p>\n<p>En utilisant les tubes EM, fini l\u00b4emploi de capsules d\u00e9sinfectantes chimiques et d\u00e9tartrantes. (Pierres WC ou autres).<\/p>\n<p>EAU D&#8217;ARROSAGE<\/p>\n<p>Toutes les plantes donnent l\u00b4impression de se sentir tr\u00e8s \u00e0 l\u00b4aise quand elles sont trait\u00e9es avec l\u00b4eau dans laquelle se trouvent les perles de c\u00e9ramique EM. Elles sont tr\u00e8s vivaces, fleurissent et produisent r\u00e9guli\u00e8rement des fruits. Il suffit de mettre quelques perles de c\u00e9ramique dans l\u00b4arrosoir (20 \u00e0 30 perles pour 10 litres).<\/p>\n<p>EAU DE RINCAGE &#8211; SALADE, FRUITS ET L\u00c9GUMES<\/p>\n<p>Mettre quelques perles de c\u00e9ramique dans l\u00b4eau de lavage et laisser agir 10 minutes.<\/p>\n<p>Les perles de c\u00e9ramiques sont aussi conseill\u00e9s pour une conservation plus longue et une meilleure fra\u00eecheur.<\/p>\n<p>M\u00eame dans le cas de l\u00e9gumes d\u00e9j\u00e0 nettoy\u00e9s, mettre quelques perles de c\u00e9ramiques dans le r\u00e9cipient ou le sachet.<\/p>\n<p>AQUARIUM<br \/>\nChaque propri\u00e9taire d\u00b4aquarium devrait conna\u00eetre les perles de c\u00e9ramique dans son magasin d&#8217;accessoires pour aquariums. Les tubes c\u00e9ramiques EM ont en plus les facult\u00e9s d\u00e9crites ci-dessus.<\/p>\n<p>Ils peuvent \u00eatre plac\u00e9s aussi bien dans le filtre int\u00e9rieur ou ext\u00e9rieur, que dans un coin de l\u00b4aquarium.<\/p>\n<p>Les produits n\u00e9cessaires \u00e0 la pr\u00e9paration de l\u00b4eau employ\u00e9s couramment, les engrais pour plantes ainsi que les anhydrides carboniques engendr\u00e9s dans l\u00b4eau des aquariums ne seront aucunement g\u00ean\u00e9s dans leur action globale.<\/p>\n<p>Gr\u00e2ce aux perles de c\u00e9ramique EM, l\u00b4eau restera plus longtemps limpide, ce qui espacera les changements d\u00b4eau.<\/p>\n","protected":false},"excerpt":{"rendered":"<p>15 Perles de C\u00e9ramique EM roses pour carafes et pichets uniquement. Quantit\u00e9 moyenne pour une carafe d&#8217;un litre. A ajuster \u00e0 votre convenance.<br \/>\nCuites \u00e0 800\u00b0 C., les perles de c\u00e9ramiques roses sont poreuses ce qui leur donne leur pouvoir d&#8217;adsorption.<br \/>\nArgile et micro-organismes utiles naturels non manipul\u00e9s.<br \/>\nBo\u00eete en carton 100% recyclable. Dur\u00e9e de vie : 6 mois environ.<\/p>\n<p>Alternative z\u00e9ro d\u00e9chet. Emballage: carton recyclable.<br \/>\nContient une notice bilingue fran\u00e7ais\/anglais<br \/>\nDimension de la bo\u00eete : 80 x 50 x 15 mm (Hauteur 70 mm avec la languette de mise en rayon)<br \/>\nAlternative z\u00e9ro d\u00e9chet. Emballage: carton recyclable.<br \/>\nContient une notice bilingue fran\u00e7ais\/anglais<br \/>\nDimension des bo\u00eetes : H 50 x 50 x 15 mm (Hauteur 70 mm avec la languette de mise en rayon)<\/p>\n","protected":false},"featured_media":2468,"comment_status":"closed","ping_status":"closed","template":"","meta":{"advanced_seo_description":"","jetpack_seo_html_title":"","jetpack_seo_noindex":false},"product_cat":[149,247,271],"product_tag":[],"class_list":["post-2463","product","type-product","status-publish","has-post-thumbnail","hentry","product_cat-accessoires-maison-de","product_cat-traitement-de-leau-de","product_cat-perles-de-ceramique-de"],"acf":[],"_links":{"self":[{"href":"http:\/\/preprod.chamarrel.fr\/de\/wp-json\/wp\/v2\/product\/2463","targetHints":{"allow":["GET"]}}],"collection":[{"href":"http:\/\/preprod.chamarrel.fr\/de\/wp-json\/wp\/v2\/product"}],"about":[{"href":"http:\/\/preprod.chamarrel.fr\/de\/wp-json\/wp\/v2\/types\/product"}],"replies":[{"embeddable":true,"href":"http:\/\/preprod.chamarrel.fr\/de\/wp-json\/wp\/v2\/comments?post=2463"}],"wp:featuredmedia":[{"embeddable":true,"href":"http:\/\/preprod.chamarrel.fr\/de\/wp-json\/wp\/v2\/media\/2468"}],"wp:attachment":[{"href":"http:\/\/preprod.chamarrel.fr\/de\/wp-json\/wp\/v2\/media?parent=2463"}],"wp:term":[{"taxonomy":"product_cat","embeddable":true,"href":"http:\/\/preprod.chamarrel.fr\/de\/wp-json\/wp\/v2\/product_cat?post=2463"},{"taxonomy":"product_tag","embeddable":true,"href":"http:\/\/preprod.chamarrel.fr\/de\/wp-json\/wp\/v2\/product_tag?post=2463"}],"curies":[{"name":"wp","href":"https:\/\/api.w.org\/{rel}","templated":true}]}}