{"id":1359,"date":"2023-05-09T12:54:54","date_gmt":"2023-05-09T10:54:54","guid":{"rendered":"https:\/\/chamarrel.live\/?post_type=product&#038;p=1359"},"modified":"2024-10-30T23:09:22","modified_gmt":"2024-10-30T22:09:22","slug":"demaquillant-solide","status":"publish","type":"product","link":"http:\/\/preprod.chamarrel.fr\/de\/unsere-produkte\/cosmetique-solide-de\/demaquillant-solide-de\/demaquillant-solide\/","title":{"rendered":"NETTOYANT VISAGE &#038; D\u00c9MAQUILLANT SOLIDE"},"content":{"rendered":"<div>\n<p><strong>Conseils d\u2019utilisation<\/strong>\u00a0: Formul\u00e9 sous contr\u00f4le dermatologique, le d\u00e9maquillant est doux et facile \u00e0 utiliser. Frottez-le simplement directement sur votre visage humide, ou, si vous le pr\u00e9f\u00e9rez, sur un coton lavable humide.<\/p>\n<p>Sans parfum, il convient aux peaux normales et aux femmes enceintes.<br \/>\n<strong>Pr\u00e9cautions<\/strong>\u00a0: Conservez votre d\u00e9maquillant dans un endroit sec. La bo\u00eete est une bo\u00eete de transport. Ne pas placer le produit humide dans la bo\u00eete ferm\u00e9e. Du fait de sa composition naturelle, il risquerait de moisir en surface.<br \/>\n<strong>Composition inci<\/strong><\/p>\n<p>Helianthus Annuus Seed Oil*, Polyglyceryl-2 Stearate, Glyceryl Stearate, Butyrospermum Parkii Butter*, Stearyl Alcohol, Zea Mays Starch*, Cetearyl Alcohol, Corylus Avellana Seed Oil*, Decyl Glucoside, Aqua, Tocopherol, Helianthus Annuus Hybrid Oil*, Helichrysum Arenarium Flower Extract*, Kaolin, Illite.<\/p>\n<p>*Ingr\u00e9dients issus de l\u2019agriculture biologique<\/p>\n<\/div>\n<div>\n<p dir=\"ltr\">\n<\/div>\n","protected":false},"excerpt":{"rendered":"<p>D\u00e9maquillant et nettoyant solide. Fabriqu\u00e9 en<br \/>\nFrance.<br \/>\nFormule 100% d\u2019origine naturelle.<br \/>\nAgr\u00e9able et doux \u00e0 l\u2019usage \u00ab Le nuage \u00bb \u00e9limine les<br \/>\nimpuret\u00e9s.<br \/>\nEfficace m\u00eame sur du maquillage waterproof.<br \/>\nUsage longue dur\u00e9e. Galet de 35 g.<br \/>\nMarque : ManaMani<\/p>\n","protected":false},"featured_media":4076,"comment_status":"open","ping_status":"closed","template":"","meta":{"advanced_seo_description":"","jetpack_seo_html_title":"","jetpack_seo_noindex":false},"product_cat":[186,192],"product_tag":[],"class_list":["post-1359","product","type-product","status-publish","has-post-thumbnail","hentry","product_cat-cosmetique-solide-de","product_cat-demaquillant-solide-de"],"acf":[],"_links":{"self":[{"href":"http:\/\/preprod.chamarrel.fr\/de\/wp-json\/wp\/v2\/product\/1359","targetHints":{"allow":["GET"]}}],"collection":[{"href":"http:\/\/preprod.chamarrel.fr\/de\/wp-json\/wp\/v2\/product"}],"about":[{"href":"http:\/\/preprod.chamarrel.fr\/de\/wp-json\/wp\/v2\/types\/product"}],"replies":[{"embeddable":true,"href":"http:\/\/preprod.chamarrel.fr\/de\/wp-json\/wp\/v2\/comments?post=1359"}],"wp:featuredmedia":[{"embeddable":true,"href":"http:\/\/preprod.chamarrel.fr\/de\/wp-json\/wp\/v2\/media\/4076"}],"wp:attachment":[{"href":"http:\/\/preprod.chamarrel.fr\/de\/wp-json\/wp\/v2\/media?parent=1359"}],"wp:term":[{"taxonomy":"product_cat","embeddable":true,"href":"http:\/\/preprod.chamarrel.fr\/de\/wp-json\/wp\/v2\/product_cat?post=1359"},{"taxonomy":"product_tag","embeddable":true,"href":"http:\/\/preprod.chamarrel.fr\/de\/wp-json\/wp\/v2\/product_tag?post=1359"}],"curies":[{"name":"wp","href":"https:\/\/api.w.org\/{rel}","templated":true}]}}