{"id":1315,"date":"2023-05-09T12:31:08","date_gmt":"2023-05-09T10:31:08","guid":{"rendered":"https:\/\/chamarrel.live\/?post_type=product&#038;p=1315"},"modified":"2024-10-30T22:13:43","modified_gmt":"2024-10-30T21:13:43","slug":"shampoing-solide-zero-dechet","status":"publish","type":"product","link":"http:\/\/preprod.chamarrel.fr\/de\/unsere-produkte\/cosmetique-solide-de\/shampoing-solide-de\/shampoing-solide-zero-dechet\/","title":{"rendered":"SHAMPOING SOLIDE | Z\u00c9RO D\u00c9CHET"},"content":{"rendered":"<p>Shampoing solide<\/p>\n<p>COMPOSITION INCI<\/p>\n<p>Tous cheveux : Sodium Cocoyl Isethionate, Helianthus Annuus Seed Oil*, Distearoylethyl Dimonium Chloride, Cetearyl Alcohol, Decyl Glucoside, Aqua, Candelilla Cera, Kaolin, Parfum.<\/p>\n<p>Cheveux gras : Sodium Cocoyl Isethionate, Distearoylethyl Dimonium Chloride, Helianthus Annuus Seed Oil*, Cetearyl Alcohol, Decyl Glucoside, Coryfus Avellana Seed Oil*, Aqua, Candelilla Cera, Kaolin, Parfum.<\/p>\n<p>Cheveux secs : Sodium Cocoyl Isethionate, Distearoylethyl Dimonium Chloride, Helianthus Annuus Seed Oil*, Cetearyl Alcohol, Decyl Glucoside, Triticum Vulgare Germ Oil*, Aqua, Candelilla Cera, Parfum, Kaolin.<\/p>\n<p>* Ingr\u00e9dients issus de l\u2019agriculture biologique<\/p>\n","protected":false},"excerpt":{"rendered":"<p>Le shampoing qui r\u00e9concilie d\u00e9finitivement avec le solide. Fabriqu\u00e9 en France sans aucun sulfate, ni silicone, ni colorant, ni conservateur. Formule simple et exigeante respectueuse de la sant\u00e9 et de l\u2019environnement. Juste quantit\u00e9 de mousse et application facile.<br \/>\nConvient aux femmes enceintes, allaitantes et aux enfants. Forme ergonomique. Laisse les cheveux soyeux sans apr\u00e8s-shampoing.<br \/>\nShampoing conditionneur 70 g.<br \/>\n3 d\u00e9clinaisons :<br \/>\nL\u2019Indispensable | Tous cheveux : Huile de Tournesol, argile blanche et parfum d\u2019origine naturelle.<br \/>\nLe Vertueux | Cheveux gras : Huile de noisette, argile verte et parfum d\u2019origine naturelle.<br \/>\nLe G\u00e9n\u00e9reux | Cheveux secs : Huile de germe de bl\u00e9, argile rouge et parfum d\u2019origine naturelle.<br \/>\nMarque : ManaMani<\/p>\n","protected":false},"featured_media":3757,"comment_status":"open","ping_status":"closed","template":"","meta":{"advanced_seo_description":"","jetpack_seo_html_title":"","jetpack_seo_noindex":false},"product_cat":[186,200],"product_tag":[],"class_list":["post-1315","product","type-product","status-publish","has-post-thumbnail","hentry","product_cat-cosmetique-solide-de","product_cat-shampoing-solide-de"],"acf":[],"_links":{"self":[{"href":"http:\/\/preprod.chamarrel.fr\/de\/wp-json\/wp\/v2\/product\/1315","targetHints":{"allow":["GET"]}}],"collection":[{"href":"http:\/\/preprod.chamarrel.fr\/de\/wp-json\/wp\/v2\/product"}],"about":[{"href":"http:\/\/preprod.chamarrel.fr\/de\/wp-json\/wp\/v2\/types\/product"}],"replies":[{"embeddable":true,"href":"http:\/\/preprod.chamarrel.fr\/de\/wp-json\/wp\/v2\/comments?post=1315"}],"wp:featuredmedia":[{"embeddable":true,"href":"http:\/\/preprod.chamarrel.fr\/de\/wp-json\/wp\/v2\/media\/3757"}],"wp:attachment":[{"href":"http:\/\/preprod.chamarrel.fr\/de\/wp-json\/wp\/v2\/media?parent=1315"}],"wp:term":[{"taxonomy":"product_cat","embeddable":true,"href":"http:\/\/preprod.chamarrel.fr\/de\/wp-json\/wp\/v2\/product_cat?post=1315"},{"taxonomy":"product_tag","embeddable":true,"href":"http:\/\/preprod.chamarrel.fr\/de\/wp-json\/wp\/v2\/product_tag?post=1315"}],"curies":[{"name":"wp","href":"https:\/\/api.w.org\/{rel}","templated":true}]}}