{"id":822,"date":"2023-04-23T18:36:55","date_gmt":"2023-04-23T16:36:55","guid":{"rendered":"https:\/\/chamarrel.live\/livraison-paiement\/"},"modified":"2023-04-25T02:54:43","modified_gmt":"2023-04-25T00:54:43","slug":"livraison-paiement","status":"publish","type":"page","link":"http:\/\/preprod.chamarrel.fr\/de\/livraison-paiement\/","title":{"rendered":"Livraison \/ Paiement"},"content":{"rendered":"\n<p>Clients particuliers : Frais de port forfaitaires en France m\u00e9tropolitaine<\/p>\n\n\n\n<p><strong>Port offert d\u00e8s&nbsp;45\u20ac d&#8217;achat<\/strong><\/p>\n\n\n\n<p>Avec La&nbsp;Poste en&nbsp;<strong>Lettre Simple<\/strong>&nbsp;pour&nbsp;3 cm d&#8217;\u00e9paisseur&nbsp;et 220 g maximum :&nbsp;<strong>2,99 \u20ac TTC.<\/strong><\/p>\n\n\n\n<p>Attention, ce mode d&#8217;envoi \u00e9conomique ne b\u00e9n\u00e9ficie ni de suivi ni d&#8217;assurance en cas de pli non distribu\u00e9 !<\/p>\n\n\n\n<p>Livraison de colis avec GLS ou Colissimo&nbsp;en&nbsp;<strong>Colis&nbsp;Suivi<\/strong>&nbsp;:&nbsp;<strong>6,00 \u20ac TTC<\/strong><\/p>\n\n\n\n<p>Les frais de port sont calcul\u00e9s au poids pour les autres destinations et pour les livraisons Express (Chronopost) en France.<\/p>\n\n\n\n<p>Ils sont disponibles avant validation finale de la commande.<\/p>\n\n\n\n<p>Lors de la r\u00e9ception, cont\u00f4lez bien l&#8217;\u00e9tat g\u00e9n\u00e9ral de l&#8217;emballage.<\/p>\n\n\n\n<p>En cas de gros choc, trou, \u00e9crasement ou autre, refusez le colis, ou bien ouvrez le colis devant le facteur ou transporteur et faites&nbsp;constater ou refusez.<\/p>\n\n\n\n<p>Gardez bien en m\u00e9moire que &#8222;Sous r\u00e9serve de d\u00e9ballage&#8220; n&#8217;a&nbsp;<em><strong>aucune valeur l\u00e9gale<\/strong><\/em>.<\/p>\n\n\n\n<p>Chamarrel vous propose plusieurs possiblit\u00e9s de r\u00e9glement.<\/p>\n\n\n\n<ul class=\"wp-block-list\">\n<li><strong>R\u00e9glement s\u00e9curis\u00e9 par CB, Visa, Mastercard via notre banque CIC (Monetico Paiement) ;<\/strong><\/li>\n\n\n\n<li><strong>R\u00e9glement s\u00e9curis\u00e9 avec Paypal ;&nbsp;<\/strong><\/li>\n\n\n\n<li><strong>R\u00e9glement par virement&nbsp;<\/strong><strong>(<u>envoi diff\u00e9r\u00e9<\/u>&nbsp;jusqu&#8217;\u00e0 r\u00e9ception effective) ;<\/strong><\/li>\n\n\n\n<li><strong>R\u00e9glement par ch\u00e8que (<u>envoi diff\u00e9r\u00e9<\/u>&nbsp;jusqu&#8217;\u00e0 encaissement effectif).<\/strong><\/li>\n<\/ul>\n","protected":false},"excerpt":{"rendered":"<p>Clients particuliers : Frais de port forfaitaires en France m\u00e9tropolitaine Port offert d\u00e8s&nbsp;45\u20ac d&#8217;achat Avec La&nbsp;Poste en&nbsp;Lettre Simple&nbsp;pour&nbsp;3 cm d&#8217;\u00e9paisseur&nbsp;et 220 g maximum :&nbsp;2,99 \u20ac TTC. Attention, ce mode d&#8217;envoi \u00e9conomique ne b\u00e9n\u00e9ficie ni de suivi ni d&#8217;assurance en cas de pli non distribu\u00e9 ! Livraison de colis avec GLS ou Colissimo&nbsp;en&nbsp;Colis&nbsp;Suivi&nbsp;:&nbsp;6,00 \u20ac TTC Les [&hellip;]<\/p>\n","protected":false},"author":2,"featured_media":0,"parent":0,"menu_order":0,"comment_status":"closed","ping_status":"closed","template":"","meta":{"advanced_seo_description":"","jetpack_seo_html_title":"","jetpack_seo_noindex":false,"footnotes":""},"class_list":["post-822","page","type-page","status-publish","hentry"],"acf":[],"_links":{"self":[{"href":"http:\/\/preprod.chamarrel.fr\/de\/wp-json\/wp\/v2\/pages\/822","targetHints":{"allow":["GET"]}}],"collection":[{"href":"http:\/\/preprod.chamarrel.fr\/de\/wp-json\/wp\/v2\/pages"}],"about":[{"href":"http:\/\/preprod.chamarrel.fr\/de\/wp-json\/wp\/v2\/types\/page"}],"author":[{"embeddable":true,"href":"http:\/\/preprod.chamarrel.fr\/de\/wp-json\/wp\/v2\/users\/2"}],"replies":[{"embeddable":true,"href":"http:\/\/preprod.chamarrel.fr\/de\/wp-json\/wp\/v2\/comments?post=822"}],"version-history":[{"count":1,"href":"http:\/\/preprod.chamarrel.fr\/de\/wp-json\/wp\/v2\/pages\/822\/revisions"}],"predecessor-version":[{"id":825,"href":"http:\/\/preprod.chamarrel.fr\/de\/wp-json\/wp\/v2\/pages\/822\/revisions\/825"}],"wp:attachment":[{"href":"http:\/\/preprod.chamarrel.fr\/de\/wp-json\/wp\/v2\/media?parent=822"}],"curies":[{"name":"wp","href":"https:\/\/api.w.org\/{rel}","templated":true}]}}